{"id":669550,"date":"2025-06-13T12:58:19","date_gmt":"2025-06-13T09:58:19","guid":{"rendered":"https:\/\/nextsnkr.com\/product\/ash-black-no-brand\/"},"modified":"2026-02-02T13:51:45","modified_gmt":"2026-02-02T10:51:45","slug":"ash-black-no-brand","status":"publish","type":"product","link":"https:\/\/nextsnkr.com\/lv\/product\/ash-black-no-brand\/","title":{"rendered":"Pelnu melnas \u010d\u012bbas &#8211; stil\u012bgas tekstila \u010d\u012bbas meln\u0101 kr\u0101s\u0101"},"content":{"rendered":"<h2>Pelnu melnas \u010d\u012bbas &#8211; stil\u012bgas tekstila \u010d\u012bbas meln\u0101 kr\u0101s\u0101<\/h2>\n<p>&nbsp;<\/p>\n<p>Pelnu Meln\u0101s kedas ir izgatavotas no tekstilizstr\u0101d\u0101jumu un eko \u0101das kombin\u0101cijas, kas nodro\u0161ina vieglumu, komfortu un nodilumiztur\u012bbu. Pateicoties daudzpus\u012bgajam melnajam dizainam, modelis ir piem\u0113rots ikdienas valk\u0101\u0161anai, pastaig\u0101m un \u0101ra aktivit\u0101t\u0113m. M\u012bkst\u0101 zole labi amortiz\u0113 un atbalsta p\u0113du, nodro\u0161inot \u0113rt\u012bbas visas dienas garum\u0101. Praktiskas, modernas un \u0113rtas ir lieliska izv\u0113le tiem, kas katru dienu mekl\u0113 uzticamas kedas.<\/p>\n","protected":false},"excerpt":{"rendered":"<p>Pelnu Meln\u0101s kedas ir izgatavotas no tekstilizstr\u0101d\u0101jumu un eko \u0101das kombin\u0101cijas, kas nodro\u0161ina vieglumu, komfortu un nodilumiztur\u012bbu. Pateicoties daudzpus\u012bgajam melnajam dizainam, modelis ir piem\u0113rots ikdienas valk\u0101\u0161anai, pastaig\u0101m un \u0101ra aktivit\u0101t\u0113m. M\u012bkst\u0101 zole labi amortiz\u0113 un atbalsta p\u0113du, nodro\u0161inot \u0113rt\u012bbas visas dienas garum\u0101. Praktiskas, modernas un \u0113rtas ir lieliska izv\u0113le tiem, kas katru dienu mekl\u0113 uzticamas kedas.<\/p>\n","protected":false},"featured_media":669553,"comment_status":"open","ping_status":"open","template":"","meta":[],"product_brand":[],"product_cat":[3251,3252],"product_tag":[],"class_list":{"0":"post-669550","1":"product","2":"type-product","3":"status-publish","4":"has-post-thumbnail","6":"product_cat-all-product","7":"product_cat-krosivky","8":"pa_rozmir-910","9":"pa_rozmir-912","10":"pa_rozmir-914","11":"pa_rozmir-915","12":"pa_rozmir-916","13":"pa_rozmir-917","14":"pa_rozmir-918","15":"pa_rozmir-919","16":"pa_rozmir-920","17":"pa_rozmir-921","18":"pa_rozmir-922","20":"first","21":"onbackorder","22":"purchasable","23":"product-type-variable"},"_links":{"self":[{"href":"https:\/\/nextsnkr.com\/lv\/wp-json\/wp\/v2\/product\/669550","targetHints":{"allow":["GET"]}}],"collection":[{"href":"https:\/\/nextsnkr.com\/lv\/wp-json\/wp\/v2\/product"}],"about":[{"href":"https:\/\/nextsnkr.com\/lv\/wp-json\/wp\/v2\/types\/product"}],"replies":[{"embeddable":true,"href":"https:\/\/nextsnkr.com\/lv\/wp-json\/wp\/v2\/comments?post=669550"}],"version-history":[{"count":0,"href":"https:\/\/nextsnkr.com\/lv\/wp-json\/wp\/v2\/product\/669550\/revisions"}],"wp:featuredmedia":[{"embeddable":true,"href":"https:\/\/nextsnkr.com\/lv\/wp-json\/wp\/v2\/media\/669553"}],"wp:attachment":[{"href":"https:\/\/nextsnkr.com\/lv\/wp-json\/wp\/v2\/media?parent=669550"}],"wp:term":[{"taxonomy":"product_brand","embeddable":true,"href":"https:\/\/nextsnkr.com\/lv\/wp-json\/wp\/v2\/product_brand?post=669550"},{"taxonomy":"product_cat","embeddable":true,"href":"https:\/\/nextsnkr.com\/lv\/wp-json\/wp\/v2\/product_cat?post=669550"},{"taxonomy":"product_tag","embeddable":true,"href":"https:\/\/nextsnkr.com\/lv\/wp-json\/wp\/v2\/product_tag?post=669550"}],"curies":[{"name":"wp","href":"https:\/\/api.w.org\/{rel}","templated":true}]}}