{"id":666925,"date":"2025-06-13T13:03:23","date_gmt":"2025-06-13T10:03:23","guid":{"rendered":"https:\/\/nextsnkr.com\/product\/lv-neverfull-pink\/"},"modified":"2026-02-02T13:49:52","modified_gmt":"2026-02-02T10:49:52","slug":"lv-neverfull-pink","status":"publish","type":"product","link":"https:\/\/nextsnkr.com\/lv\/product\/lv-neverfull-pink\/","title":{"rendered":"LV Neverfull Pink eko \u0101das soma-stil\u012bga un ietilp\u012bga"},"content":{"rendered":"<h2>LV Neverfull Pink eko \u0101das soma-stil\u012bga un ietilp\u012bga<\/h2>\n<p>&nbsp;<\/p>\n<p>Soma LV Neverfull Pink-elegants aksesu\u0101rs smalk\u0101 roz\u0101 kr\u0101s\u0101, Izgatavots no kvalitat\u012bvas eko \u0101das. Modelim ir ietilp\u012bgs galvenais nodal\u012bjums, \u0113rti rokturi un daudzpus\u012bgs dizains, kas piem\u0113rots gan ikdienas lieto\u0161anai, gan ce\u013co\u0161anai. Viegla, praktiska un iztur\u012bga pret nodilumu, \u0161\u012b soma b\u016bs stil\u012bgs garderobes papildin\u0101jums un uzticama izv\u0113le m\u016bsdienu sievietei.<\/p>\n","protected":false},"excerpt":{"rendered":"<p>Soma LV Neverfull Pink-elegants aksesu\u0101rs smalk\u0101 roz\u0101 kr\u0101s\u0101, Izgatavots no kvalitat\u012bvas eko \u0101das. Modelim ir ietilp\u012bgs galvenais nodal\u012bjums, \u0113rti rokturi un daudzpus\u012bgs dizains, kas piem\u0113rots gan ikdienas lieto\u0161anai, gan ce\u013co\u0161anai. Viegla, praktiska un iztur\u012bga pret nodilumu, \u0161\u012b soma b\u016bs stil\u012bgs garderobes papildin\u0101jums un uzticama izv\u0113le m\u016bsdienu sievietei.<\/p>\n","protected":false},"featured_media":666926,"comment_status":"open","ping_status":"open","template":"","meta":[],"product_brand":[],"product_cat":[3251,3484],"product_tag":[],"class_list":{"0":"post-666925","1":"product","2":"type-product","3":"status-publish","4":"has-post-thumbnail","6":"product_cat-all-product","7":"product_cat-sumky","8":"pa_rozmir-sale","10":"first","11":"instock","12":"purchasable","13":"product-type-simple"},"_links":{"self":[{"href":"https:\/\/nextsnkr.com\/lv\/wp-json\/wp\/v2\/product\/666925","targetHints":{"allow":["GET"]}}],"collection":[{"href":"https:\/\/nextsnkr.com\/lv\/wp-json\/wp\/v2\/product"}],"about":[{"href":"https:\/\/nextsnkr.com\/lv\/wp-json\/wp\/v2\/types\/product"}],"replies":[{"embeddable":true,"href":"https:\/\/nextsnkr.com\/lv\/wp-json\/wp\/v2\/comments?post=666925"}],"version-history":[{"count":0,"href":"https:\/\/nextsnkr.com\/lv\/wp-json\/wp\/v2\/product\/666925\/revisions"}],"wp:featuredmedia":[{"embeddable":true,"href":"https:\/\/nextsnkr.com\/lv\/wp-json\/wp\/v2\/media\/666926"}],"wp:attachment":[{"href":"https:\/\/nextsnkr.com\/lv\/wp-json\/wp\/v2\/media?parent=666925"}],"wp:term":[{"taxonomy":"product_brand","embeddable":true,"href":"https:\/\/nextsnkr.com\/lv\/wp-json\/wp\/v2\/product_brand?post=666925"},{"taxonomy":"product_cat","embeddable":true,"href":"https:\/\/nextsnkr.com\/lv\/wp-json\/wp\/v2\/product_cat?post=666925"},{"taxonomy":"product_tag","embeddable":true,"href":"https:\/\/nextsnkr.com\/lv\/wp-json\/wp\/v2\/product_tag?post=666925"}],"curies":[{"name":"wp","href":"https:\/\/api.w.org\/{rel}","templated":true}]}}