{"id":666871,"date":"2025-06-13T13:03:41","date_gmt":"2025-06-13T10:03:41","guid":{"rendered":"https:\/\/nextsnkr.com\/product\/dior-book-mini\/"},"modified":"2026-02-02T13:49:44","modified_gmt":"2026-02-02T10:49:44","slug":"dior-book-mini","status":"publish","type":"product","link":"https:\/\/nextsnkr.com\/lv\/product\/dior-book-mini\/","title":{"rendered":"Dior Book Mini soma-stil\u012bga tekstila Sievie\u0161u mini soma"},"content":{"rendered":"<h2>Dior Book Mini soma-stil\u012bga tekstila Sievie\u0161u mini soma<\/h2>\n<p>&nbsp;<\/p>\n<p>Dior Book Mini soma ir elegants aksesu\u0101rs, kas paredz\u0113ts tiem, kas nov\u0113rt\u0113 stilu un izsmalcin\u0101t\u012bbu. Modelis ir izgatavots no augstas kvalit\u0101tes tekstilizstr\u0101d\u0101jumiem, kas nodro\u0161ina vieglumu, iztur\u012bbu un pat\u012bkamu tekst\u016bru. Kompaktais form\u0101ts un p\u0101rdom\u0101tais dizains padara somu \u0113rtu ikdienas lieto\u0161anai, pastaig\u0101m vai pas\u0101kumiem. Daudzpus\u012bgais siluets ir viegli savienojams ar m\u016bsdienu izskatu. Izv\u0113lieties Dior Book Mini-stila akcentu, kas uzsv\u0113rs j\u016bsu person\u012bbu.<\/p>\n","protected":false},"excerpt":{"rendered":"<p>Dior Book Mini soma ir elegants aksesu\u0101rs, kas paredz\u0113ts tiem, kas nov\u0113rt\u0113 stilu un izsmalcin\u0101t\u012bbu. Modelis ir izgatavots no augstas kvalit\u0101tes tekstilizstr\u0101d\u0101jumiem, kas nodro\u0161ina vieglumu, iztur\u012bbu un pat\u012bkamu tekst\u016bru. Kompaktais form\u0101ts un p\u0101rdom\u0101tais dizains padara somu \u0113rtu ikdienas lieto\u0161anai, pastaig\u0101m vai pas\u0101kumiem. Daudzpus\u012bgais siluets ir viegli savienojams ar m\u016bsdienu izskatu. Izv\u0113lieties Dior Book Mini-stila akcentu, kas uzsv\u0113rs j\u016bsu person\u012bbu.<\/p>\n","protected":false},"featured_media":666872,"comment_status":"open","ping_status":"open","template":"","meta":[],"product_brand":[],"product_cat":[3251,3484],"product_tag":[],"class_list":{"0":"post-666871","1":"product","2":"type-product","3":"status-publish","4":"has-post-thumbnail","6":"product_cat-all-product","7":"product_cat-sumky","8":"pa_rozmir-sale-36kh28kh10","10":"first","11":"instock","12":"purchasable","13":"product-type-simple"},"_links":{"self":[{"href":"https:\/\/nextsnkr.com\/lv\/wp-json\/wp\/v2\/product\/666871","targetHints":{"allow":["GET"]}}],"collection":[{"href":"https:\/\/nextsnkr.com\/lv\/wp-json\/wp\/v2\/product"}],"about":[{"href":"https:\/\/nextsnkr.com\/lv\/wp-json\/wp\/v2\/types\/product"}],"replies":[{"embeddable":true,"href":"https:\/\/nextsnkr.com\/lv\/wp-json\/wp\/v2\/comments?post=666871"}],"version-history":[{"count":0,"href":"https:\/\/nextsnkr.com\/lv\/wp-json\/wp\/v2\/product\/666871\/revisions"}],"wp:featuredmedia":[{"embeddable":true,"href":"https:\/\/nextsnkr.com\/lv\/wp-json\/wp\/v2\/media\/666872"}],"wp:attachment":[{"href":"https:\/\/nextsnkr.com\/lv\/wp-json\/wp\/v2\/media?parent=666871"}],"wp:term":[{"taxonomy":"product_brand","embeddable":true,"href":"https:\/\/nextsnkr.com\/lv\/wp-json\/wp\/v2\/product_brand?post=666871"},{"taxonomy":"product_cat","embeddable":true,"href":"https:\/\/nextsnkr.com\/lv\/wp-json\/wp\/v2\/product_cat?post=666871"},{"taxonomy":"product_tag","embeddable":true,"href":"https:\/\/nextsnkr.com\/lv\/wp-json\/wp\/v2\/product_tag?post=666871"}],"curies":[{"name":"wp","href":"https:\/\/api.w.org\/{rel}","templated":true}]}}