{"id":666817,"date":"2025-06-13T13:03:55","date_gmt":"2025-06-13T10:03:55","guid":{"rendered":"https:\/\/nextsnkr.com\/product\/guess-2\/"},"modified":"2026-02-02T13:49:25","modified_gmt":"2026-02-02T10:49:25","slug":"guess-2","status":"publish","type":"product","link":"https:\/\/nextsnkr.com\/lv\/product\/guess-2\/","title":{"rendered":"Guess soma-stil\u012bga sievie\u0161u soma, kas izgatavota no kvalitat\u012bvas eko \u0101das"},"content":{"rendered":"<h2>Guess soma-stil\u012bga sievie\u0161u soma, kas izgatavota no kvalitat\u012bvas eko \u0101das<\/h2>\n<p>&nbsp;<\/p>\n<p>Guess soma ir moderns sievie\u0161u aksesu\u0101rs, kas izgatavots no iztur\u012bgas un piesk\u0101rienam pat\u012bkamas eko \u0101das. Viegls un praktisks, tas apvieno stil\u012bgu dizainu un \u0113rt\u012bbas ikdienas lieto\u0161an\u0101. Optim\u0101lais izm\u0113rs \u013cauj ievietot visas nepiecie\u0161am\u0101s lietas, un Guess rakstur\u012bgais izskats uzsv\u0113rs j\u016bsu izskatu jebkur\u0101 situ\u0101cij\u0101. Ide\u0101la izv\u0113le tiem, kas nov\u0113rt\u0113 modi, komfortu un daudzpus\u012bbu.<\/p>\n","protected":false},"excerpt":{"rendered":"<p>Guess soma ir moderns sievie\u0161u aksesu\u0101rs, kas izgatavots no iztur\u012bgas un piesk\u0101rienam pat\u012bkamas eko \u0101das. Viegls un praktisks, tas apvieno stil\u012bgu dizainu un \u0113rt\u012bbas ikdienas lieto\u0161an\u0101. Optim\u0101lais izm\u0113rs \u013cauj ievietot visas nepiecie\u0161am\u0101s lietas, un Guess rakstur\u012bgais izskats uzsv\u0113rs j\u016bsu izskatu jebkur\u0101 situ\u0101cij\u0101. Ide\u0101la izv\u0113le tiem, kas nov\u0113rt\u0113 modi, komfortu un daudzpus\u012bbu.<\/p>\n","protected":false},"featured_media":666818,"comment_status":"open","ping_status":"open","template":"","meta":[],"product_brand":[],"product_cat":[3251,3484],"product_tag":[],"class_list":{"0":"post-666817","1":"product","2":"type-product","3":"status-publish","4":"has-post-thumbnail","6":"product_cat-all-product","7":"product_cat-sumky","8":"pa_rozmir-20kh13kh5","10":"first","11":"instock","12":"purchasable","13":"product-type-simple"},"_links":{"self":[{"href":"https:\/\/nextsnkr.com\/lv\/wp-json\/wp\/v2\/product\/666817","targetHints":{"allow":["GET"]}}],"collection":[{"href":"https:\/\/nextsnkr.com\/lv\/wp-json\/wp\/v2\/product"}],"about":[{"href":"https:\/\/nextsnkr.com\/lv\/wp-json\/wp\/v2\/types\/product"}],"replies":[{"embeddable":true,"href":"https:\/\/nextsnkr.com\/lv\/wp-json\/wp\/v2\/comments?post=666817"}],"version-history":[{"count":0,"href":"https:\/\/nextsnkr.com\/lv\/wp-json\/wp\/v2\/product\/666817\/revisions"}],"wp:featuredmedia":[{"embeddable":true,"href":"https:\/\/nextsnkr.com\/lv\/wp-json\/wp\/v2\/media\/666818"}],"wp:attachment":[{"href":"https:\/\/nextsnkr.com\/lv\/wp-json\/wp\/v2\/media?parent=666817"}],"wp:term":[{"taxonomy":"product_brand","embeddable":true,"href":"https:\/\/nextsnkr.com\/lv\/wp-json\/wp\/v2\/product_brand?post=666817"},{"taxonomy":"product_cat","embeddable":true,"href":"https:\/\/nextsnkr.com\/lv\/wp-json\/wp\/v2\/product_cat?post=666817"},{"taxonomy":"product_tag","embeddable":true,"href":"https:\/\/nextsnkr.com\/lv\/wp-json\/wp\/v2\/product_tag?post=666817"}],"curies":[{"name":"wp","href":"https:\/\/api.w.org\/{rel}","templated":true}]}}