{"id":666790,"date":"2025-06-13T13:04:17","date_gmt":"2025-06-13T10:04:17","guid":{"rendered":"https:\/\/nextsnkr.com\/product\/guess-crossbody-3\/"},"modified":"2026-02-02T13:49:21","modified_gmt":"2026-02-02T10:49:21","slug":"guess-crossbody-3","status":"publish","type":"product","link":"https:\/\/nextsnkr.com\/lv\/product\/guess-crossbody-3\/","title":{"rendered":"Guess Crossbody soma-kompakta sievie\u0161u plecu soma"},"content":{"rendered":"<h2>Guess Crossbody soma-kompakta sievie\u0161u plecu soma<\/h2>\n<p>&nbsp;<\/p>\n<p>Guess Crossbody soma ir stil\u012bgs un viegls aksesu\u0101rs ikdienas lieto\u0161anai. Kompaktais form\u0101ts un \u0113rta plecu siksna nodro\u0161ina komfortu valk\u0101\u0161anas laik\u0101, un p\u0101rdom\u0101tais interjera dizains \u013cauj jums tur\u0113t nepiecie\u0161am\u0101s lietas pie rokas. Faktiskais guess dizains izce\u013c m\u016bsdienu pils\u0113tas stilu un viegli sapl\u016bst ar jebkuru dr\u0113bju skapi. Ide\u0101la izv\u0113le pastaig\u0101m, ce\u013cojumiem un ikdienas izskatam.<\/p>\n","protected":false},"excerpt":{"rendered":"<p>Guess Crossbody soma ir stil\u012bgs un viegls aksesu\u0101rs ikdienas lieto\u0161anai. Kompaktais form\u0101ts un \u0113rta plecu siksna nodro\u0161ina komfortu valk\u0101\u0161anas laik\u0101, un p\u0101rdom\u0101tais interjera dizains \u013cauj jums tur\u0113t nepiecie\u0161am\u0101s lietas pie rokas. Faktiskais guess dizains izce\u013c m\u016bsdienu pils\u0113tas stilu un viegli sapl\u016bst ar jebkuru dr\u0113bju skapi. Ide\u0101la izv\u0113le pastaig\u0101m, ce\u013cojumiem un ikdienas izskatam.<\/p>\n","protected":false},"featured_media":666791,"comment_status":"open","ping_status":"open","template":"","meta":[],"product_brand":[],"product_cat":[3251,3484],"product_tag":[],"class_list":{"0":"post-666790","1":"product","2":"type-product","3":"status-publish","4":"has-post-thumbnail","6":"product_cat-all-product","7":"product_cat-sumky","8":"pa_rozmir-21kh13kh7","10":"first","11":"instock","12":"purchasable","13":"product-type-simple"},"_links":{"self":[{"href":"https:\/\/nextsnkr.com\/lv\/wp-json\/wp\/v2\/product\/666790","targetHints":{"allow":["GET"]}}],"collection":[{"href":"https:\/\/nextsnkr.com\/lv\/wp-json\/wp\/v2\/product"}],"about":[{"href":"https:\/\/nextsnkr.com\/lv\/wp-json\/wp\/v2\/types\/product"}],"replies":[{"embeddable":true,"href":"https:\/\/nextsnkr.com\/lv\/wp-json\/wp\/v2\/comments?post=666790"}],"version-history":[{"count":0,"href":"https:\/\/nextsnkr.com\/lv\/wp-json\/wp\/v2\/product\/666790\/revisions"}],"wp:featuredmedia":[{"embeddable":true,"href":"https:\/\/nextsnkr.com\/lv\/wp-json\/wp\/v2\/media\/666791"}],"wp:attachment":[{"href":"https:\/\/nextsnkr.com\/lv\/wp-json\/wp\/v2\/media?parent=666790"}],"wp:term":[{"taxonomy":"product_brand","embeddable":true,"href":"https:\/\/nextsnkr.com\/lv\/wp-json\/wp\/v2\/product_brand?post=666790"},{"taxonomy":"product_cat","embeddable":true,"href":"https:\/\/nextsnkr.com\/lv\/wp-json\/wp\/v2\/product_cat?post=666790"},{"taxonomy":"product_tag","embeddable":true,"href":"https:\/\/nextsnkr.com\/lv\/wp-json\/wp\/v2\/product_tag?post=666790"}],"curies":[{"name":"wp","href":"https:\/\/api.w.org\/{rel}","templated":true}]}}