{"id":665992,"date":"2025-06-13T13:05:59","date_gmt":"2025-06-13T10:05:59","guid":{"rendered":"https:\/\/nextsnkr.com\/product\/chanel-tweed\/"},"modified":"2026-02-02T13:48:30","modified_gmt":"2026-02-02T10:48:30","slug":"chanel-tweed","status":"publish","type":"product","link":"https:\/\/nextsnkr.com\/lv\/product\/chanel-tweed\/","title":{"rendered":"Chanel Tweed tekstila soma-eleganta un stil\u012bga"},"content":{"rendered":"<h2>Chanel Tweed tekstila soma-eleganta un stil\u012bga<\/h2>\n<p>&nbsp;<\/p>\n<p>Chanel Tweed soma ir izgatavota no augstas kvalit\u0101tes tekstilizstr\u0101d\u0101jumiem, kas apvieno maigumu, vieglumu un iztur\u012bbu. Tv\u012bda tekst\u016bra pie\u0161\u0137ir aksesu\u0101ram izsmalcin\u0101tu izskatu, padarot to par ide\u0101lu papildin\u0101jumu ikdienas un sv\u0113tku izskatam. Ietilp\u012bgs iek\u0161\u0113jais nodal\u012bjums un \u0113rta forma nodro\u0161ina \u0113rtu lieto\u0161anu. Stil\u012bga un praktiska soma b\u016bs iespaid\u012bgs akcents m\u016bsdienu sievietes dr\u0113bju skap\u012b.<\/p>\n","protected":false},"excerpt":{"rendered":"<p>Chanel Tweed soma ir izgatavota no augstas kvalit\u0101tes tekstilizstr\u0101d\u0101jumiem, kas apvieno maigumu, vieglumu un iztur\u012bbu. Tv\u012bda tekst\u016bra pie\u0161\u0137ir aksesu\u0101ram izsmalcin\u0101tu izskatu, padarot to par ide\u0101lu papildin\u0101jumu ikdienas un sv\u0113tku izskatam. Ietilp\u012bgs iek\u0161\u0113jais nodal\u012bjums un \u0113rta forma nodro\u0161ina \u0113rtu lieto\u0161anu. Stil\u012bga un praktiska soma b\u016bs iespaid\u012bgs akcents m\u016bsdienu sievietes dr\u0113bju skap\u012b.<\/p>\n","protected":false},"featured_media":665996,"comment_status":"open","ping_status":"open","template":"","meta":[],"product_brand":[],"product_cat":[3251,3484],"product_tag":[],"class_list":{"0":"post-665992","1":"product","2":"type-product","3":"status-publish","4":"has-post-thumbnail","6":"product_cat-all-product","7":"product_cat-sumky","8":"pa_rozmir-20kh14","10":"first","11":"instock","12":"purchasable","13":"product-type-simple"},"_links":{"self":[{"href":"https:\/\/nextsnkr.com\/lv\/wp-json\/wp\/v2\/product\/665992","targetHints":{"allow":["GET"]}}],"collection":[{"href":"https:\/\/nextsnkr.com\/lv\/wp-json\/wp\/v2\/product"}],"about":[{"href":"https:\/\/nextsnkr.com\/lv\/wp-json\/wp\/v2\/types\/product"}],"replies":[{"embeddable":true,"href":"https:\/\/nextsnkr.com\/lv\/wp-json\/wp\/v2\/comments?post=665992"}],"version-history":[{"count":0,"href":"https:\/\/nextsnkr.com\/lv\/wp-json\/wp\/v2\/product\/665992\/revisions"}],"wp:featuredmedia":[{"embeddable":true,"href":"https:\/\/nextsnkr.com\/lv\/wp-json\/wp\/v2\/media\/665996"}],"wp:attachment":[{"href":"https:\/\/nextsnkr.com\/lv\/wp-json\/wp\/v2\/media?parent=665992"}],"wp:term":[{"taxonomy":"product_brand","embeddable":true,"href":"https:\/\/nextsnkr.com\/lv\/wp-json\/wp\/v2\/product_brand?post=665992"},{"taxonomy":"product_cat","embeddable":true,"href":"https:\/\/nextsnkr.com\/lv\/wp-json\/wp\/v2\/product_cat?post=665992"},{"taxonomy":"product_tag","embeddable":true,"href":"https:\/\/nextsnkr.com\/lv\/wp-json\/wp\/v2\/product_tag?post=665992"}],"curies":[{"name":"wp","href":"https:\/\/api.w.org\/{rel}","templated":true}]}}