{"id":665896,"date":"2025-06-13T13:05:59","date_gmt":"2025-06-13T10:05:59","guid":{"rendered":"https:\/\/nextsnkr.com\/product\/chanel-white-2-55\/"},"modified":"2026-02-02T13:48:22","modified_gmt":"2026-02-02T10:48:22","slug":"chanel-white-2-55","status":"publish","type":"product","link":"https:\/\/nextsnkr.com\/lv\/product\/chanel-white-2-55\/","title":{"rendered":"Chanel White 2.55 eko \u0101das soma"},"content":{"rendered":"<h2>Chanel White 2.55 eko \u0101das soma<\/h2>\n<p>&nbsp;<\/p>\n<p>Stil\u012bg\u0101 Chanel White 2.55 soma ir izgatavota no kvalitat\u012bvas eko \u0101das, kas nodro\u0161ina elegantu izskatu un iztur\u012bbu. Klasiskais baltais dizains, paraksta siluets un \u0113rts iek\u0161\u0113jais nodal\u012bjums padara to daudzpus\u012bgu ikdienas lieto\u0161anai un \u012bpa\u0161am izskatam. Viegls, praktisks un vienlaikus grezns-\u0161is modelis uzsver \u012bpa\u0161nieka izsmalcin\u0101to stilu un nevainojamo gar\u0161u.<\/p>\n","protected":false},"excerpt":{"rendered":"<p>Stil\u012bg\u0101 Chanel White 2.55 soma ir izgatavota no kvalitat\u012bvas eko \u0101das, kas nodro\u0161ina elegantu izskatu un iztur\u012bbu. Klasiskais baltais dizains, paraksta siluets un \u0113rts iek\u0161\u0113jais nodal\u012bjums padara to daudzpus\u012bgu ikdienas lieto\u0161anai un \u012bpa\u0161am izskatam. Viegls, praktisks un vienlaikus grezns-\u0161is modelis uzsver \u012bpa\u0161nieka izsmalcin\u0101to stilu un nevainojamo gar\u0161u.<\/p>\n","protected":false},"featured_media":665897,"comment_status":"open","ping_status":"open","template":"","meta":[],"product_brand":[],"product_cat":[3251,3484],"product_tag":[],"class_list":{"0":"post-665896","1":"product","2":"type-product","3":"status-publish","4":"has-post-thumbnail","6":"product_cat-all-product","7":"product_cat-sumky","9":"first","10":"instock","11":"purchasable","12":"product-type-simple"},"_links":{"self":[{"href":"https:\/\/nextsnkr.com\/lv\/wp-json\/wp\/v2\/product\/665896","targetHints":{"allow":["GET"]}}],"collection":[{"href":"https:\/\/nextsnkr.com\/lv\/wp-json\/wp\/v2\/product"}],"about":[{"href":"https:\/\/nextsnkr.com\/lv\/wp-json\/wp\/v2\/types\/product"}],"replies":[{"embeddable":true,"href":"https:\/\/nextsnkr.com\/lv\/wp-json\/wp\/v2\/comments?post=665896"}],"version-history":[{"count":0,"href":"https:\/\/nextsnkr.com\/lv\/wp-json\/wp\/v2\/product\/665896\/revisions"}],"wp:featuredmedia":[{"embeddable":true,"href":"https:\/\/nextsnkr.com\/lv\/wp-json\/wp\/v2\/media\/665897"}],"wp:attachment":[{"href":"https:\/\/nextsnkr.com\/lv\/wp-json\/wp\/v2\/media?parent=665896"}],"wp:term":[{"taxonomy":"product_brand","embeddable":true,"href":"https:\/\/nextsnkr.com\/lv\/wp-json\/wp\/v2\/product_brand?post=665896"},{"taxonomy":"product_cat","embeddable":true,"href":"https:\/\/nextsnkr.com\/lv\/wp-json\/wp\/v2\/product_cat?post=665896"},{"taxonomy":"product_tag","embeddable":true,"href":"https:\/\/nextsnkr.com\/lv\/wp-json\/wp\/v2\/product_tag?post=665896"}],"curies":[{"name":"wp","href":"https:\/\/api.w.org\/{rel}","templated":true}]}}