{"id":665803,"date":"2025-06-18T21:55:44","date_gmt":"2025-06-18T18:55:44","guid":{"rendered":"https:\/\/nextsnkr.com\/product\/dolce-gabbana-portofino-multicolor-logo\/"},"modified":"2026-02-02T13:48:34","modified_gmt":"2026-02-02T10:48:34","slug":"dolce-gabbana-portofino-multicolor-logo","status":"publish","type":"product","link":"https:\/\/nextsnkr.com\/lv\/product\/dolce-gabbana-portofino-multicolor-logo\/","title":{"rendered":"Dolce &#038; Gabbana Portofino Multicolor logo \u010d\u012bbas-\u0101das Premium"},"content":{"rendered":"<h2>Dolce &#038; Gabbana Portofino Multicolor logo \u010d\u012bbas-\u0101das Premium<\/h2>\n<p>&nbsp;<\/p>\n<p>Stil\u012bg\u0101s Dolce &#038; Gabbana Portofino Multicolor Logo \u010d\u012bbas ir izgatavotas no \u012bstas \u0101das, kas garant\u0113 iztur\u012bbu un valk\u0101\u0161anas komfortu. Spilgts daudzkr\u0101sains dizains ar z\u012bmola logotipu pie\u0161\u0137ir person\u012bbu un izce\u013c statusu. \u0160\u012bs augst\u0101k\u0101s kvalit\u0101tes \u010d\u012bbas, kas ir ide\u0101li piem\u0113rotas ikdienas lieto\u0161anai un modernam izskatam, nodro\u0161ina komfortu, stilu un kvalit\u0101ti no labi paz\u012bstama z\u012bmola.<\/p>\n","protected":false},"excerpt":{"rendered":"<p>Stil\u012bg\u0101s Dolce &#038; Gabbana Portofino Multicolor Logo \u010d\u012bbas ir izgatavotas no \u012bstas \u0101das, kas garant\u0113 iztur\u012bbu un valk\u0101\u0161anas komfortu. Spilgts daudzkr\u0101sains dizains ar z\u012bmola logotipu pie\u0161\u0137ir person\u012bbu un izce\u013c statusu. \u0160\u012bs augst\u0101k\u0101s kvalit\u0101tes \u010d\u012bbas, kas ir ide\u0101li piem\u0113rotas ikdienas lieto\u0161anai un modernam izskatam, nodro\u0161ina komfortu, stilu un kvalit\u0101ti no labi paz\u012bstama z\u012bmola.<\/p>\n","protected":false},"featured_media":665804,"comment_status":"open","ping_status":"open","template":"","meta":[],"product_brand":[],"product_cat":[3251,3322],"product_tag":[],"class_list":{"0":"post-665803","1":"product","2":"type-product","3":"status-publish","4":"has-post-thumbnail","6":"product_cat-all-product","7":"product_cat-kedy","8":"pa_rozmir-910","9":"pa_rozmir-912","10":"pa_rozmir-914","11":"pa_rozmir-915","12":"pa_rozmir-916","13":"pa_rozmir-917","14":"pa_rozmir-918","15":"pa_rozmir-919","16":"pa_rozmir-920","17":"pa_rozmir-921","18":"pa_rozmir-922","20":"first","21":"instock","22":"purchasable","23":"product-type-variable"},"_links":{"self":[{"href":"https:\/\/nextsnkr.com\/lv\/wp-json\/wp\/v2\/product\/665803","targetHints":{"allow":["GET"]}}],"collection":[{"href":"https:\/\/nextsnkr.com\/lv\/wp-json\/wp\/v2\/product"}],"about":[{"href":"https:\/\/nextsnkr.com\/lv\/wp-json\/wp\/v2\/types\/product"}],"replies":[{"embeddable":true,"href":"https:\/\/nextsnkr.com\/lv\/wp-json\/wp\/v2\/comments?post=665803"}],"version-history":[{"count":0,"href":"https:\/\/nextsnkr.com\/lv\/wp-json\/wp\/v2\/product\/665803\/revisions"}],"wp:featuredmedia":[{"embeddable":true,"href":"https:\/\/nextsnkr.com\/lv\/wp-json\/wp\/v2\/media\/665804"}],"wp:attachment":[{"href":"https:\/\/nextsnkr.com\/lv\/wp-json\/wp\/v2\/media?parent=665803"}],"wp:term":[{"taxonomy":"product_brand","embeddable":true,"href":"https:\/\/nextsnkr.com\/lv\/wp-json\/wp\/v2\/product_brand?post=665803"},{"taxonomy":"product_cat","embeddable":true,"href":"https:\/\/nextsnkr.com\/lv\/wp-json\/wp\/v2\/product_cat?post=665803"},{"taxonomy":"product_tag","embeddable":true,"href":"https:\/\/nextsnkr.com\/lv\/wp-json\/wp\/v2\/product_tag?post=665803"}],"curies":[{"name":"wp","href":"https:\/\/api.w.org\/{rel}","templated":true}]}}