{"id":664913,"date":"2025-06-13T13:08:35","date_gmt":"2025-06-13T10:08:35","guid":{"rendered":"https:\/\/nextsnkr.com\/product\/pinko-puff\/"},"modified":"2026-02-02T13:47:31","modified_gmt":"2026-02-02T10:47:31","slug":"pinko-puff","status":"publish","type":"product","link":"https:\/\/nextsnkr.com\/lv\/product\/pinko-puff\/","title":{"rendered":"Pinko Puff eko \u0101das soma-stil\u012bgs sievie\u0161u aksesu\u0101rs"},"content":{"rendered":"<h2>Pinko Puff eko \u0101das soma-stil\u012bgs sievie\u0161u aksesu\u0101rs<\/h2>\n<p>&nbsp;<\/p>\n<p>Pinko Puff soma ir elegants un moderns modelis, kas paredz\u0113ts tiem, kas nov\u0113rt\u0113 stilu un \u0113rt\u012bbas. Izgatavots no kvalitat\u012bvas eko \u0101das, tas apvieno vieglu kop\u0161anu, pat\u012bkamu tekst\u016bru un ilgu kalpo\u0161anas laiku. Stil\u012bgs dizains ar aktu\u0101l\u0101m deta\u013c\u0101m padara somu daudzpus\u012bgu ikdienas lieto\u0161anai, pastaig\u0101m vai vakara izskatam. Pinko Puff lieliski papildin\u0101s dr\u0113bju skapi un k\u013c\u016bs par spilgtu akcentu, kas uzsv\u0113rs \u012bpa\u0161nieka individualit\u0101ti.<\/p>\n","protected":false},"excerpt":{"rendered":"<p>Pinko Puff soma ir elegants un moderns modelis, kas paredz\u0113ts tiem, kas nov\u0113rt\u0113 stilu un \u0113rt\u012bbas. Izgatavots no kvalitat\u012bvas eko \u0101das, tas apvieno vieglu kop\u0161anu, pat\u012bkamu tekst\u016bru un ilgu kalpo\u0161anas laiku. Stil\u012bgs dizains ar aktu\u0101l\u0101m deta\u013c\u0101m padara somu daudzpus\u012bgu ikdienas lieto\u0161anai, pastaig\u0101m vai vakara izskatam. Pinko Puff lieliski papildin\u0101s dr\u0113bju skapi un k\u013c\u016bs par spilgtu akcentu, kas uzsv\u0113rs \u012bpa\u0161nieka individualit\u0101ti.<\/p>\n","protected":false},"featured_media":664915,"comment_status":"open","ping_status":"open","template":"","meta":[],"product_brand":[],"product_cat":[3251,3484],"product_tag":[],"class_list":{"0":"post-664913","1":"product","2":"type-product","3":"status-publish","4":"has-post-thumbnail","6":"product_cat-all-product","7":"product_cat-sumky","8":"pa_rozmir-25x20-sale","10":"first","11":"instock","12":"purchasable","13":"product-type-simple"},"_links":{"self":[{"href":"https:\/\/nextsnkr.com\/lv\/wp-json\/wp\/v2\/product\/664913","targetHints":{"allow":["GET"]}}],"collection":[{"href":"https:\/\/nextsnkr.com\/lv\/wp-json\/wp\/v2\/product"}],"about":[{"href":"https:\/\/nextsnkr.com\/lv\/wp-json\/wp\/v2\/types\/product"}],"replies":[{"embeddable":true,"href":"https:\/\/nextsnkr.com\/lv\/wp-json\/wp\/v2\/comments?post=664913"}],"version-history":[{"count":0,"href":"https:\/\/nextsnkr.com\/lv\/wp-json\/wp\/v2\/product\/664913\/revisions"}],"wp:featuredmedia":[{"embeddable":true,"href":"https:\/\/nextsnkr.com\/lv\/wp-json\/wp\/v2\/media\/664915"}],"wp:attachment":[{"href":"https:\/\/nextsnkr.com\/lv\/wp-json\/wp\/v2\/media?parent=664913"}],"wp:term":[{"taxonomy":"product_brand","embeddable":true,"href":"https:\/\/nextsnkr.com\/lv\/wp-json\/wp\/v2\/product_brand?post=664913"},{"taxonomy":"product_cat","embeddable":true,"href":"https:\/\/nextsnkr.com\/lv\/wp-json\/wp\/v2\/product_cat?post=664913"},{"taxonomy":"product_tag","embeddable":true,"href":"https:\/\/nextsnkr.com\/lv\/wp-json\/wp\/v2\/product_tag?post=664913"}],"curies":[{"name":"wp","href":"https:\/\/api.w.org\/{rel}","templated":true}]}}