{"id":663735,"date":"2025-06-14T15:01:10","date_gmt":"2025-06-14T12:01:10","guid":{"rendered":"https:\/\/nextsnkr.com\/product\/louis-vuitton\/"},"modified":"2026-02-02T13:46:28","modified_gmt":"2026-02-02T10:46:28","slug":"louis-vuitton","status":"publish","type":"product","link":"https:\/\/nextsnkr.com\/lv\/product\/louis-vuitton\/","title":{"rendered":"Louis Vuitton soma &#8211; stil\u012bga sievie\u0161u eko \u0101das soma"},"content":{"rendered":"<h2>Louis Vuitton soma &#8211; stil\u012bga sievie\u0161u eko \u0101das soma<\/h2>\n<p>&nbsp;<\/p>\n<p>Louis Vuitton soma ir elegants aksesu\u0101rs, kas apvieno stilu, praktiskumu un modernu dizainu. Izgatavots no kvalitat\u012bvas eko \u0101das, tas saglab\u0101 formu, ir pat\u012bkams piesk\u0101rienam un piem\u0113rots ikdienas lieto\u0161anai. Pla\u0161\u0101 iek\u0161\u0113j\u0101 telpa \u013cauj \u0113rti novietot visas nepiecie\u0161am\u0101s lietas. Louis Vuitton Stil\u012bg\u0101 soma ir ide\u0101ls papildin\u0101jums ikdienas un biznesa izskatam, uzsverot j\u016bsu gaumi un p\u0101rliec\u012bbu.<\/p>\n","protected":false},"excerpt":{"rendered":"<p>Louis Vuitton soma ir elegants aksesu\u0101rs, kas apvieno stilu, praktiskumu un modernu dizainu. Izgatavots no kvalitat\u012bvas eko \u0101das, tas saglab\u0101 formu, ir pat\u012bkams piesk\u0101rienam un piem\u0113rots ikdienas lieto\u0161anai. Pla\u0161\u0101 iek\u0161\u0113j\u0101 telpa \u013cauj \u0113rti novietot visas nepiecie\u0161am\u0101s lietas. Louis Vuitton Stil\u012bg\u0101 soma ir ide\u0101ls papildin\u0101jums ikdienas un biznesa izskatam, uzsverot j\u016bsu gaumi un p\u0101rliec\u012bbu.<\/p>\n","protected":false},"featured_media":663738,"comment_status":"open","ping_status":"open","template":"","meta":[],"product_brand":[],"product_cat":[3251,3484],"product_tag":[],"class_list":{"0":"post-663735","1":"product","2":"type-product","3":"status-publish","4":"has-post-thumbnail","6":"product_cat-all-product","7":"product_cat-sumky","8":"pa_rozmir-38kh30","10":"first","11":"instock","12":"purchasable","13":"product-type-simple"},"_links":{"self":[{"href":"https:\/\/nextsnkr.com\/lv\/wp-json\/wp\/v2\/product\/663735","targetHints":{"allow":["GET"]}}],"collection":[{"href":"https:\/\/nextsnkr.com\/lv\/wp-json\/wp\/v2\/product"}],"about":[{"href":"https:\/\/nextsnkr.com\/lv\/wp-json\/wp\/v2\/types\/product"}],"replies":[{"embeddable":true,"href":"https:\/\/nextsnkr.com\/lv\/wp-json\/wp\/v2\/comments?post=663735"}],"version-history":[{"count":0,"href":"https:\/\/nextsnkr.com\/lv\/wp-json\/wp\/v2\/product\/663735\/revisions"}],"wp:featuredmedia":[{"embeddable":true,"href":"https:\/\/nextsnkr.com\/lv\/wp-json\/wp\/v2\/media\/663738"}],"wp:attachment":[{"href":"https:\/\/nextsnkr.com\/lv\/wp-json\/wp\/v2\/media?parent=663735"}],"wp:term":[{"taxonomy":"product_brand","embeddable":true,"href":"https:\/\/nextsnkr.com\/lv\/wp-json\/wp\/v2\/product_brand?post=663735"},{"taxonomy":"product_cat","embeddable":true,"href":"https:\/\/nextsnkr.com\/lv\/wp-json\/wp\/v2\/product_cat?post=663735"},{"taxonomy":"product_tag","embeddable":true,"href":"https:\/\/nextsnkr.com\/lv\/wp-json\/wp\/v2\/product_tag?post=663735"}],"curies":[{"name":"wp","href":"https:\/\/api.w.org\/{rel}","templated":true}]}}