{"id":663134,"date":"2025-06-14T15:01:39","date_gmt":"2025-06-14T12:01:39","guid":{"rendered":"https:\/\/nextsnkr.com\/product\/guess\/"},"modified":"2026-02-02T13:45:52","modified_gmt":"2026-02-02T10:45:52","slug":"guess","status":"publish","type":"product","link":"https:\/\/nextsnkr.com\/lv\/product\/guess\/","title":{"rendered":"Eko \u0100das Guess soma &#8211; stil\u012bgs sievie\u0161u ikdienas modelis"},"content":{"rendered":"<h2>Eko \u0100das Guess soma &#8211; stil\u012bgs sievie\u0161u ikdienas modelis<\/h2>\n<p>&nbsp;<\/p>\n<p>Guess soma ir izgatavota no kvalitat\u012bvas eko \u0101das, kas apvieno stil\u012bgu izskatu un praktiskumu. Modelim ir veikls dizains, \u0113rta ikdienas lieto\u0161ana un daudzpus\u012bba jebkuram izskatam. Iztur\u012bgais materi\u0101ls labi saglab\u0101 formu, un Guess z\u012bmols pie\u0161\u0137ir gabalam eleganci un statusu. \u0160\u012b soma b\u016bs lieliska izv\u0113le sieviet\u0113m, kuras nov\u0113rt\u0113 kvalit\u0101ti, komfortu un m\u016bsdien\u012bgu stilu.<\/p>\n","protected":false},"excerpt":{"rendered":"<p>Guess soma ir izgatavota no kvalitat\u012bvas eko \u0101das, kas apvieno stil\u012bgu izskatu un praktiskumu. Modelim ir veikls dizains, \u0113rta ikdienas lieto\u0161ana un daudzpus\u012bba jebkuram izskatam. Iztur\u012bgais materi\u0101ls labi saglab\u0101 formu, un Guess z\u012bmols pie\u0161\u0137ir gabalam eleganci un statusu. \u0160\u012b soma b\u016bs lieliska izv\u0113le sieviet\u0113m, kuras nov\u0113rt\u0113 kvalit\u0101ti, komfortu un m\u016bsdien\u012bgu stilu.<\/p>\n","protected":false},"featured_media":663136,"comment_status":"open","ping_status":"open","template":"","meta":[],"product_brand":[],"product_cat":[3251,3484],"product_tag":[],"class_list":{"0":"post-663134","1":"product","2":"type-product","3":"status-publish","4":"has-post-thumbnail","6":"product_cat-all-product","7":"product_cat-sumky","8":"pa_rozmir-29x16","10":"first","11":"instock","12":"purchasable","13":"product-type-simple"},"_links":{"self":[{"href":"https:\/\/nextsnkr.com\/lv\/wp-json\/wp\/v2\/product\/663134","targetHints":{"allow":["GET"]}}],"collection":[{"href":"https:\/\/nextsnkr.com\/lv\/wp-json\/wp\/v2\/product"}],"about":[{"href":"https:\/\/nextsnkr.com\/lv\/wp-json\/wp\/v2\/types\/product"}],"replies":[{"embeddable":true,"href":"https:\/\/nextsnkr.com\/lv\/wp-json\/wp\/v2\/comments?post=663134"}],"version-history":[{"count":0,"href":"https:\/\/nextsnkr.com\/lv\/wp-json\/wp\/v2\/product\/663134\/revisions"}],"wp:featuredmedia":[{"embeddable":true,"href":"https:\/\/nextsnkr.com\/lv\/wp-json\/wp\/v2\/media\/663136"}],"wp:attachment":[{"href":"https:\/\/nextsnkr.com\/lv\/wp-json\/wp\/v2\/media?parent=663134"}],"wp:term":[{"taxonomy":"product_brand","embeddable":true,"href":"https:\/\/nextsnkr.com\/lv\/wp-json\/wp\/v2\/product_brand?post=663134"},{"taxonomy":"product_cat","embeddable":true,"href":"https:\/\/nextsnkr.com\/lv\/wp-json\/wp\/v2\/product_cat?post=663134"},{"taxonomy":"product_tag","embeddable":true,"href":"https:\/\/nextsnkr.com\/lv\/wp-json\/wp\/v2\/product_tag?post=663134"}],"curies":[{"name":"wp","href":"https:\/\/api.w.org\/{rel}","templated":true}]}}