{"id":663029,"date":"2025-06-18T22:09:45","date_gmt":"2025-06-18T19:09:45","guid":{"rendered":"https:\/\/nextsnkr.com\/product\/dg-white\/"},"modified":"2026-02-02T13:45:56","modified_gmt":"2026-02-02T10:45:56","slug":"dg-white","status":"publish","type":"product","link":"https:\/\/nextsnkr.com\/lv\/product\/dg-white\/","title":{"rendered":"DG White \u0101das \u010d\u012bbas-stils un komforts ikdienas valk\u0101\u0161anai"},"content":{"rendered":"<h2>DG White \u0101das \u010d\u012bbas-stils un komforts ikdienas valk\u0101\u0161anai<\/h2>\n<p>&nbsp;<\/p>\n<p>DG White \u010d\u012bbas ir izgatavotas no augstas kvalit\u0101tes \u0101das, kas garant\u0113 iztur\u012bbu un komfortu ikdienas lieto\u0161anas laik\u0101. Viegli un \u0113rti, tie apvieno modernu dizainu ar praktiskumu, radot elegantu un daudzpus\u012bgu izskatu. ide\u0101la izv\u0113le ikdienas valk\u0101\u0161anai un akt\u012bvam dz\u012bvesveidam. Izv\u0113lieties DG White stilam un uzticam\u012bbai jebkuros apst\u0101k\u013cos.<\/p>\n","protected":false},"excerpt":{"rendered":"<p>DG White \u010d\u012bbas ir izgatavotas no augstas kvalit\u0101tes \u0101das, kas garant\u0113 iztur\u012bbu un komfortu ikdienas lieto\u0161anas laik\u0101. Viegli un \u0113rti, tie apvieno modernu dizainu ar praktiskumu, radot elegantu un daudzpus\u012bgu izskatu. ide\u0101la izv\u0113le ikdienas valk\u0101\u0161anai un akt\u012bvam dz\u012bvesveidam. Izv\u0113lieties DG White stilam un uzticam\u012bbai jebkuros apst\u0101k\u013cos.<\/p>\n","protected":false},"featured_media":663030,"comment_status":"open","ping_status":"open","template":"","meta":[],"product_brand":[],"product_cat":[3251,3322],"product_tag":[],"class_list":{"0":"post-663029","1":"product","2":"type-product","3":"status-publish","4":"has-post-thumbnail","6":"product_cat-all-product","7":"product_cat-kedy","8":"pa_rozmir-910","9":"pa_rozmir-912","10":"pa_rozmir-914","11":"pa_rozmir-915","12":"pa_rozmir-916","13":"pa_rozmir-917","14":"pa_rozmir-918","15":"pa_rozmir-919","16":"pa_rozmir-920","17":"pa_rozmir-921","18":"pa_rozmir-922","20":"first","21":"onbackorder","22":"purchasable","23":"product-type-variable"},"_links":{"self":[{"href":"https:\/\/nextsnkr.com\/lv\/wp-json\/wp\/v2\/product\/663029","targetHints":{"allow":["GET"]}}],"collection":[{"href":"https:\/\/nextsnkr.com\/lv\/wp-json\/wp\/v2\/product"}],"about":[{"href":"https:\/\/nextsnkr.com\/lv\/wp-json\/wp\/v2\/types\/product"}],"replies":[{"embeddable":true,"href":"https:\/\/nextsnkr.com\/lv\/wp-json\/wp\/v2\/comments?post=663029"}],"version-history":[{"count":0,"href":"https:\/\/nextsnkr.com\/lv\/wp-json\/wp\/v2\/product\/663029\/revisions"}],"wp:featuredmedia":[{"embeddable":true,"href":"https:\/\/nextsnkr.com\/lv\/wp-json\/wp\/v2\/media\/663030"}],"wp:attachment":[{"href":"https:\/\/nextsnkr.com\/lv\/wp-json\/wp\/v2\/media?parent=663029"}],"wp:term":[{"taxonomy":"product_brand","embeddable":true,"href":"https:\/\/nextsnkr.com\/lv\/wp-json\/wp\/v2\/product_brand?post=663029"},{"taxonomy":"product_cat","embeddable":true,"href":"https:\/\/nextsnkr.com\/lv\/wp-json\/wp\/v2\/product_cat?post=663029"},{"taxonomy":"product_tag","embeddable":true,"href":"https:\/\/nextsnkr.com\/lv\/wp-json\/wp\/v2\/product_tag?post=663029"}],"curies":[{"name":"wp","href":"https:\/\/api.w.org\/{rel}","templated":true}]}}