{"id":662370,"date":"2025-06-14T15:02:55","date_gmt":"2025-06-14T12:02:55","guid":{"rendered":"https:\/\/nextsnkr.com\/product\/marc-jacobs-tote-bag\/"},"modified":"2026-02-02T13:45:18","modified_gmt":"2026-02-02T10:45:18","slug":"marc-jacobs-tote-bag","status":"publish","type":"product","link":"https:\/\/nextsnkr.com\/lv\/product\/marc-jacobs-tote-bag\/","title":{"rendered":"Marc Jacobs Tote Bag-stil\u012bga tekstila sievie\u0161u iepirk\u0161an\u0101s soma"},"content":{"rendered":"<h2>Marc Jacobs Tote Bag-stil\u012bga tekstila sievie\u0161u iepirk\u0161an\u0101s soma<\/h2>\n<p>&nbsp;<\/p>\n<p>Marc Jacobs Tote Bag ir daudzpus\u012bgs tekstila modelis, kas paredz\u0113ts ikdienas lieto\u0161anai. Izgatavots no iztur\u012bga un viegla materi\u0101la, tas saglab\u0101 formu un iztur slodzi, padarot to ide\u0101li piem\u0113rotu iepirk\u0161an\u0101s, ce\u013co\u0161anas vai pils\u0113tas pastaig\u0101m. Pla\u0161ais iek\u0161\u0113jais nodal\u012bjums \u013cauj \u0113rti novietot visas nepiecie\u0161am\u0101s lietas. Marc Jacobs stil\u012bgais paraksta dizains papildin\u0101s jebkuru modernu izskatu. katr\u0101 deta\u013c\u0101 izv\u0113lieties Tote Bag-funkcionalit\u0101ti un eleganci.<\/p>\n","protected":false},"excerpt":{"rendered":"<p>Marc Jacobs Tote Bag ir daudzpus\u012bgs tekstila modelis, kas paredz\u0113ts ikdienas lieto\u0161anai. Izgatavots no iztur\u012bga un viegla materi\u0101la, tas saglab\u0101 formu un iztur slodzi, padarot to ide\u0101li piem\u0113rotu iepirk\u0161an\u0101s, ce\u013co\u0161anas vai pils\u0113tas pastaig\u0101m. Pla\u0161ais iek\u0161\u0113jais nodal\u012bjums \u013cauj \u0113rti novietot visas nepiecie\u0161am\u0101s lietas. Marc Jacobs stil\u012bgais paraksta dizains papildin\u0101s jebkuru modernu izskatu. katr\u0101 deta\u013c\u0101 izv\u0113lieties Tote Bag-funkcionalit\u0101ti un eleganci.<\/p>\n","protected":false},"featured_media":662373,"comment_status":"open","ping_status":"open","template":"","meta":[],"product_brand":[],"product_cat":[3251,3484],"product_tag":[],"class_list":{"0":"post-662370","1":"product","2":"type-product","3":"status-publish","4":"has-post-thumbnail","6":"product_cat-all-product","7":"product_cat-sumky","8":"pa_rozmir-34kh26","10":"first","11":"instock","12":"purchasable","13":"product-type-simple"},"_links":{"self":[{"href":"https:\/\/nextsnkr.com\/lv\/wp-json\/wp\/v2\/product\/662370","targetHints":{"allow":["GET"]}}],"collection":[{"href":"https:\/\/nextsnkr.com\/lv\/wp-json\/wp\/v2\/product"}],"about":[{"href":"https:\/\/nextsnkr.com\/lv\/wp-json\/wp\/v2\/types\/product"}],"replies":[{"embeddable":true,"href":"https:\/\/nextsnkr.com\/lv\/wp-json\/wp\/v2\/comments?post=662370"}],"version-history":[{"count":0,"href":"https:\/\/nextsnkr.com\/lv\/wp-json\/wp\/v2\/product\/662370\/revisions"}],"wp:featuredmedia":[{"embeddable":true,"href":"https:\/\/nextsnkr.com\/lv\/wp-json\/wp\/v2\/media\/662373"}],"wp:attachment":[{"href":"https:\/\/nextsnkr.com\/lv\/wp-json\/wp\/v2\/media?parent=662370"}],"wp:term":[{"taxonomy":"product_brand","embeddable":true,"href":"https:\/\/nextsnkr.com\/lv\/wp-json\/wp\/v2\/product_brand?post=662370"},{"taxonomy":"product_cat","embeddable":true,"href":"https:\/\/nextsnkr.com\/lv\/wp-json\/wp\/v2\/product_cat?post=662370"},{"taxonomy":"product_tag","embeddable":true,"href":"https:\/\/nextsnkr.com\/lv\/wp-json\/wp\/v2\/product_tag?post=662370"}],"curies":[{"name":"wp","href":"https:\/\/api.w.org\/{rel}","templated":true}]}}