{"id":661951,"date":"2025-06-14T15:03:18","date_gmt":"2025-06-14T12:03:18","guid":{"rendered":"https:\/\/nextsnkr.com\/product\/pinko\/"},"modified":"2026-02-02T13:44:50","modified_gmt":"2026-02-02T10:44:50","slug":"pinko","status":"publish","type":"product","link":"https:\/\/nextsnkr.com\/lv\/product\/pinko\/","title":{"rendered":"Pinko soma-stil\u012bga sievie\u0161u eko \u0101das soma"},"content":{"rendered":"<h2>Pinko soma-stil\u012bga sievie\u0161u eko \u0101das soma<\/h2>\n<p>&nbsp;<\/p>\n<p>Pinko soma ir elegants aksesu\u0101rs, kas izgatavots no kvalitat\u012bvas eko \u0101das, apvienojot m\u016bsdien\u012bgu dizainu un praktiskumu. Materi\u0101ls ir iztur\u012bgs pret nodilumu, labi saglab\u0101 formu un saglab\u0101 pievilc\u012bgu izskatu ikdienas lieto\u0161an\u0101. Lakoniskais siluets, gl\u012bt\u0101 aparat\u016bra un atpaz\u012bstamais Pinko stils padara \u0161o modeli daudzpus\u012bgu pils\u0113tas izskatam, darbam vai pastaig\u0101m. Ide\u0101la izv\u0113le tiem, kas nov\u0113rt\u0113 modi, komfortu un p\u0101rdom\u0101tu funkcionalit\u0101ti.<\/p>\n","protected":false},"excerpt":{"rendered":"<p>Pinko soma ir elegants aksesu\u0101rs, kas izgatavots no kvalitat\u012bvas eko \u0101das, apvienojot m\u016bsdien\u012bgu dizainu un praktiskumu. Materi\u0101ls ir iztur\u012bgs pret nodilumu, labi saglab\u0101 formu un saglab\u0101 pievilc\u012bgu izskatu ikdienas lieto\u0161an\u0101. Lakoniskais siluets, gl\u012bt\u0101 aparat\u016bra un atpaz\u012bstamais Pinko stils padara \u0161o modeli daudzpus\u012bgu pils\u0113tas izskatam, darbam vai pastaig\u0101m. Ide\u0101la izv\u0113le tiem, kas nov\u0113rt\u0113 modi, komfortu un p\u0101rdom\u0101tu funkcionalit\u0101ti.<\/p>\n","protected":false},"featured_media":661955,"comment_status":"open","ping_status":"open","template":"","meta":[],"product_brand":[],"product_cat":[3251,3484],"product_tag":[],"class_list":{"0":"post-661951","1":"product","2":"type-product","3":"status-publish","4":"has-post-thumbnail","6":"product_cat-all-product","7":"product_cat-sumky","8":"pa_rozmir-3763","10":"first","11":"instock","12":"purchasable","13":"product-type-simple"},"_links":{"self":[{"href":"https:\/\/nextsnkr.com\/lv\/wp-json\/wp\/v2\/product\/661951","targetHints":{"allow":["GET"]}}],"collection":[{"href":"https:\/\/nextsnkr.com\/lv\/wp-json\/wp\/v2\/product"}],"about":[{"href":"https:\/\/nextsnkr.com\/lv\/wp-json\/wp\/v2\/types\/product"}],"replies":[{"embeddable":true,"href":"https:\/\/nextsnkr.com\/lv\/wp-json\/wp\/v2\/comments?post=661951"}],"version-history":[{"count":0,"href":"https:\/\/nextsnkr.com\/lv\/wp-json\/wp\/v2\/product\/661951\/revisions"}],"wp:featuredmedia":[{"embeddable":true,"href":"https:\/\/nextsnkr.com\/lv\/wp-json\/wp\/v2\/media\/661955"}],"wp:attachment":[{"href":"https:\/\/nextsnkr.com\/lv\/wp-json\/wp\/v2\/media?parent=661951"}],"wp:term":[{"taxonomy":"product_brand","embeddable":true,"href":"https:\/\/nextsnkr.com\/lv\/wp-json\/wp\/v2\/product_brand?post=661951"},{"taxonomy":"product_cat","embeddable":true,"href":"https:\/\/nextsnkr.com\/lv\/wp-json\/wp\/v2\/product_cat?post=661951"},{"taxonomy":"product_tag","embeddable":true,"href":"https:\/\/nextsnkr.com\/lv\/wp-json\/wp\/v2\/product_tag?post=661951"}],"curies":[{"name":"wp","href":"https:\/\/api.w.org\/{rel}","templated":true}]}}