{"id":659781,"date":"2025-06-14T15:06:18","date_gmt":"2025-06-14T12:06:18","guid":{"rendered":"https:\/\/nextsnkr.com\/product\/prada-boots\/"},"modified":"2026-02-02T13:43:00","modified_gmt":"2026-02-02T10:43:00","slug":"prada-boots","status":"publish","type":"product","link":"https:\/\/nextsnkr.com\/lv\/product\/prada-boots\/","title":{"rendered":"Prada Z\u0101baki-augst\u0101k\u0101s kvalit\u0101tes \u0101das sievie\u0161u z\u0101baki no It\u0101lijas"},"content":{"rendered":"<h2>Prada Z\u0101baki-augst\u0101k\u0101s kvalit\u0101tes \u0101das sievie\u0161u z\u0101baki no It\u0101lijas<\/h2>\n<p>&nbsp;<\/p>\n<p>Prada z\u0101baki ir izgatavoti no \u012bstas it\u0101\u013cu \u0101das, kas nodro\u0161ina nevainojamu kvalit\u0101ti, komfortu un iztur\u012bbu. Stil\u012bgs siluets un kodol\u012bgs dizains padara \u0161o modeli daudzpus\u012bgu jebkuram dr\u0113bju skapim. Augsta piegul\u0161ana, iztur\u012bga zole un r\u016bp\u012bga \u0161\u016b\u0161ana garant\u0113 uzticam\u012bbu ikdienas valk\u0101\u0161an\u0101. Izv\u0113lieties Prada elegantos z\u0101bakus, lai izceltu savu izsmalcin\u0101to stilu un statusu.<\/p>\n","protected":false},"excerpt":{"rendered":"<p>Prada z\u0101baki ir izgatavoti no \u012bstas it\u0101\u013cu \u0101das, kas nodro\u0161ina nevainojamu kvalit\u0101ti, komfortu un iztur\u012bbu. Stil\u012bgs siluets un kodol\u012bgs dizains padara \u0161o modeli daudzpus\u012bgu jebkuram dr\u0113bju skapim. Augsta piegul\u0161ana, iztur\u012bga zole un r\u016bp\u012bga \u0161\u016b\u0161ana garant\u0113 uzticam\u012bbu ikdienas valk\u0101\u0161an\u0101. Izv\u0113lieties Prada elegantos z\u0101bakus, lai izceltu savu izsmalcin\u0101to stilu un statusu.<\/p>\n","protected":false},"featured_media":659782,"comment_status":"open","ping_status":"open","template":"","meta":[],"product_brand":[],"product_cat":[3251,3335],"product_tag":[],"class_list":{"0":"post-659781","1":"product","2":"type-product","3":"status-publish","4":"has-post-thumbnail","6":"product_cat-all-product","7":"product_cat-cherevyky","8":"pa_rozmir-910","9":"pa_rozmir-912","10":"pa_rozmir-914","11":"pa_rozmir-915","12":"pa_rozmir-916","13":"pa_rozmir-917","14":"pa_rozmir-918","15":"pa_rozmir-919","16":"pa_rozmir-920","17":"pa_rozmir-921","18":"pa_rozmir-922","20":"first","21":"instock","22":"purchasable","23":"product-type-variable"},"_links":{"self":[{"href":"https:\/\/nextsnkr.com\/lv\/wp-json\/wp\/v2\/product\/659781","targetHints":{"allow":["GET"]}}],"collection":[{"href":"https:\/\/nextsnkr.com\/lv\/wp-json\/wp\/v2\/product"}],"about":[{"href":"https:\/\/nextsnkr.com\/lv\/wp-json\/wp\/v2\/types\/product"}],"replies":[{"embeddable":true,"href":"https:\/\/nextsnkr.com\/lv\/wp-json\/wp\/v2\/comments?post=659781"}],"version-history":[{"count":0,"href":"https:\/\/nextsnkr.com\/lv\/wp-json\/wp\/v2\/product\/659781\/revisions"}],"wp:featuredmedia":[{"embeddable":true,"href":"https:\/\/nextsnkr.com\/lv\/wp-json\/wp\/v2\/media\/659782"}],"wp:attachment":[{"href":"https:\/\/nextsnkr.com\/lv\/wp-json\/wp\/v2\/media?parent=659781"}],"wp:term":[{"taxonomy":"product_brand","embeddable":true,"href":"https:\/\/nextsnkr.com\/lv\/wp-json\/wp\/v2\/product_brand?post=659781"},{"taxonomy":"product_cat","embeddable":true,"href":"https:\/\/nextsnkr.com\/lv\/wp-json\/wp\/v2\/product_cat?post=659781"},{"taxonomy":"product_tag","embeddable":true,"href":"https:\/\/nextsnkr.com\/lv\/wp-json\/wp\/v2\/product_tag?post=659781"}],"curies":[{"name":"wp","href":"https:\/\/api.w.org\/{rel}","templated":true}]}}