{"id":659677,"date":"2025-06-14T15:06:18","date_gmt":"2025-06-14T12:06:18","guid":{"rendered":"https:\/\/nextsnkr.com\/product\/gucci-black\/"},"modified":"2026-02-02T13:42:52","modified_gmt":"2026-02-02T10:42:52","slug":"gucci-black","status":"publish","type":"product","link":"https:\/\/nextsnkr.com\/lv\/product\/gucci-black\/","title":{"rendered":"Gucci meln\u0101 josta &#8211; stil\u012bga Melna eko \u0101das josta"},"content":{"rendered":"<h2>Gucci meln\u0101 josta &#8211; stil\u012bga Melna eko \u0101das josta<\/h2>\n<p>&nbsp;<\/p>\n<p>Gucci Black josta ir elegants aksesu\u0101rs, kas veiksm\u012bgi apvieno stilu un praktiskumu. Izgatavots no kvalitat\u012bvas Eko \u0100das, tam ir pat\u012bkama tekst\u016bra, nodilumiztur\u012bba un tas ir piem\u0113rots ikdienas lieto\u0161anai. Daudzpus\u012bg\u0101 meln\u0101 kr\u0101sa ir viegli savienojama ar jebkuru izskatu-no klasikas l\u012bdz gad\u012bjuma kr\u0101sai. Stil\u012bgs dizains ar parakstu akcentu papildina katru loku. Izv\u0113lieties Gucci Black, lai izceltu savu gar\u0161u un pievienotu augst\u0101k\u0101s kvalit\u0101tes izskatu.<\/p>\n","protected":false},"excerpt":{"rendered":"<p>Gucci Black josta ir elegants aksesu\u0101rs, kas veiksm\u012bgi apvieno stilu un praktiskumu. Izgatavots no kvalitat\u012bvas Eko \u0100das, tam ir pat\u012bkama tekst\u016bra, nodilumiztur\u012bba un tas ir piem\u0113rots ikdienas lieto\u0161anai. Daudzpus\u012bg\u0101 meln\u0101 kr\u0101sa ir viegli savienojama ar jebkuru izskatu-no klasikas l\u012bdz gad\u012bjuma kr\u0101sai. Stil\u012bgs dizains ar parakstu akcentu papildina katru loku. Izv\u0113lieties Gucci Black, lai izceltu savu gar\u0161u un pievienotu augst\u0101k\u0101s kvalit\u0101tes izskatu.<\/p>\n","protected":false},"featured_media":659678,"comment_status":"open","ping_status":"open","template":"","meta":[],"product_brand":[],"product_cat":[3251,3744],"product_tag":[],"class_list":{"0":"post-659677","1":"product","2":"type-product","3":"status-publish","4":"has-post-thumbnail","6":"product_cat-all-product","7":"product_cat-pojasi","8":"pa_rozmir-120-sm","10":"first","11":"instock","12":"purchasable","13":"product-type-simple"},"_links":{"self":[{"href":"https:\/\/nextsnkr.com\/lv\/wp-json\/wp\/v2\/product\/659677","targetHints":{"allow":["GET"]}}],"collection":[{"href":"https:\/\/nextsnkr.com\/lv\/wp-json\/wp\/v2\/product"}],"about":[{"href":"https:\/\/nextsnkr.com\/lv\/wp-json\/wp\/v2\/types\/product"}],"replies":[{"embeddable":true,"href":"https:\/\/nextsnkr.com\/lv\/wp-json\/wp\/v2\/comments?post=659677"}],"version-history":[{"count":0,"href":"https:\/\/nextsnkr.com\/lv\/wp-json\/wp\/v2\/product\/659677\/revisions"}],"wp:featuredmedia":[{"embeddable":true,"href":"https:\/\/nextsnkr.com\/lv\/wp-json\/wp\/v2\/media\/659678"}],"wp:attachment":[{"href":"https:\/\/nextsnkr.com\/lv\/wp-json\/wp\/v2\/media?parent=659677"}],"wp:term":[{"taxonomy":"product_brand","embeddable":true,"href":"https:\/\/nextsnkr.com\/lv\/wp-json\/wp\/v2\/product_brand?post=659677"},{"taxonomy":"product_cat","embeddable":true,"href":"https:\/\/nextsnkr.com\/lv\/wp-json\/wp\/v2\/product_cat?post=659677"},{"taxonomy":"product_tag","embeddable":true,"href":"https:\/\/nextsnkr.com\/lv\/wp-json\/wp\/v2\/product_tag?post=659677"}],"curies":[{"name":"wp","href":"https:\/\/api.w.org\/{rel}","templated":true}]}}