{"id":659415,"date":"2025-06-14T21:31:38","date_gmt":"2025-06-14T18:31:38","guid":{"rendered":"https:\/\/nextsnkr.com\/product\/ugg-classic-short-brown-mocha-rasprodazha\/"},"modified":"2026-02-02T13:42:48","modified_gmt":"2026-02-02T10:42:48","slug":"ugg-classic-short-brown-mocha-rasprodazha","status":"publish","type":"product","link":"https:\/\/nextsnkr.com\/lv\/product\/ugg-classic-short-brown-mocha-rasprodazha\/","title":{"rendered":"UGG Classic Short Brown Mocha-sievie\u0161u zam\u0161\u0101das uggs ar ka\u017eok\u0101du"},"content":{"rendered":"<h2>UGG Classic Short Brown Mocha-sievie\u0161u zam\u0161\u0101das uggs ar ka\u017eok\u0101du<\/h2>\n<p>&nbsp;<\/p>\n<p>UGG Classic Short Brown Mocha-\u0113rti un silti uggs ziemas sezonai, kas izgatavoti no dab\u012bgas zam\u0161\u0101das un m\u012bkstas m\u0101ksl\u012bg\u0101s ka\u017eok\u0101das. Klasisk\u0101 br\u016bn\u0101 kr\u0101sa uzsver izskata eleganci un daudzpus\u012bbu. Modelis nodro\u0161ina siltumu un \u0113rt\u012bbas ikdienas valk\u0101\u0161anas laik\u0101, savuk\u0101rt viegl\u0101 zole garant\u0113 staig\u0101\u0161anas komfortu. \u0160ie uggs, kas ra\u017eoti Austr\u0101lij\u0101, ir augstas kvalit\u0101tes un iztur\u012bgi. Izv\u0113lieties Ugg Classic Short, lai apvienotu stilu, m\u0101j\u012bgumu un praktiskumu.<\/p>\n","protected":false},"excerpt":{"rendered":"<p>UGG Classic Short Brown Mocha-\u0113rti un silti uggs ziemas sezonai, kas izgatavoti no dab\u012bgas zam\u0161\u0101das un m\u012bkstas m\u0101ksl\u012bg\u0101s ka\u017eok\u0101das. Klasisk\u0101 br\u016bn\u0101 kr\u0101sa uzsver izskata eleganci un daudzpus\u012bbu. Modelis nodro\u0161ina siltumu un \u0113rt\u012bbas ikdienas valk\u0101\u0161anas laik\u0101, savuk\u0101rt viegl\u0101 zole garant\u0113 staig\u0101\u0161anas komfortu. \u0160ie uggs, kas ra\u017eoti Austr\u0101lij\u0101, ir augstas kvalit\u0101tes un iztur\u012bgi. Izv\u0113lieties Ugg Classic Short, lai apvienotu stilu, m\u0101j\u012bgumu un praktiskumu.<\/p>\n","protected":false},"featured_media":659416,"comment_status":"open","ping_status":"open","template":"","meta":[],"product_brand":[],"product_cat":[3411,3251],"product_tag":[],"class_list":{"0":"post-659415","1":"product","2":"type-product","3":"status-publish","4":"has-post-thumbnail","6":"product_cat-ugg","7":"product_cat-all-product","8":"pa_rozmir-923","9":"pa_rozmir-910","10":"pa_rozmir-912","11":"pa_rozmir-914","12":"pa_rozmir-915","13":"pa_rozmir-916","14":"pa_rozmir-917","15":"pa_rozmir-918","16":"pa_rozmir-919","17":"pa_rozmir-920","18":"pa_rozmir-921","20":"first","21":"onbackorder","22":"purchasable","23":"product-type-variable"},"_links":{"self":[{"href":"https:\/\/nextsnkr.com\/lv\/wp-json\/wp\/v2\/product\/659415","targetHints":{"allow":["GET"]}}],"collection":[{"href":"https:\/\/nextsnkr.com\/lv\/wp-json\/wp\/v2\/product"}],"about":[{"href":"https:\/\/nextsnkr.com\/lv\/wp-json\/wp\/v2\/types\/product"}],"replies":[{"embeddable":true,"href":"https:\/\/nextsnkr.com\/lv\/wp-json\/wp\/v2\/comments?post=659415"}],"version-history":[{"count":0,"href":"https:\/\/nextsnkr.com\/lv\/wp-json\/wp\/v2\/product\/659415\/revisions"}],"wp:featuredmedia":[{"embeddable":true,"href":"https:\/\/nextsnkr.com\/lv\/wp-json\/wp\/v2\/media\/659416"}],"wp:attachment":[{"href":"https:\/\/nextsnkr.com\/lv\/wp-json\/wp\/v2\/media?parent=659415"}],"wp:term":[{"taxonomy":"product_brand","embeddable":true,"href":"https:\/\/nextsnkr.com\/lv\/wp-json\/wp\/v2\/product_brand?post=659415"},{"taxonomy":"product_cat","embeddable":true,"href":"https:\/\/nextsnkr.com\/lv\/wp-json\/wp\/v2\/product_cat?post=659415"},{"taxonomy":"product_tag","embeddable":true,"href":"https:\/\/nextsnkr.com\/lv\/wp-json\/wp\/v2\/product_tag?post=659415"}],"curies":[{"name":"wp","href":"https:\/\/api.w.org\/{rel}","templated":true}]}}