{"id":657545,"date":"2025-06-14T21:39:39","date_gmt":"2025-06-14T18:39:39","guid":{"rendered":"https:\/\/nextsnkr.com\/product\/ugg-bailey-button-triplet-ii-high-brown-rasprodazha\/"},"modified":"2026-02-02T13:41:48","modified_gmt":"2026-02-02T10:41:48","slug":"ugg-bailey-button-triplet-ii-high-brown-rasprodazha","status":"publish","type":"product","link":"https:\/\/nextsnkr.com\/lv\/product\/ugg-bailey-button-triplet-ii-high-brown-rasprodazha\/","title":{"rendered":"Z\u0101baki UGG Bailey Button triplet II High Brown zam\u0161\u0101das ar ka\u017eok\u0101du"},"content":{"rendered":"<h2>Z\u0101baki UGG Bailey Button triplet II High Brown zam\u0161\u0101das ar ka\u017eok\u0101du<\/h2>\n<p>&nbsp;<\/p>\n<p>UGG Bailey Button triplet II High Brown z\u0101baki ir izgatavoti no augstas kvalit\u0101tes zam\u0161\u0101das un m\u0101ksl\u012bg\u0101s ka\u017eok\u0101das, kas nodro\u0161ina siltumu, komfortu un iztur\u012bbu. Modelis ar augstu aug\u0161da\u013cu un dekorat\u012bv\u0101m pog\u0101m apvieno stilu un praktiskumu, ide\u0101li piem\u0113rots aukstajam gadalaikam. Viegla zole nodro\u0161ina amortiz\u0101ciju un \u0113rtu staig\u0101\u0161anu. \u0160ie UGG, kas ra\u017eoti Austr\u0101lij\u0101, k\u013c\u016bs par uzticamu un modernu izv\u0113li ikdienas lieto\u0161anai un akt\u012bvam dz\u012bvesveidam.<\/p>\n","protected":false},"excerpt":{"rendered":"<p>UGG Bailey Button triplet II High Brown z\u0101baki ir izgatavoti no augstas kvalit\u0101tes zam\u0161\u0101das un m\u0101ksl\u012bg\u0101s ka\u017eok\u0101das, kas nodro\u0161ina siltumu, komfortu un iztur\u012bbu. Modelis ar augstu aug\u0161da\u013cu un dekorat\u012bv\u0101m pog\u0101m apvieno stilu un praktiskumu, ide\u0101li piem\u0113rots aukstajam gadalaikam. Viegla zole nodro\u0161ina amortiz\u0101ciju un \u0113rtu staig\u0101\u0161anu. \u0160ie UGG, kas ra\u017eoti Austr\u0101lij\u0101, k\u013c\u016bs par uzticamu un modernu izv\u0113li ikdienas lieto\u0161anai un akt\u012bvam dz\u012bvesveidam.<\/p>\n","protected":false},"featured_media":657546,"comment_status":"open","ping_status":"open","template":"","meta":[],"product_brand":[],"product_cat":[3411,3251],"product_tag":[],"class_list":{"0":"post-657545","1":"product","2":"type-product","3":"status-publish","4":"has-post-thumbnail","6":"product_cat-ugg","7":"product_cat-all-product","8":"pa_rozmir-923","9":"pa_rozmir-910","10":"pa_rozmir-912","11":"pa_rozmir-914","12":"pa_rozmir-915","13":"pa_rozmir-916","14":"pa_rozmir-917","15":"pa_rozmir-918","16":"pa_rozmir-919","17":"pa_rozmir-920","18":"pa_rozmir-921","20":"first","21":"onbackorder","22":"purchasable","23":"product-type-variable"},"_links":{"self":[{"href":"https:\/\/nextsnkr.com\/lv\/wp-json\/wp\/v2\/product\/657545","targetHints":{"allow":["GET"]}}],"collection":[{"href":"https:\/\/nextsnkr.com\/lv\/wp-json\/wp\/v2\/product"}],"about":[{"href":"https:\/\/nextsnkr.com\/lv\/wp-json\/wp\/v2\/types\/product"}],"replies":[{"embeddable":true,"href":"https:\/\/nextsnkr.com\/lv\/wp-json\/wp\/v2\/comments?post=657545"}],"version-history":[{"count":0,"href":"https:\/\/nextsnkr.com\/lv\/wp-json\/wp\/v2\/product\/657545\/revisions"}],"wp:featuredmedia":[{"embeddable":true,"href":"https:\/\/nextsnkr.com\/lv\/wp-json\/wp\/v2\/media\/657546"}],"wp:attachment":[{"href":"https:\/\/nextsnkr.com\/lv\/wp-json\/wp\/v2\/media?parent=657545"}],"wp:term":[{"taxonomy":"product_brand","embeddable":true,"href":"https:\/\/nextsnkr.com\/lv\/wp-json\/wp\/v2\/product_brand?post=657545"},{"taxonomy":"product_cat","embeddable":true,"href":"https:\/\/nextsnkr.com\/lv\/wp-json\/wp\/v2\/product_cat?post=657545"},{"taxonomy":"product_tag","embeddable":true,"href":"https:\/\/nextsnkr.com\/lv\/wp-json\/wp\/v2\/product_tag?post=657545"}],"curies":[{"name":"wp","href":"https:\/\/api.w.org\/{rel}","templated":true}]}}