{"id":657375,"date":"2025-06-14T21:40:25","date_gmt":"2025-06-14T18:40:25","guid":{"rendered":"https:\/\/nextsnkr.com\/product\/ugg-bailey-button-triplet-ii-dark-shade-rasprodazha\/"},"modified":"2026-02-02T13:41:32","modified_gmt":"2026-02-02T10:41:32","slug":"ugg-bailey-button-triplet-ii-dark-shade-rasprodazha","status":"publish","type":"product","link":"https:\/\/nextsnkr.com\/lv\/product\/ugg-bailey-button-triplet-ii-dark-shade-rasprodazha\/","title":{"rendered":"UGG Bailey Button triplet II tum\u0161\u0101 nokr\u0101sa-sievie\u0161u zam\u0161\u0101das uggs"},"content":{"rendered":"<h2>UGG Bailey Button triplet II tum\u0161\u0101 nokr\u0101sa-sievie\u0161u zam\u0161\u0101das uggs<\/h2>\n<p>&nbsp;<\/p>\n<p>UGG Bailey Button triplet II Dark Shade ir silti sievie\u0161u dab\u012bg\u0101s zam\u0161\u0101das un m\u0101ksl\u012bg\u0101s ka\u017eok\u0101das uggs, kas rad\u012bti komfortam aukstaj\u0101 sezon\u0101. Modelim ir \u0113rta poga \u0113rtai \u0123\u0113rb\u0161anai un moderns dizains, kas izce\u013c stilu. Polster\u0113ta odere nodro\u0161ina lielisku siltumizol\u0101ciju, un kvalitat\u012bva Austr\u0101lijas ra\u017eo\u0161ana garant\u0113 iztur\u012bbu un uzticam\u012bbu. Izv\u0113lieties Ugg Bailey Button triplet II, lai katru dienu apvienotu siltumu, komfortu un eleganci.<\/p>\n","protected":false},"excerpt":{"rendered":"<p>UGG Bailey Button triplet II Dark Shade ir silti sievie\u0161u dab\u012bg\u0101s zam\u0161\u0101das un m\u0101ksl\u012bg\u0101s ka\u017eok\u0101das uggs, kas rad\u012bti komfortam aukstaj\u0101 sezon\u0101. Modelim ir \u0113rta poga \u0113rtai \u0123\u0113rb\u0161anai un moderns dizains, kas izce\u013c stilu. Polster\u0113ta odere nodro\u0161ina lielisku siltumizol\u0101ciju, un kvalitat\u012bva Austr\u0101lijas ra\u017eo\u0161ana garant\u0113 iztur\u012bbu un uzticam\u012bbu. Izv\u0113lieties Ugg Bailey Button triplet II, lai katru dienu apvienotu siltumu, komfortu un eleganci.<\/p>\n","protected":false},"featured_media":657376,"comment_status":"open","ping_status":"open","template":"","meta":[],"product_brand":[],"product_cat":[3411,3251],"product_tag":[],"class_list":{"0":"post-657375","1":"product","2":"type-product","3":"status-publish","4":"has-post-thumbnail","6":"product_cat-ugg","7":"product_cat-all-product","8":"pa_rozmir-923","9":"pa_rozmir-910","10":"pa_rozmir-912","11":"pa_rozmir-914","12":"pa_rozmir-915","13":"pa_rozmir-916","14":"pa_rozmir-917","15":"pa_rozmir-918","16":"pa_rozmir-919","17":"pa_rozmir-920","18":"pa_rozmir-921","20":"first","21":"onbackorder","22":"purchasable","23":"product-type-variable"},"_links":{"self":[{"href":"https:\/\/nextsnkr.com\/lv\/wp-json\/wp\/v2\/product\/657375","targetHints":{"allow":["GET"]}}],"collection":[{"href":"https:\/\/nextsnkr.com\/lv\/wp-json\/wp\/v2\/product"}],"about":[{"href":"https:\/\/nextsnkr.com\/lv\/wp-json\/wp\/v2\/types\/product"}],"replies":[{"embeddable":true,"href":"https:\/\/nextsnkr.com\/lv\/wp-json\/wp\/v2\/comments?post=657375"}],"version-history":[{"count":0,"href":"https:\/\/nextsnkr.com\/lv\/wp-json\/wp\/v2\/product\/657375\/revisions"}],"wp:featuredmedia":[{"embeddable":true,"href":"https:\/\/nextsnkr.com\/lv\/wp-json\/wp\/v2\/media\/657376"}],"wp:attachment":[{"href":"https:\/\/nextsnkr.com\/lv\/wp-json\/wp\/v2\/media?parent=657375"}],"wp:term":[{"taxonomy":"product_brand","embeddable":true,"href":"https:\/\/nextsnkr.com\/lv\/wp-json\/wp\/v2\/product_brand?post=657375"},{"taxonomy":"product_cat","embeddable":true,"href":"https:\/\/nextsnkr.com\/lv\/wp-json\/wp\/v2\/product_cat?post=657375"},{"taxonomy":"product_tag","embeddable":true,"href":"https:\/\/nextsnkr.com\/lv\/wp-json\/wp\/v2\/product_tag?post=657375"}],"curies":[{"name":"wp","href":"https:\/\/api.w.org\/{rel}","templated":true}]}}