{"id":657205,"date":"2025-06-14T21:41:14","date_gmt":"2025-06-14T18:41:14","guid":{"rendered":"https:\/\/nextsnkr.com\/product\/ugg-bailey-button-triplet-ii-light-shade-rasprodazha\/"},"modified":"2026-02-02T13:41:27","modified_gmt":"2026-02-02T10:41:27","slug":"ugg-bailey-button-triplet-ii-light-shade-rasprodazha","status":"publish","type":"product","link":"https:\/\/nextsnkr.com\/lv\/product\/ugg-bailey-button-triplet-ii-light-shade-rasprodazha\/","title":{"rendered":"UGG UGG Bailey Button triplet II gaismas Sh zam\u0161\u0101das sievietes"},"content":{"rendered":"<h2>UGG UGG Bailey Button triplet II gaismas Sh zam\u0161\u0101das sievietes<\/h2>\n<p>&nbsp;<\/p>\n<p>UGG Bailey Button triplet II light Shade ir silti un \u0113rti ziemas z\u0101baki ikdienas valk\u0101\u0161anai. Izgatavoti no kvalitat\u012bvas zam\u0161\u0101das un m\u0101ksl\u012bg\u0101s ka\u017eok\u0101das, tie nodro\u0161ina siltumu, maigumu un \u0113rtu piegul\u0161anu uz k\u0101jas. Gaismas Sh gai\u0161ais tonis pie\u0161\u0137ir izskatam maigumu un viegli sapl\u016bst ar jebkuru ziemas dr\u0113bju skapi. \u0160ie Ugg UGG, kas ra\u017eoti Austr\u0101lij\u0101, pied\u0101v\u0101 izcilu kvalit\u0101ti, stil\u012bgu dizainu un praktiskumu aukstaj\u0101 sezon\u0101.<\/p>\n","protected":false},"excerpt":{"rendered":"<p>UGG Bailey Button triplet II light Shade ir silti un \u0113rti ziemas z\u0101baki ikdienas valk\u0101\u0161anai. Izgatavoti no kvalitat\u012bvas zam\u0161\u0101das un m\u0101ksl\u012bg\u0101s ka\u017eok\u0101das, tie nodro\u0161ina siltumu, maigumu un \u0113rtu piegul\u0161anu uz k\u0101jas. Gaismas Sh gai\u0161ais tonis pie\u0161\u0137ir izskatam maigumu un viegli sapl\u016bst ar jebkuru ziemas dr\u0113bju skapi. \u0160ie Ugg UGG, kas ra\u017eoti Austr\u0101lij\u0101, pied\u0101v\u0101 izcilu kvalit\u0101ti, stil\u012bgu dizainu un praktiskumu aukstaj\u0101 sezon\u0101.<\/p>\n","protected":false},"featured_media":657206,"comment_status":"open","ping_status":"open","template":"","meta":[],"product_brand":[],"product_cat":[3411,3251],"product_tag":[],"class_list":{"0":"post-657205","1":"product","2":"type-product","3":"status-publish","4":"has-post-thumbnail","6":"product_cat-ugg","7":"product_cat-all-product","8":"pa_rozmir-923","9":"pa_rozmir-910","10":"pa_rozmir-912","11":"pa_rozmir-914","12":"pa_rozmir-915","13":"pa_rozmir-916","14":"pa_rozmir-917","15":"pa_rozmir-918","16":"pa_rozmir-919","17":"pa_rozmir-920","18":"pa_rozmir-921","20":"first","21":"onbackorder","22":"purchasable","23":"product-type-variable"},"_links":{"self":[{"href":"https:\/\/nextsnkr.com\/lv\/wp-json\/wp\/v2\/product\/657205","targetHints":{"allow":["GET"]}}],"collection":[{"href":"https:\/\/nextsnkr.com\/lv\/wp-json\/wp\/v2\/product"}],"about":[{"href":"https:\/\/nextsnkr.com\/lv\/wp-json\/wp\/v2\/types\/product"}],"replies":[{"embeddable":true,"href":"https:\/\/nextsnkr.com\/lv\/wp-json\/wp\/v2\/comments?post=657205"}],"version-history":[{"count":0,"href":"https:\/\/nextsnkr.com\/lv\/wp-json\/wp\/v2\/product\/657205\/revisions"}],"wp:featuredmedia":[{"embeddable":true,"href":"https:\/\/nextsnkr.com\/lv\/wp-json\/wp\/v2\/media\/657206"}],"wp:attachment":[{"href":"https:\/\/nextsnkr.com\/lv\/wp-json\/wp\/v2\/media?parent=657205"}],"wp:term":[{"taxonomy":"product_brand","embeddable":true,"href":"https:\/\/nextsnkr.com\/lv\/wp-json\/wp\/v2\/product_brand?post=657205"},{"taxonomy":"product_cat","embeddable":true,"href":"https:\/\/nextsnkr.com\/lv\/wp-json\/wp\/v2\/product_cat?post=657205"},{"taxonomy":"product_tag","embeddable":true,"href":"https:\/\/nextsnkr.com\/lv\/wp-json\/wp\/v2\/product_tag?post=657205"}],"curies":[{"name":"wp","href":"https:\/\/api.w.org\/{rel}","templated":true}]}}