{"id":656410,"date":"2025-06-14T21:45:42","date_gmt":"2025-06-14T18:45:42","guid":{"rendered":"https:\/\/nextsnkr.com\/product\/nike-air-force-low-white-light-purple\/"},"modified":"2026-02-02T13:41:05","modified_gmt":"2026-02-02T10:41:05","slug":"nike-air-force-low-white-light-purple","status":"publish","type":"product","link":"https:\/\/nextsnkr.com\/lv\/product\/nike-air-force-low-white-light-purple\/","title":{"rendered":"Nike Air Force Low White \/ Light Purple \u010d\u012bbas-\u0101das stil\u012bgs"},"content":{"rendered":"<h2>Nike Air Force Low White \/ Light Purple \u010d\u012bbas-\u0101das stil\u012bgs<\/h2>\n<p>&nbsp;<\/p>\n<p>Nike Air Force Low White \/ Light Purple \u010d\u012bbas ir klasisks modelis ikdienas valk\u0101\u0161anai un sportiskam stilam. Izgatavoti no \u012bstas \u0101das, tie nodro\u0161ina p\u0113das iztur\u012bbu, iztur\u012bbu un \u0113rtu piegul\u0161anu. Stil\u012bga baltas un gai\u0161i violetas kr\u0101sas kombin\u0101cija pie\u0161\u0137ir m\u016bsdien\u012bgumu un vieglumu. Dro\u0161a zole garant\u0113 amortiz\u0101ciju un komfortu pastaig\u0101s, treni\u0146os vai \u0101ra aktivit\u0101t\u0113s. Izv\u0113lieties Nike Air Force Low-stilu, komfortu un p\u0101rbaud\u012btu kvalit\u0101ti.<\/p>\n","protected":false},"excerpt":{"rendered":"<p>Nike Air Force Low White \/ Light Purple \u010d\u012bbas ir klasisks modelis ikdienas valk\u0101\u0161anai un sportiskam stilam. Izgatavoti no \u012bstas \u0101das, tie nodro\u0161ina p\u0113das iztur\u012bbu, iztur\u012bbu un \u0113rtu piegul\u0161anu. Stil\u012bga baltas un gai\u0161i violetas kr\u0101sas kombin\u0101cija pie\u0161\u0137ir m\u016bsdien\u012bgumu un vieglumu. Dro\u0161a zole garant\u0113 amortiz\u0101ciju un komfortu pastaig\u0101s, treni\u0146os vai \u0101ra aktivit\u0101t\u0113s. Izv\u0113lieties Nike Air Force Low-stilu, komfortu un p\u0101rbaud\u012btu kvalit\u0101ti.<\/p>\n","protected":false},"featured_media":656411,"comment_status":"open","ping_status":"open","template":"","meta":[],"product_brand":[],"product_cat":[3251,3322],"product_tag":[],"class_list":{"0":"post-656410","1":"product","2":"type-product","3":"status-publish","4":"has-post-thumbnail","6":"product_cat-all-product","7":"product_cat-kedy","8":"pa_rozmir-910","10":"first","11":"instock","12":"purchasable","13":"product-type-variable"},"_links":{"self":[{"href":"https:\/\/nextsnkr.com\/lv\/wp-json\/wp\/v2\/product\/656410","targetHints":{"allow":["GET"]}}],"collection":[{"href":"https:\/\/nextsnkr.com\/lv\/wp-json\/wp\/v2\/product"}],"about":[{"href":"https:\/\/nextsnkr.com\/lv\/wp-json\/wp\/v2\/types\/product"}],"replies":[{"embeddable":true,"href":"https:\/\/nextsnkr.com\/lv\/wp-json\/wp\/v2\/comments?post=656410"}],"version-history":[{"count":0,"href":"https:\/\/nextsnkr.com\/lv\/wp-json\/wp\/v2\/product\/656410\/revisions"}],"wp:featuredmedia":[{"embeddable":true,"href":"https:\/\/nextsnkr.com\/lv\/wp-json\/wp\/v2\/media\/656411"}],"wp:attachment":[{"href":"https:\/\/nextsnkr.com\/lv\/wp-json\/wp\/v2\/media?parent=656410"}],"wp:term":[{"taxonomy":"product_brand","embeddable":true,"href":"https:\/\/nextsnkr.com\/lv\/wp-json\/wp\/v2\/product_brand?post=656410"},{"taxonomy":"product_cat","embeddable":true,"href":"https:\/\/nextsnkr.com\/lv\/wp-json\/wp\/v2\/product_cat?post=656410"},{"taxonomy":"product_tag","embeddable":true,"href":"https:\/\/nextsnkr.com\/lv\/wp-json\/wp\/v2\/product_tag?post=656410"}],"curies":[{"name":"wp","href":"https:\/\/api.w.org\/{rel}","templated":true}]}}