{"id":655116,"date":"2025-06-16T18:40:31","date_gmt":"2025-06-16T15:40:31","guid":{"rendered":"https:\/\/nextsnkr.com\/product\/adidas-yeezy-boost-350-v2-blackred\/"},"modified":"2026-02-02T13:40:18","modified_gmt":"2026-02-02T10:40:18","slug":"adidas-yeezy-boost-350-v2-blackred","status":"publish","type":"product","link":"https:\/\/nextsnkr.com\/lv\/product\/adidas-yeezy-boost-350-v2-blackred\/","title":{"rendered":"Adidas Yeezy Boost 350 V2 Black \/ Red-V\u012brie\u0161u tekstila \u010d\u012bbas"},"content":{"rendered":"<h2>Adidas Yeezy Boost 350 V2 Black \/ Red-V\u012brie\u0161u tekstila \u010d\u012bbas<\/h2>\n<p>&nbsp;<\/p>\n<p>Adidas Yeezy Boost 350 V2 Black \/ Red \u010d\u012bbas ir izgatavotas no elpojo\u0161a tekstila sieta un m\u012bkstas gumijas zoles ar Boost tehnolo\u0123iju, kas nodro\u0161ina komfortu, amortiz\u0101ciju un iztur\u012bbu. Modelis ir piem\u0113rots lieto\u0161anai \u0101rpus sezonas un ikdienas valk\u0101\u0161anai. Stil\u012bg\u0101 meln\u0101 un sarkan\u0101 kombin\u0101cija pie\u0161\u0137ir m\u016bsdien\u012bgu izskatu, un pilns komplekts ar ori\u0123in\u0101lo kast\u012bti, dokument\u0101ciju un piederumiem garant\u0113 autentiskumu. Izv\u0113lieties Adidas Yeezy Boost 350 V2, lai apvienotu augst\u0101k\u0101s kvalit\u0101tes un modernu dizainu.<\/p>\n","protected":false},"excerpt":{"rendered":"<p>Adidas Yeezy Boost 350 V2 Black \/ Red \u010d\u012bbas ir izgatavotas no elpojo\u0161a tekstila sieta un m\u012bkstas gumijas zoles ar Boost tehnolo\u0123iju, kas nodro\u0161ina komfortu, amortiz\u0101ciju un iztur\u012bbu. Modelis ir piem\u0113rots lieto\u0161anai \u0101rpus sezonas un ikdienas valk\u0101\u0161anai. Stil\u012bg\u0101 meln\u0101 un sarkan\u0101 kombin\u0101cija pie\u0161\u0137ir m\u016bsdien\u012bgu izskatu, un pilns komplekts ar ori\u0123in\u0101lo kast\u012bti, dokument\u0101ciju un piederumiem garant\u0113 autentiskumu. Izv\u0113lieties Adidas Yeezy Boost 350 V2, lai apvienotu augst\u0101k\u0101s kvalit\u0101tes un modernu dizainu.<\/p>\n","protected":false},"featured_media":655117,"comment_status":"open","ping_status":"open","template":"","meta":[],"product_brand":[],"product_cat":[3400,3251,3252],"product_tag":[],"class_list":{"0":"post-655116","1":"product","2":"type-product","3":"status-publish","4":"has-post-thumbnail","6":"product_cat-adidas-yeezy","7":"product_cat-all-product","8":"product_cat-krosivky","9":"pa_rozmir-910","10":"pa_rozmir-912","11":"pa_rozmir-914","12":"pa_rozmir-915","13":"pa_rozmir-916","14":"pa_rozmir-917","15":"pa_rozmir-918","16":"pa_rozmir-919","17":"pa_rozmir-920","18":"pa_rozmir-921","19":"pa_rozmir-922","21":"first","22":"onbackorder","23":"purchasable","24":"product-type-variable"},"_links":{"self":[{"href":"https:\/\/nextsnkr.com\/lv\/wp-json\/wp\/v2\/product\/655116","targetHints":{"allow":["GET"]}}],"collection":[{"href":"https:\/\/nextsnkr.com\/lv\/wp-json\/wp\/v2\/product"}],"about":[{"href":"https:\/\/nextsnkr.com\/lv\/wp-json\/wp\/v2\/types\/product"}],"replies":[{"embeddable":true,"href":"https:\/\/nextsnkr.com\/lv\/wp-json\/wp\/v2\/comments?post=655116"}],"version-history":[{"count":0,"href":"https:\/\/nextsnkr.com\/lv\/wp-json\/wp\/v2\/product\/655116\/revisions"}],"wp:featuredmedia":[{"embeddable":true,"href":"https:\/\/nextsnkr.com\/lv\/wp-json\/wp\/v2\/media\/655117"}],"wp:attachment":[{"href":"https:\/\/nextsnkr.com\/lv\/wp-json\/wp\/v2\/media?parent=655116"}],"wp:term":[{"taxonomy":"product_brand","embeddable":true,"href":"https:\/\/nextsnkr.com\/lv\/wp-json\/wp\/v2\/product_brand?post=655116"},{"taxonomy":"product_cat","embeddable":true,"href":"https:\/\/nextsnkr.com\/lv\/wp-json\/wp\/v2\/product_cat?post=655116"},{"taxonomy":"product_tag","embeddable":true,"href":"https:\/\/nextsnkr.com\/lv\/wp-json\/wp\/v2\/product_tag?post=655116"}],"curies":[{"name":"wp","href":"https:\/\/api.w.org\/{rel}","templated":true}]}}