{"id":654947,"date":"2025-06-16T18:41:19","date_gmt":"2025-06-16T15:41:19","guid":{"rendered":"https:\/\/nextsnkr.com\/product\/yeezy-350-pink-s\/"},"modified":"2026-02-02T13:40:13","modified_gmt":"2026-02-02T10:40:13","slug":"yeezy-350-pink-s","status":"publish","type":"product","link":"https:\/\/nextsnkr.com\/lv\/product\/yeezy-350-pink-s\/","title":{"rendered":"Yeezy 350 Pink s \u010d\u012bbas-tekstila sievie\u0161u \u010d\u012bbas ar Boost zoli"},"content":{"rendered":"<h2>Yeezy 350 Pink s \u010d\u012bbas-tekstila sievie\u0161u \u010d\u012bbas ar Boost zoli<\/h2>\n<p>&nbsp;<\/p>\n<p>Yeezy 350 Pink s \u010d\u012bbas ir izgatavotas no trikot\u0101\u017eas tekstilizstr\u0101d\u0101jumiem, un t\u0101m ir novatoriska EVA b\u0101zes Boost zole, kas nodro\u0161ina maksim\u0101lu amortiz\u0101ciju, komfortu un vieglu soli. Spilgti roz\u0101 kr\u0101sa pie\u0161\u0137ir m\u016bsdien\u012bgumu un padara modeli par iev\u0113rojamu jebkura izskata akcentu. Ra\u017eoti Vjetnam\u0101, \u010d\u012bbas ir ori\u0123in\u0101laj\u0101 kast\u0113 un ir piem\u0113rotas ikdienas valk\u0101\u0161anai, sportam un akt\u012bvai pils\u0113tas dz\u012bvei. Ide\u0101la izv\u0113le tiem, kas nov\u0113rt\u0113 stilu un komfortu.<\/p>\n","protected":false},"excerpt":{"rendered":"<p>Yeezy 350 Pink s \u010d\u012bbas ir izgatavotas no trikot\u0101\u017eas tekstilizstr\u0101d\u0101jumiem, un t\u0101m ir novatoriska EVA b\u0101zes Boost zole, kas nodro\u0161ina maksim\u0101lu amortiz\u0101ciju, komfortu un vieglu soli. Spilgti roz\u0101 kr\u0101sa pie\u0161\u0137ir m\u016bsdien\u012bgumu un padara modeli par iev\u0113rojamu jebkura izskata akcentu. Ra\u017eoti Vjetnam\u0101, \u010d\u012bbas ir ori\u0123in\u0101laj\u0101 kast\u0113 un ir piem\u0113rotas ikdienas valk\u0101\u0161anai, sportam un akt\u012bvai pils\u0113tas dz\u012bvei. Ide\u0101la izv\u0113le tiem, kas nov\u0113rt\u0113 stilu un komfortu.<\/p>\n","protected":false},"featured_media":654948,"comment_status":"open","ping_status":"open","template":"","meta":[],"product_brand":[],"product_cat":[3400,3251,3252],"product_tag":[],"class_list":{"0":"post-654947","1":"product","2":"type-product","3":"status-publish","4":"has-post-thumbnail","6":"product_cat-adidas-yeezy","7":"product_cat-all-product","8":"product_cat-krosivky","9":"pa_rozmir-910","10":"pa_rozmir-912","11":"pa_rozmir-914","12":"pa_rozmir-915","13":"pa_rozmir-916","14":"pa_rozmir-917","15":"pa_rozmir-918","16":"pa_rozmir-919","17":"pa_rozmir-920","18":"pa_rozmir-921","19":"pa_rozmir-922","21":"first","22":"onbackorder","23":"purchasable","24":"product-type-variable"},"_links":{"self":[{"href":"https:\/\/nextsnkr.com\/lv\/wp-json\/wp\/v2\/product\/654947","targetHints":{"allow":["GET"]}}],"collection":[{"href":"https:\/\/nextsnkr.com\/lv\/wp-json\/wp\/v2\/product"}],"about":[{"href":"https:\/\/nextsnkr.com\/lv\/wp-json\/wp\/v2\/types\/product"}],"replies":[{"embeddable":true,"href":"https:\/\/nextsnkr.com\/lv\/wp-json\/wp\/v2\/comments?post=654947"}],"version-history":[{"count":0,"href":"https:\/\/nextsnkr.com\/lv\/wp-json\/wp\/v2\/product\/654947\/revisions"}],"wp:featuredmedia":[{"embeddable":true,"href":"https:\/\/nextsnkr.com\/lv\/wp-json\/wp\/v2\/media\/654948"}],"wp:attachment":[{"href":"https:\/\/nextsnkr.com\/lv\/wp-json\/wp\/v2\/media?parent=654947"}],"wp:term":[{"taxonomy":"product_brand","embeddable":true,"href":"https:\/\/nextsnkr.com\/lv\/wp-json\/wp\/v2\/product_brand?post=654947"},{"taxonomy":"product_cat","embeddable":true,"href":"https:\/\/nextsnkr.com\/lv\/wp-json\/wp\/v2\/product_cat?post=654947"},{"taxonomy":"product_tag","embeddable":true,"href":"https:\/\/nextsnkr.com\/lv\/wp-json\/wp\/v2\/product_tag?post=654947"}],"curies":[{"name":"wp","href":"https:\/\/api.w.org\/{rel}","templated":true}]}}