{"id":652741,"date":"2025-06-16T18:49:18","date_gmt":"2025-06-16T15:49:18","guid":{"rendered":"https:\/\/nextsnkr.com\/product\/sale-dr-martens-jadon-lv-premium-khutro-zastibka\/"},"modified":"2026-02-02T13:39:02","modified_gmt":"2026-02-02T10:39:02","slug":"sale-dr-martens-jadon-lv-premium-khutro-zastibka","status":"publish","type":"product","link":"https:\/\/nextsnkr.com\/lv\/product\/sale-dr-martens-jadon-lv-premium-khutro-zastibka\/","title":{"rendered":"Z\u0101baki Dr.Martens Jadon LV Premium ar ka\u017eok\u0101du un aizdari"},"content":{"rendered":"<h2>Z\u0101baki Dr.Martens Jadon LV Premium ar ka\u017eok\u0101du un aizdari<\/h2>\n<p>&nbsp;<\/p>\n<p>Premium Z\u0101baki Dr.Martens Jadon LV Premium ir izgatavots no m\u012bkstas, gludas \u0101das un apr\u012bkots ar ka\u017eok\u0101du un \u0113rtu aizdari, kas nodro\u0161ina siltumu un komfortu aukst\u0101 laik\u0101. Modelim ir stil\u012bgs melns dizains, Iztur\u012bga konstrukcija un papildu me\u017e\u0123\u012bnes piel\u0101gotai piem\u0113rot\u012bbai. \u0160ie z\u0101baki, kas ra\u017eoti Vjetnam\u0101, sver 1110 g, ir apr\u012bkoti ar z\u012bmola iepakojumu, dokument\u0101ciju un aksesu\u0101riem, apvienojot z\u012bmola augst\u0101k\u0101s klases Dr stilu.Martens un praktiskums ikdienas valk\u0101\u0161anai.<\/p>\n","protected":false},"excerpt":{"rendered":"<p>Premium Z\u0101baki Dr.Martens Jadon LV Premium ir izgatavots no m\u012bkstas, gludas \u0101das un apr\u012bkots ar ka\u017eok\u0101du un \u0113rtu aizdari, kas nodro\u0161ina siltumu un komfortu aukst\u0101 laik\u0101. Modelim ir stil\u012bgs melns dizains, Iztur\u012bga konstrukcija un papildu me\u017e\u0123\u012bnes piel\u0101gotai piem\u0113rot\u012bbai. \u0160ie z\u0101baki, kas ra\u017eoti Vjetnam\u0101, sver 1110 g, ir apr\u012bkoti ar z\u012bmola iepakojumu, dokument\u0101ciju un aksesu\u0101riem, apvienojot z\u012bmola augst\u0101k\u0101s klases Dr stilu.Martens un praktiskums ikdienas valk\u0101\u0161anai.<\/p>\n","protected":false},"featured_media":652742,"comment_status":"open","ping_status":"open","template":"","meta":[],"product_brand":[2398],"product_cat":[3620,3251,3335],"product_tag":[],"class_list":{"0":"post-652741","1":"product","2":"type-product","3":"status-publish","4":"has-post-thumbnail","6":"product_brand-dr-martens","7":"product_cat-dr-martens","8":"product_cat-all-product","9":"product_cat-cherevyky","10":"pa_rozmir-910","11":"pa_rozmir-912","12":"pa_rozmir-914","13":"pa_rozmir-915","14":"pa_rozmir-916","15":"pa_rozmir-917","16":"pa_rozmir-918","17":"pa_rozmir-919","18":"pa_rozmir-920","19":"pa_rozmir-921","20":"pa_rozmir-922","22":"first","23":"instock","24":"purchasable","25":"product-type-variable"},"_links":{"self":[{"href":"https:\/\/nextsnkr.com\/lv\/wp-json\/wp\/v2\/product\/652741","targetHints":{"allow":["GET"]}}],"collection":[{"href":"https:\/\/nextsnkr.com\/lv\/wp-json\/wp\/v2\/product"}],"about":[{"href":"https:\/\/nextsnkr.com\/lv\/wp-json\/wp\/v2\/types\/product"}],"replies":[{"embeddable":true,"href":"https:\/\/nextsnkr.com\/lv\/wp-json\/wp\/v2\/comments?post=652741"}],"version-history":[{"count":0,"href":"https:\/\/nextsnkr.com\/lv\/wp-json\/wp\/v2\/product\/652741\/revisions"}],"wp:featuredmedia":[{"embeddable":true,"href":"https:\/\/nextsnkr.com\/lv\/wp-json\/wp\/v2\/media\/652742"}],"wp:attachment":[{"href":"https:\/\/nextsnkr.com\/lv\/wp-json\/wp\/v2\/media?parent=652741"}],"wp:term":[{"taxonomy":"product_brand","embeddable":true,"href":"https:\/\/nextsnkr.com\/lv\/wp-json\/wp\/v2\/product_brand?post=652741"},{"taxonomy":"product_cat","embeddable":true,"href":"https:\/\/nextsnkr.com\/lv\/wp-json\/wp\/v2\/product_cat?post=652741"},{"taxonomy":"product_tag","embeddable":true,"href":"https:\/\/nextsnkr.com\/lv\/wp-json\/wp\/v2\/product_tag?post=652741"}],"curies":[{"name":"wp","href":"https:\/\/api.w.org\/{rel}","templated":true}]}}