{"id":652435,"date":"2025-06-16T18:50:09","date_gmt":"2025-06-16T15:50:09","guid":{"rendered":"https:\/\/nextsnkr.com\/product\/sale-dr-martens-1460-beige-premium-khutro\/"},"modified":"2026-02-02T13:38:43","modified_gmt":"2026-02-02T10:38:43","slug":"sale-dr-martens-1460-beige-premium-khutro","status":"publish","type":"product","link":"https:\/\/nextsnkr.com\/lv\/product\/sale-dr-martens-1460-beige-premium-khutro\/","title":{"rendered":"Z\u0101baki Dr. Martens 1460 Beige Premium ar ka\u017eok\u0101du-\u0101das sievie\u0161u \/ v\u012brie\u0161u"},"content":{"rendered":"<h2>Z\u0101baki Dr. Martens 1460 Beige Premium ar ka\u017eok\u0101du-\u0101das sievie\u0161u \/ v\u012brie\u0161u<\/h2>\n<p>&nbsp;<\/p>\n<p>Z\u0101baki Dr. Martens 1460 Beige Premium ar ka\u017eok\u0101du-stil\u012bgi un silti z\u0101baki no m\u012bkstas, gludas \u0101das ikdienas valk\u0101\u0161anai aukstaj\u0101 sezon\u0101. Modelim ir iztur\u012bga zole, \u0113rta piegul\u0161ana un daudzpus\u012bga smil\u0161kr\u0101sas kr\u0101sa, kas viegli sapl\u016bst ar jebkuru izskatu. \u0160ie z\u0101baki, kas izgatavoti Vjetnam\u0101, ir apr\u012bkoti ar papildu me\u017e\u0123\u012bn\u0113m, z\u012bmola iepakojumu un dokumentiem, apvienojot augst\u0101k\u0101s kvalit\u0101tes, iztur\u012bbas un Dr z\u012bmola le\u0123end\u0101ro stilu. Martens.<\/p>\n","protected":false},"excerpt":{"rendered":"<p>Z\u0101baki Dr. Martens 1460 Beige Premium ar ka\u017eok\u0101du-stil\u012bgi un silti z\u0101baki no m\u012bkstas, gludas \u0101das ikdienas valk\u0101\u0161anai aukstaj\u0101 sezon\u0101. Modelim ir iztur\u012bga zole, \u0113rta piegul\u0161ana un daudzpus\u012bga smil\u0161kr\u0101sas kr\u0101sa, kas viegli sapl\u016bst ar jebkuru izskatu. \u0160ie z\u0101baki, kas izgatavoti Vjetnam\u0101, ir apr\u012bkoti ar papildu me\u017e\u0123\u012bn\u0113m, z\u012bmola iepakojumu un dokumentiem, apvienojot augst\u0101k\u0101s kvalit\u0101tes, iztur\u012bbas un Dr z\u012bmola le\u0123end\u0101ro stilu. Martens.<\/p>\n","protected":false},"featured_media":652439,"comment_status":"open","ping_status":"open","template":"","meta":[],"product_brand":[2398],"product_cat":[3620,3251,3335],"product_tag":[],"class_list":{"0":"post-652435","1":"product","2":"type-product","3":"status-publish","4":"has-post-thumbnail","6":"product_brand-dr-martens","7":"product_cat-dr-martens","8":"product_cat-all-product","9":"product_cat-cherevyky","10":"pa_rozmir-910","11":"pa_rozmir-912","12":"pa_rozmir-914","13":"pa_rozmir-915","14":"pa_rozmir-916","15":"pa_rozmir-917","16":"pa_rozmir-918","17":"pa_rozmir-919","18":"pa_rozmir-920","19":"pa_rozmir-921","20":"pa_rozmir-922","22":"first","23":"instock","24":"purchasable","25":"product-type-variable"},"_links":{"self":[{"href":"https:\/\/nextsnkr.com\/lv\/wp-json\/wp\/v2\/product\/652435","targetHints":{"allow":["GET"]}}],"collection":[{"href":"https:\/\/nextsnkr.com\/lv\/wp-json\/wp\/v2\/product"}],"about":[{"href":"https:\/\/nextsnkr.com\/lv\/wp-json\/wp\/v2\/types\/product"}],"replies":[{"embeddable":true,"href":"https:\/\/nextsnkr.com\/lv\/wp-json\/wp\/v2\/comments?post=652435"}],"version-history":[{"count":0,"href":"https:\/\/nextsnkr.com\/lv\/wp-json\/wp\/v2\/product\/652435\/revisions"}],"wp:featuredmedia":[{"embeddable":true,"href":"https:\/\/nextsnkr.com\/lv\/wp-json\/wp\/v2\/media\/652439"}],"wp:attachment":[{"href":"https:\/\/nextsnkr.com\/lv\/wp-json\/wp\/v2\/media?parent=652435"}],"wp:term":[{"taxonomy":"product_brand","embeddable":true,"href":"https:\/\/nextsnkr.com\/lv\/wp-json\/wp\/v2\/product_brand?post=652435"},{"taxonomy":"product_cat","embeddable":true,"href":"https:\/\/nextsnkr.com\/lv\/wp-json\/wp\/v2\/product_cat?post=652435"},{"taxonomy":"product_tag","embeddable":true,"href":"https:\/\/nextsnkr.com\/lv\/wp-json\/wp\/v2\/product_tag?post=652435"}],"curies":[{"name":"wp","href":"https:\/\/api.w.org\/{rel}","templated":true}]}}