{"id":650863,"date":"2025-06-16T18:55:02","date_gmt":"2025-06-16T15:55:02","guid":{"rendered":"https:\/\/nextsnkr.com\/product\/new-balance-530-white-silver\/"},"modified":"2026-02-02T13:38:03","modified_gmt":"2026-02-02T10:38:03","slug":"new-balance-530-white-silver","status":"publish","type":"product","link":"https:\/\/nextsnkr.com\/lv\/product\/new-balance-530-white-silver\/","title":{"rendered":"New Balance 530 White \/ Silver \u010d\u012bbas-v\u012brie\u0161u \u0101das un tekstila"},"content":{"rendered":"<h2>New Balance 530 White \/ Silver \u010d\u012bbas-v\u012brie\u0161u \u0101das un tekstila<\/h2>\n<p>&nbsp;<\/p>\n<p>New Balance 530 White \/ Silver-stil\u012bgas v\u012brie\u0161u kedas ar \u0101das un tekstila kombin\u0101ciju, kas nodro\u0161ina komfortu, iztur\u012bbu un \u0113rt\u012bbas ikdienas valk\u0101\u0161an\u0101. Viegla un amortiz\u0113jo\u0161a zole garant\u0113 \u0113rt\u012bbas pastaigu un \u0101ra aktivit\u0101\u0161u laik\u0101, savuk\u0101rt klasisk\u0101 balt\u0101 un sudraba kr\u0101sa izce\u013c m\u016bsdienu stilu. Modelis ir ide\u0101li piem\u0113rots sportam un ikdienas lieto\u0161anai. Ra\u017eo\u0161ana Vjetnam\u0101 apstiprina augstas kvalit\u0101tes materi\u0101lus un iztur\u012bbu.<\/p>\n","protected":false},"excerpt":{"rendered":"<p>New Balance 530 White \/ Silver-stil\u012bgas v\u012brie\u0161u kedas ar \u0101das un tekstila kombin\u0101ciju, kas nodro\u0161ina komfortu, iztur\u012bbu un \u0113rt\u012bbas ikdienas valk\u0101\u0161an\u0101. Viegla un amortiz\u0113jo\u0161a zole garant\u0113 \u0113rt\u012bbas pastaigu un \u0101ra aktivit\u0101\u0161u laik\u0101, savuk\u0101rt klasisk\u0101 balt\u0101 un sudraba kr\u0101sa izce\u013c m\u016bsdienu stilu. Modelis ir ide\u0101li piem\u0113rots sportam un ikdienas lieto\u0161anai. Ra\u017eo\u0161ana Vjetnam\u0101 apstiprina augstas kvalit\u0101tes materi\u0101lus un iztur\u012bbu.<\/p>\n","protected":false},"featured_media":650868,"comment_status":"open","ping_status":"open","template":"","meta":[],"product_brand":[],"product_cat":[3251,3252],"product_tag":[],"class_list":{"0":"post-650863","1":"product","2":"type-product","3":"status-publish","4":"has-post-thumbnail","6":"product_cat-all-product","7":"product_cat-krosivky","8":"pa_rozmir-910","9":"pa_rozmir-912","10":"pa_rozmir-914","11":"pa_rozmir-915","12":"pa_rozmir-916","13":"pa_rozmir-917","14":"pa_rozmir-918","15":"pa_rozmir-919","16":"pa_rozmir-920","17":"pa_rozmir-921","18":"pa_rozmir-922","20":"first","21":"onbackorder","22":"purchasable","23":"product-type-variable"},"_links":{"self":[{"href":"https:\/\/nextsnkr.com\/lv\/wp-json\/wp\/v2\/product\/650863","targetHints":{"allow":["GET"]}}],"collection":[{"href":"https:\/\/nextsnkr.com\/lv\/wp-json\/wp\/v2\/product"}],"about":[{"href":"https:\/\/nextsnkr.com\/lv\/wp-json\/wp\/v2\/types\/product"}],"replies":[{"embeddable":true,"href":"https:\/\/nextsnkr.com\/lv\/wp-json\/wp\/v2\/comments?post=650863"}],"version-history":[{"count":0,"href":"https:\/\/nextsnkr.com\/lv\/wp-json\/wp\/v2\/product\/650863\/revisions"}],"wp:featuredmedia":[{"embeddable":true,"href":"https:\/\/nextsnkr.com\/lv\/wp-json\/wp\/v2\/media\/650868"}],"wp:attachment":[{"href":"https:\/\/nextsnkr.com\/lv\/wp-json\/wp\/v2\/media?parent=650863"}],"wp:term":[{"taxonomy":"product_brand","embeddable":true,"href":"https:\/\/nextsnkr.com\/lv\/wp-json\/wp\/v2\/product_brand?post=650863"},{"taxonomy":"product_cat","embeddable":true,"href":"https:\/\/nextsnkr.com\/lv\/wp-json\/wp\/v2\/product_cat?post=650863"},{"taxonomy":"product_tag","embeddable":true,"href":"https:\/\/nextsnkr.com\/lv\/wp-json\/wp\/v2\/product_tag?post=650863"}],"curies":[{"name":"wp","href":"https:\/\/api.w.org\/{rel}","templated":true}]}}