{"id":649831,"date":"2025-06-14T15:13:47","date_gmt":"2025-06-14T12:13:47","guid":{"rendered":"https:\/\/nextsnkr.com\/product\/air-force-light-orewood-brown\/"},"modified":"2026-02-02T13:37:20","modified_gmt":"2026-02-02T10:37:20","slug":"air-force-light-orewood-brown","status":"publish","type":"product","link":"https:\/\/nextsnkr.com\/lv\/product\/air-force-light-orewood-brown\/","title":{"rendered":"Air Force Light Onewood Brown \u010d\u012bbas-\u0101das v\u012brie\u0161u \u010d\u012bbas"},"content":{"rendered":"<h2>Air Force Light Onewood Brown \u010d\u012bbas-\u0101das v\u012brie\u0161u \u010d\u012bbas<\/h2>\n<p>&nbsp;<\/p>\n<p>Air Force Light Onewood Brown ir stil\u012bgas \u010d\u012bbas, kas izgatavotas no augstas kvalit\u0101tes \u012astas \u0101das, kas nodro\u0161ina iztur\u012bbu, komfortu un iztur\u012bbu. Onewood Brown dabisk\u0101 nokr\u0101sa pie\u0161\u0137ir mode\u013ciem daudzpus\u012bbu un viegli sapl\u016bst ar ikdienas ap\u0123\u0113rbu. Ra\u017eoti Vjetnam\u0101, \u010d\u012bbas ir apr\u012bkotas ar uzticamu zoli, \u0113rtu piegul\u0161anu un modernu Air Force stila dizainu. Ide\u0101la izv\u0113le pils\u0113tai, \u0101ra aktivit\u0101t\u0113m un ikdienas valk\u0101\u0161anai.<\/p>\n","protected":false},"excerpt":{"rendered":"<p>Air Force Light Onewood Brown ir stil\u012bgas \u010d\u012bbas, kas izgatavotas no augstas kvalit\u0101tes \u012astas \u0101das, kas nodro\u0161ina iztur\u012bbu, komfortu un iztur\u012bbu. Onewood Brown dabisk\u0101 nokr\u0101sa pie\u0161\u0137ir mode\u013ciem daudzpus\u012bbu un viegli sapl\u016bst ar ikdienas ap\u0123\u0113rbu. Ra\u017eoti Vjetnam\u0101, \u010d\u012bbas ir apr\u012bkotas ar uzticamu zoli, \u0113rtu piegul\u0161anu un modernu Air Force stila dizainu. Ide\u0101la izv\u0113le pils\u0113tai, \u0101ra aktivit\u0101t\u0113m un ikdienas valk\u0101\u0161anai.<\/p>\n","protected":false},"featured_media":649833,"comment_status":"open","ping_status":"open","template":"","meta":[],"product_brand":[],"product_cat":[3251,3322],"product_tag":[],"class_list":{"0":"post-649831","1":"product","2":"type-product","3":"status-publish","4":"has-post-thumbnail","6":"product_cat-all-product","7":"product_cat-kedy","8":"pa_rozmir-910","9":"pa_rozmir-912","10":"pa_rozmir-914","11":"pa_rozmir-915","12":"pa_rozmir-916","13":"pa_rozmir-917","14":"pa_rozmir-918","15":"pa_rozmir-919","16":"pa_rozmir-920","17":"pa_rozmir-921","18":"pa_rozmir-922","20":"first","21":"onbackorder","22":"purchasable","23":"product-type-variable"},"_links":{"self":[{"href":"https:\/\/nextsnkr.com\/lv\/wp-json\/wp\/v2\/product\/649831","targetHints":{"allow":["GET"]}}],"collection":[{"href":"https:\/\/nextsnkr.com\/lv\/wp-json\/wp\/v2\/product"}],"about":[{"href":"https:\/\/nextsnkr.com\/lv\/wp-json\/wp\/v2\/types\/product"}],"replies":[{"embeddable":true,"href":"https:\/\/nextsnkr.com\/lv\/wp-json\/wp\/v2\/comments?post=649831"}],"version-history":[{"count":0,"href":"https:\/\/nextsnkr.com\/lv\/wp-json\/wp\/v2\/product\/649831\/revisions"}],"wp:featuredmedia":[{"embeddable":true,"href":"https:\/\/nextsnkr.com\/lv\/wp-json\/wp\/v2\/media\/649833"}],"wp:attachment":[{"href":"https:\/\/nextsnkr.com\/lv\/wp-json\/wp\/v2\/media?parent=649831"}],"wp:term":[{"taxonomy":"product_brand","embeddable":true,"href":"https:\/\/nextsnkr.com\/lv\/wp-json\/wp\/v2\/product_brand?post=649831"},{"taxonomy":"product_cat","embeddable":true,"href":"https:\/\/nextsnkr.com\/lv\/wp-json\/wp\/v2\/product_cat?post=649831"},{"taxonomy":"product_tag","embeddable":true,"href":"https:\/\/nextsnkr.com\/lv\/wp-json\/wp\/v2\/product_tag?post=649831"}],"curies":[{"name":"wp","href":"https:\/\/api.w.org\/{rel}","templated":true}]}}