{"id":649335,"date":"2025-06-14T15:15:02","date_gmt":"2025-06-14T12:15:02","guid":{"rendered":"https:\/\/nextsnkr.com\/product\/air-force-1-low-white-grey\/"},"modified":"2026-02-02T13:37:06","modified_gmt":"2026-02-02T10:37:06","slug":"air-force-1-low-white-grey","status":"publish","type":"product","link":"https:\/\/nextsnkr.com\/lv\/product\/air-force-1-low-white-grey\/","title":{"rendered":"Kedas Air Force 1 Low White \u2014 Grey-v\u012brie\u0161u \u0101das stil\u012bgas kedas"},"content":{"rendered":"<h2>Kedas Air Force 1 Low White \u2014 Grey-v\u012brie\u0161u \u0101das stil\u012bgas kedas<\/h2>\n<p>&nbsp;<\/p>\n<p>Air Force 1 Low White\/Grey \u010d\u012bbas ir klasisks modelis, kas izgatavots no augstas kvalit\u0101tes \u012astas \u0101das, nodro\u0161inot iztur\u012bbu un komfortu ikdienas valk\u0101\u0161anas laik\u0101. Baltas un pel\u0113kas kr\u0101sas kombin\u0101cija pie\u0161\u0137ir apaviem daudzpus\u012bgu un modernu izskatu, kas viegli papildina jebkuru izskatu. \u0113rta zole garant\u0113 amortiz\u0101ciju un stabilit\u0101ti pastaigas laik\u0101. \u0160\u012bs \u010d\u012bbas ir lieliska izv\u0113le stil\u012bgu, Praktisku un iztur\u012bgu apavu cien\u012bt\u0101jiem. Izv\u0113lieties Air Force 1 Low, lai izceltu savu individu\u0101lo stilu.<\/p>\n","protected":false},"excerpt":{"rendered":"<p>Air Force 1 Low White\/Grey \u010d\u012bbas ir klasisks modelis, kas izgatavots no augstas kvalit\u0101tes \u012astas \u0101das, nodro\u0161inot iztur\u012bbu un komfortu ikdienas valk\u0101\u0161anas laik\u0101. Baltas un pel\u0113kas kr\u0101sas kombin\u0101cija pie\u0161\u0137ir apaviem daudzpus\u012bgu un modernu izskatu, kas viegli papildina jebkuru izskatu. \u0113rta zole garant\u0113 amortiz\u0101ciju un stabilit\u0101ti pastaigas laik\u0101. \u0160\u012bs \u010d\u012bbas ir lieliska izv\u0113le stil\u012bgu, Praktisku un iztur\u012bgu apavu cien\u012bt\u0101jiem. Izv\u0113lieties Air Force 1 Low, lai izceltu savu individu\u0101lo stilu.<\/p>\n","protected":false},"featured_media":649336,"comment_status":"open","ping_status":"open","template":"","meta":[],"product_brand":[],"product_cat":[3251,3322],"product_tag":[],"class_list":{"0":"post-649335","1":"product","2":"type-product","3":"status-publish","4":"has-post-thumbnail","6":"product_cat-all-product","7":"product_cat-kedy","8":"pa_rozmir-910","9":"pa_rozmir-912","10":"pa_rozmir-914","11":"pa_rozmir-915","12":"pa_rozmir-916","13":"pa_rozmir-917","14":"pa_rozmir-918","15":"pa_rozmir-919","16":"pa_rozmir-920","17":"pa_rozmir-921","18":"pa_rozmir-922","20":"first","21":"onbackorder","22":"purchasable","23":"product-type-variable"},"_links":{"self":[{"href":"https:\/\/nextsnkr.com\/lv\/wp-json\/wp\/v2\/product\/649335","targetHints":{"allow":["GET"]}}],"collection":[{"href":"https:\/\/nextsnkr.com\/lv\/wp-json\/wp\/v2\/product"}],"about":[{"href":"https:\/\/nextsnkr.com\/lv\/wp-json\/wp\/v2\/types\/product"}],"replies":[{"embeddable":true,"href":"https:\/\/nextsnkr.com\/lv\/wp-json\/wp\/v2\/comments?post=649335"}],"version-history":[{"count":0,"href":"https:\/\/nextsnkr.com\/lv\/wp-json\/wp\/v2\/product\/649335\/revisions"}],"wp:featuredmedia":[{"embeddable":true,"href":"https:\/\/nextsnkr.com\/lv\/wp-json\/wp\/v2\/media\/649336"}],"wp:attachment":[{"href":"https:\/\/nextsnkr.com\/lv\/wp-json\/wp\/v2\/media?parent=649335"}],"wp:term":[{"taxonomy":"product_brand","embeddable":true,"href":"https:\/\/nextsnkr.com\/lv\/wp-json\/wp\/v2\/product_brand?post=649335"},{"taxonomy":"product_cat","embeddable":true,"href":"https:\/\/nextsnkr.com\/lv\/wp-json\/wp\/v2\/product_cat?post=649335"},{"taxonomy":"product_tag","embeddable":true,"href":"https:\/\/nextsnkr.com\/lv\/wp-json\/wp\/v2\/product_tag?post=649335"}],"curies":[{"name":"wp","href":"https:\/\/api.w.org\/{rel}","templated":true}]}}