{"id":647797,"date":"2025-06-14T15:20:36","date_gmt":"2025-06-14T12:20:36","guid":{"rendered":"https:\/\/nextsnkr.com\/product\/air-force-1-v3\/"},"modified":"2026-02-02T13:36:16","modified_gmt":"2026-02-02T10:36:16","slug":"air-force-1-v3","status":"publish","type":"product","link":"https:\/\/nextsnkr.com\/lv\/product\/air-force-1-v3\/","title":{"rendered":"Air Force 1 V3 \u010d\u012bbas-\u0101das v\u012brie\u0161u un sievie\u0161u"},"content":{"rendered":"<h2>Air Force 1 V3 \u010d\u012bbas-\u0101das v\u012brie\u0161u un sievie\u0161u<\/h2>\n<p>&nbsp;<\/p>\n<p>Air Force 1 V3 \u010d\u012bbas ir stil\u012bgs un daudzpus\u012bgs \u0101das modelis, kas apvieno komfortu un iztur\u012bbu. Pateicoties klasiskajam dizainam, \u0161\u012bs \u010d\u012bbas viegli iek\u013caujas jebkur\u0101 dr\u0113bju skap\u012b, kas ir piem\u0113rots gan ikdienas valk\u0101\u0161anai, gan \u0101ra aktivit\u0101t\u0113m. Iztur\u012bgi materi\u0101li un kvalitat\u012bva veiktsp\u0113ja nodro\u0161ina dro\u0161u piem\u0113rot\u012bbu un pat\u012bkamu komfortu visas dienas garum\u0101. Izv\u0113lieties Air Force 1 V3, lai katram solim pievienotu stilu un p\u0101rliec\u012bbu.<\/p>\n","protected":false},"excerpt":{"rendered":"<p>Air Force 1 V3 \u010d\u012bbas ir stil\u012bgs un daudzpus\u012bgs \u0101das modelis, kas apvieno komfortu un iztur\u012bbu. Pateicoties klasiskajam dizainam, \u0161\u012bs \u010d\u012bbas viegli iek\u013caujas jebkur\u0101 dr\u0113bju skap\u012b, kas ir piem\u0113rots gan ikdienas valk\u0101\u0161anai, gan \u0101ra aktivit\u0101t\u0113m. Iztur\u012bgi materi\u0101li un kvalitat\u012bva veiktsp\u0113ja nodro\u0161ina dro\u0161u piem\u0113rot\u012bbu un pat\u012bkamu komfortu visas dienas garum\u0101. Izv\u0113lieties Air Force 1 V3, lai katram solim pievienotu stilu un p\u0101rliec\u012bbu.<\/p>\n","protected":false},"featured_media":647798,"comment_status":"open","ping_status":"open","template":"","meta":[],"product_brand":[],"product_cat":[3251,3322],"product_tag":[],"class_list":{"0":"post-647797","1":"product","2":"type-product","3":"status-publish","4":"has-post-thumbnail","6":"product_cat-all-product","7":"product_cat-kedy","8":"pa_rozmir-910","9":"pa_rozmir-912","10":"pa_rozmir-914","11":"pa_rozmir-915","12":"pa_rozmir-916","13":"pa_rozmir-917","14":"pa_rozmir-918","15":"pa_rozmir-919","16":"pa_rozmir-920","17":"pa_rozmir-921","18":"pa_rozmir-922","20":"first","21":"instock","22":"purchasable","23":"product-type-variable"},"_links":{"self":[{"href":"https:\/\/nextsnkr.com\/lv\/wp-json\/wp\/v2\/product\/647797","targetHints":{"allow":["GET"]}}],"collection":[{"href":"https:\/\/nextsnkr.com\/lv\/wp-json\/wp\/v2\/product"}],"about":[{"href":"https:\/\/nextsnkr.com\/lv\/wp-json\/wp\/v2\/types\/product"}],"replies":[{"embeddable":true,"href":"https:\/\/nextsnkr.com\/lv\/wp-json\/wp\/v2\/comments?post=647797"}],"version-history":[{"count":0,"href":"https:\/\/nextsnkr.com\/lv\/wp-json\/wp\/v2\/product\/647797\/revisions"}],"wp:featuredmedia":[{"embeddable":true,"href":"https:\/\/nextsnkr.com\/lv\/wp-json\/wp\/v2\/media\/647798"}],"wp:attachment":[{"href":"https:\/\/nextsnkr.com\/lv\/wp-json\/wp\/v2\/media?parent=647797"}],"wp:term":[{"taxonomy":"product_brand","embeddable":true,"href":"https:\/\/nextsnkr.com\/lv\/wp-json\/wp\/v2\/product_brand?post=647797"},{"taxonomy":"product_cat","embeddable":true,"href":"https:\/\/nextsnkr.com\/lv\/wp-json\/wp\/v2\/product_cat?post=647797"},{"taxonomy":"product_tag","embeddable":true,"href":"https:\/\/nextsnkr.com\/lv\/wp-json\/wp\/v2\/product_tag?post=647797"}],"curies":[{"name":"wp","href":"https:\/\/api.w.org\/{rel}","templated":true}]}}