{"id":647627,"date":"2025-06-14T15:21:09","date_gmt":"2025-06-14T12:21:09","guid":{"rendered":"https:\/\/nextsnkr.com\/product\/air-force-shadow-white-light-pink\/"},"modified":"2026-02-02T13:36:12","modified_gmt":"2026-02-02T10:36:12","slug":"air-force-shadow-white-light-pink","status":"publish","type":"product","link":"https:\/\/nextsnkr.com\/lv\/product\/air-force-shadow-white-light-pink\/","title":{"rendered":"Air Force Shadow White \u2013 Light Pink \u010d\u012bbas-stil\u012bgas \u0101das \u010d\u012bbas"},"content":{"rendered":"<h2>Air Force Shadow White \u2013 Light Pink \u010d\u012bbas-stil\u012bgas \u0101das \u010d\u012bbas<\/h2>\n<p>&nbsp;<\/p>\n<p>Air Force Shadow White \/ Light Pink \u010d\u012bbas ir izgatavotas no kvalitat\u012bvas \u0101das, kas nodro\u0161ina komfortu, iztur\u012bbu un pievilc\u012bgu izskatu. Maiga balto un gai\u0161i roz\u0101 kr\u0101su kombin\u0101cija padara modeli daudzpus\u012bgu ikdienas izskatam. Ar dro\u0161u zoli un \u0113rtu piegul\u0161anu \u0161\u012bs kedas ir lieliski piem\u0113rotas akt\u012bvam pils\u0113tas ritmam. Ra\u017eots Vjetnam\u0101, t\u0101 ir stil\u012bga un praktiska izv\u0113le ikdienas valk\u0101\u0161anai.<\/p>\n","protected":false},"excerpt":{"rendered":"<p>Air Force Shadow White \/ Light Pink \u010d\u012bbas ir izgatavotas no kvalitat\u012bvas \u0101das, kas nodro\u0161ina komfortu, iztur\u012bbu un pievilc\u012bgu izskatu. Maiga balto un gai\u0161i roz\u0101 kr\u0101su kombin\u0101cija padara modeli daudzpus\u012bgu ikdienas izskatam. Ar dro\u0161u zoli un \u0113rtu piegul\u0161anu \u0161\u012bs kedas ir lieliski piem\u0113rotas akt\u012bvam pils\u0113tas ritmam. Ra\u017eots Vjetnam\u0101, t\u0101 ir stil\u012bga un praktiska izv\u0113le ikdienas valk\u0101\u0161anai.<\/p>\n","protected":false},"featured_media":647628,"comment_status":"open","ping_status":"open","template":"","meta":[],"product_brand":[],"product_cat":[3251,3322],"product_tag":[],"class_list":{"0":"post-647627","1":"product","2":"type-product","3":"status-publish","4":"has-post-thumbnail","6":"product_cat-all-product","7":"product_cat-kedy","8":"pa_rozmir-910","9":"pa_rozmir-912","10":"pa_rozmir-914","11":"pa_rozmir-915","12":"pa_rozmir-916","13":"pa_rozmir-917","14":"pa_rozmir-918","15":"pa_rozmir-919","16":"pa_rozmir-920","17":"pa_rozmir-921","18":"pa_rozmir-922","20":"first","21":"instock","22":"purchasable","23":"product-type-variable"},"_links":{"self":[{"href":"https:\/\/nextsnkr.com\/lv\/wp-json\/wp\/v2\/product\/647627","targetHints":{"allow":["GET"]}}],"collection":[{"href":"https:\/\/nextsnkr.com\/lv\/wp-json\/wp\/v2\/product"}],"about":[{"href":"https:\/\/nextsnkr.com\/lv\/wp-json\/wp\/v2\/types\/product"}],"replies":[{"embeddable":true,"href":"https:\/\/nextsnkr.com\/lv\/wp-json\/wp\/v2\/comments?post=647627"}],"version-history":[{"count":0,"href":"https:\/\/nextsnkr.com\/lv\/wp-json\/wp\/v2\/product\/647627\/revisions"}],"wp:featuredmedia":[{"embeddable":true,"href":"https:\/\/nextsnkr.com\/lv\/wp-json\/wp\/v2\/media\/647628"}],"wp:attachment":[{"href":"https:\/\/nextsnkr.com\/lv\/wp-json\/wp\/v2\/media?parent=647627"}],"wp:term":[{"taxonomy":"product_brand","embeddable":true,"href":"https:\/\/nextsnkr.com\/lv\/wp-json\/wp\/v2\/product_brand?post=647627"},{"taxonomy":"product_cat","embeddable":true,"href":"https:\/\/nextsnkr.com\/lv\/wp-json\/wp\/v2\/product_cat?post=647627"},{"taxonomy":"product_tag","embeddable":true,"href":"https:\/\/nextsnkr.com\/lv\/wp-json\/wp\/v2\/product_tag?post=647627"}],"curies":[{"name":"wp","href":"https:\/\/api.w.org\/{rel}","templated":true}]}}