{"id":647119,"date":"2025-06-14T15:23:03","date_gmt":"2025-06-14T12:23:03","guid":{"rendered":"https:\/\/nextsnkr.com\/product\/air-force-1-swoosh-white-pink\/"},"modified":"2026-02-02T13:35:48","modified_gmt":"2026-02-02T10:35:48","slug":"air-force-1-swoosh-white-pink","status":"publish","type":"product","link":"https:\/\/nextsnkr.com\/lv\/product\/air-force-1-swoosh-white-pink\/","title":{"rendered":"Air Force 1 Swoosh White \/ Pink \u010d\u012bbas-baltas \u0101das \u010d\u012bbas ar roz\u0101 logotipu"},"content":{"rendered":"<h2>Air Force 1 Swoosh White \/ Pink \u010d\u012bbas-baltas \u0101das \u010d\u012bbas ar roz\u0101 logotipu<\/h2>\n<p>&nbsp;<\/p>\n<p>Air Force 1 Swoosh White\/Pink \u010d\u012bbas ir stil\u012bgs \u012astas \u0101das modelis, kas izveidots Vjetnam\u0101. Balt\u0101 aug\u0161da\u013ca atbilst spilgti roz\u0101 Swoosh, pie\u0161\u0137irot izskatam svaigumu un akcentu. Iztur\u012bgais materi\u0101ls nodro\u0161ina nodilumiztur\u012bbu, un \u0113rta piegul\u0161ana garant\u0113 komfortu visas dienas garum\u0101. Air Force 1 Swoosh White \/ Pink ir lieliska izv\u0113le tiem, kas katru dienu mekl\u0113 kvalitat\u012bvas, modernas un daudzpus\u012bgas \u010d\u012bbas.<\/p>\n","protected":false},"excerpt":{"rendered":"<p>Air Force 1 Swoosh White\/Pink \u010d\u012bbas ir stil\u012bgs \u012astas \u0101das modelis, kas izveidots Vjetnam\u0101. Balt\u0101 aug\u0161da\u013ca atbilst spilgti roz\u0101 Swoosh, pie\u0161\u0137irot izskatam svaigumu un akcentu. Iztur\u012bgais materi\u0101ls nodro\u0161ina nodilumiztur\u012bbu, un \u0113rta piegul\u0161ana garant\u0113 komfortu visas dienas garum\u0101. Air Force 1 Swoosh White \/ Pink ir lieliska izv\u0113le tiem, kas katru dienu mekl\u0113 kvalitat\u012bvas, modernas un daudzpus\u012bgas \u010d\u012bbas.<\/p>\n","protected":false},"featured_media":647120,"comment_status":"open","ping_status":"open","template":"","meta":[],"product_brand":[],"product_cat":[3251,3322],"product_tag":[],"class_list":{"0":"post-647119","1":"product","2":"type-product","3":"status-publish","4":"has-post-thumbnail","6":"product_cat-all-product","7":"product_cat-kedy","8":"pa_rozmir-910","9":"pa_rozmir-912","10":"pa_rozmir-914","11":"pa_rozmir-915","12":"pa_rozmir-916","13":"pa_rozmir-917","14":"pa_rozmir-918","15":"pa_rozmir-919","16":"pa_rozmir-920","17":"pa_rozmir-921","18":"pa_rozmir-922","20":"first","21":"onbackorder","22":"purchasable","23":"product-type-variable"},"_links":{"self":[{"href":"https:\/\/nextsnkr.com\/lv\/wp-json\/wp\/v2\/product\/647119","targetHints":{"allow":["GET"]}}],"collection":[{"href":"https:\/\/nextsnkr.com\/lv\/wp-json\/wp\/v2\/product"}],"about":[{"href":"https:\/\/nextsnkr.com\/lv\/wp-json\/wp\/v2\/types\/product"}],"replies":[{"embeddable":true,"href":"https:\/\/nextsnkr.com\/lv\/wp-json\/wp\/v2\/comments?post=647119"}],"version-history":[{"count":0,"href":"https:\/\/nextsnkr.com\/lv\/wp-json\/wp\/v2\/product\/647119\/revisions"}],"wp:featuredmedia":[{"embeddable":true,"href":"https:\/\/nextsnkr.com\/lv\/wp-json\/wp\/v2\/media\/647120"}],"wp:attachment":[{"href":"https:\/\/nextsnkr.com\/lv\/wp-json\/wp\/v2\/media?parent=647119"}],"wp:term":[{"taxonomy":"product_brand","embeddable":true,"href":"https:\/\/nextsnkr.com\/lv\/wp-json\/wp\/v2\/product_brand?post=647119"},{"taxonomy":"product_cat","embeddable":true,"href":"https:\/\/nextsnkr.com\/lv\/wp-json\/wp\/v2\/product_cat?post=647119"},{"taxonomy":"product_tag","embeddable":true,"href":"https:\/\/nextsnkr.com\/lv\/wp-json\/wp\/v2\/product_tag?post=647119"}],"curies":[{"name":"wp","href":"https:\/\/api.w.org\/{rel}","templated":true}]}}