{"id":646779,"date":"2025-06-14T15:24:18","date_gmt":"2025-06-14T12:24:18","guid":{"rendered":"https:\/\/nextsnkr.com\/product\/air-force-1-low-khaki\/"},"modified":"2026-02-02T13:35:39","modified_gmt":"2026-02-02T10:35:39","slug":"air-force-1-low-khaki","status":"publish","type":"product","link":"https:\/\/nextsnkr.com\/lv\/product\/air-force-1-low-khaki\/","title":{"rendered":"Air Force 1 Low Khaki \u010d\u012bbas &#8211; stil\u012bgas \u0101das \u010d\u012bbas haki kr\u0101s\u0101"},"content":{"rendered":"<h2>Air Force 1 Low Khaki \u010d\u012bbas &#8211; stil\u012bgas \u0101das \u010d\u012bbas haki kr\u0101s\u0101<\/h2>\n<p>&nbsp;<\/p>\n<p>Air Force 1 Low Khaki \u010d\u012bbas ir daudzpus\u012bgs \u0101das modelis, kas apvieno komfortu, iztur\u012bbu un tenden\u010du haki nokr\u0101su. Le\u0123end\u0101rais Air Force 1 siluets nodro\u0161ina stabilu atbalstu un \u0113rtu piem\u0113rot\u012bbu ikdienas valk\u0101\u0161anas laik\u0101. Iztur\u012bg\u0101 zole padara apavus iztur\u012bgus, un stil\u012bg\u0101 kr\u0101sa viegli papildina jebkuru pils\u0113tas izskatu. ide\u0101la izv\u0113le tiem, kas nov\u0113rt\u0113 klasiku ar m\u016bsdien\u012bgu akcentu.<\/p>\n","protected":false},"excerpt":{"rendered":"<p>Air Force 1 Low Khaki \u010d\u012bbas ir daudzpus\u012bgs \u0101das modelis, kas apvieno komfortu, iztur\u012bbu un tenden\u010du haki nokr\u0101su. Le\u0123end\u0101rais Air Force 1 siluets nodro\u0161ina stabilu atbalstu un \u0113rtu piem\u0113rot\u012bbu ikdienas valk\u0101\u0161anas laik\u0101. Iztur\u012bg\u0101 zole padara apavus iztur\u012bgus, un stil\u012bg\u0101 kr\u0101sa viegli papildina jebkuru pils\u0113tas izskatu. ide\u0101la izv\u0113le tiem, kas nov\u0113rt\u0113 klasiku ar m\u016bsdien\u012bgu akcentu.<\/p>\n","protected":false},"featured_media":646780,"comment_status":"open","ping_status":"open","template":"","meta":[],"product_brand":[],"product_cat":[3251,3322],"product_tag":[],"class_list":{"0":"post-646779","1":"product","2":"type-product","3":"status-publish","4":"has-post-thumbnail","6":"product_cat-all-product","7":"product_cat-kedy","8":"pa_rozmir-910","9":"pa_rozmir-912","10":"pa_rozmir-914","11":"pa_rozmir-915","12":"pa_rozmir-916","13":"pa_rozmir-917","14":"pa_rozmir-918","15":"pa_rozmir-919","16":"pa_rozmir-920","17":"pa_rozmir-921","18":"pa_rozmir-922","20":"first","21":"onbackorder","22":"purchasable","23":"product-type-variable"},"_links":{"self":[{"href":"https:\/\/nextsnkr.com\/lv\/wp-json\/wp\/v2\/product\/646779","targetHints":{"allow":["GET"]}}],"collection":[{"href":"https:\/\/nextsnkr.com\/lv\/wp-json\/wp\/v2\/product"}],"about":[{"href":"https:\/\/nextsnkr.com\/lv\/wp-json\/wp\/v2\/types\/product"}],"replies":[{"embeddable":true,"href":"https:\/\/nextsnkr.com\/lv\/wp-json\/wp\/v2\/comments?post=646779"}],"version-history":[{"count":0,"href":"https:\/\/nextsnkr.com\/lv\/wp-json\/wp\/v2\/product\/646779\/revisions"}],"wp:featuredmedia":[{"embeddable":true,"href":"https:\/\/nextsnkr.com\/lv\/wp-json\/wp\/v2\/media\/646780"}],"wp:attachment":[{"href":"https:\/\/nextsnkr.com\/lv\/wp-json\/wp\/v2\/media?parent=646779"}],"wp:term":[{"taxonomy":"product_brand","embeddable":true,"href":"https:\/\/nextsnkr.com\/lv\/wp-json\/wp\/v2\/product_brand?post=646779"},{"taxonomy":"product_cat","embeddable":true,"href":"https:\/\/nextsnkr.com\/lv\/wp-json\/wp\/v2\/product_cat?post=646779"},{"taxonomy":"product_tag","embeddable":true,"href":"https:\/\/nextsnkr.com\/lv\/wp-json\/wp\/v2\/product_tag?post=646779"}],"curies":[{"name":"wp","href":"https:\/\/api.w.org\/{rel}","templated":true}]}}