{"id":645226,"date":"2025-06-14T15:29:40","date_gmt":"2025-06-14T12:29:40","guid":{"rendered":"https:\/\/nextsnkr.com\/product\/nike-air-force-1-white-black-premium\/"},"modified":"2026-02-02T13:34:44","modified_gmt":"2026-02-02T10:34:44","slug":"nike-air-force-1-white-black-premium","status":"publish","type":"product","link":"https:\/\/nextsnkr.com\/lv\/product\/nike-air-force-1-white-black-premium\/","title":{"rendered":"Kedas Nike Air Force 1 White \/ Black Premium-stil\u012bgas \u0101das kedas"},"content":{"rendered":"<h2>Kedas Nike Air Force 1 White \/ Black Premium-stil\u012bgas \u0101das kedas<\/h2>\n<p>&nbsp;<\/p>\n<p>Nike Air Force 1 White\/Black Premium \u010d\u012bbas ir paredz\u0113tas tiem, kas nov\u0113rt\u0113 kvalit\u0101ti, komfortu un le\u0123end\u0101ro stilu. Modelis ir izgatavots no augstas kvalit\u0101tes \u012astas \u0101das, kas nodro\u0161ina iztur\u012bbu, iztur\u012bbu un elegantu izskatu. Balt\u0101s un meln\u0101s kr\u0101sas kontrasts padara dizainu daudzpus\u012bgu un viegli savienojamu ar jebkuru dr\u0113bju skapi. Pateicoties triecienu absorb\u0113jo\u0161ajai zolei un \u0113rtai piegul\u0161anai, \u010d\u012bbas ir ide\u0101li piem\u0113rotas ikdienas valk\u0101\u0161anai. Izv\u0113le Nike klasikas un augst\u0101k\u0101s kvalit\u0101tes komforta cien\u012bt\u0101jiem.<\/p>\n","protected":false},"excerpt":{"rendered":"<p>Nike Air Force 1 White\/Black Premium \u010d\u012bbas ir paredz\u0113tas tiem, kas nov\u0113rt\u0113 kvalit\u0101ti, komfortu un le\u0123end\u0101ro stilu. Modelis ir izgatavots no augstas kvalit\u0101tes \u012astas \u0101das, kas nodro\u0161ina iztur\u012bbu, iztur\u012bbu un elegantu izskatu. Balt\u0101s un meln\u0101s kr\u0101sas kontrasts padara dizainu daudzpus\u012bgu un viegli savienojamu ar jebkuru dr\u0113bju skapi. Pateicoties triecienu absorb\u0113jo\u0161ajai zolei un \u0113rtai piegul\u0161anai, \u010d\u012bbas ir ide\u0101li piem\u0113rotas ikdienas valk\u0101\u0161anai. Izv\u0113le Nike klasikas un augst\u0101k\u0101s kvalit\u0101tes komforta cien\u012bt\u0101jiem.<\/p>\n","protected":false},"featured_media":645227,"comment_status":"open","ping_status":"open","template":"","meta":[],"product_brand":[],"product_cat":[3251,3322],"product_tag":[],"class_list":{"0":"post-645226","1":"product","2":"type-product","3":"status-publish","4":"has-post-thumbnail","6":"product_cat-all-product","7":"product_cat-kedy","8":"pa_rozmir-910","9":"pa_rozmir-912","10":"pa_rozmir-914","11":"pa_rozmir-915","12":"pa_rozmir-916","13":"pa_rozmir-917","14":"pa_rozmir-918","15":"pa_rozmir-919","16":"pa_rozmir-920","17":"pa_rozmir-921","18":"pa_rozmir-922","20":"first","21":"onbackorder","22":"purchasable","23":"product-type-variable"},"_links":{"self":[{"href":"https:\/\/nextsnkr.com\/lv\/wp-json\/wp\/v2\/product\/645226","targetHints":{"allow":["GET"]}}],"collection":[{"href":"https:\/\/nextsnkr.com\/lv\/wp-json\/wp\/v2\/product"}],"about":[{"href":"https:\/\/nextsnkr.com\/lv\/wp-json\/wp\/v2\/types\/product"}],"replies":[{"embeddable":true,"href":"https:\/\/nextsnkr.com\/lv\/wp-json\/wp\/v2\/comments?post=645226"}],"version-history":[{"count":0,"href":"https:\/\/nextsnkr.com\/lv\/wp-json\/wp\/v2\/product\/645226\/revisions"}],"wp:featuredmedia":[{"embeddable":true,"href":"https:\/\/nextsnkr.com\/lv\/wp-json\/wp\/v2\/media\/645227"}],"wp:attachment":[{"href":"https:\/\/nextsnkr.com\/lv\/wp-json\/wp\/v2\/media?parent=645226"}],"wp:term":[{"taxonomy":"product_brand","embeddable":true,"href":"https:\/\/nextsnkr.com\/lv\/wp-json\/wp\/v2\/product_brand?post=645226"},{"taxonomy":"product_cat","embeddable":true,"href":"https:\/\/nextsnkr.com\/lv\/wp-json\/wp\/v2\/product_cat?post=645226"},{"taxonomy":"product_tag","embeddable":true,"href":"https:\/\/nextsnkr.com\/lv\/wp-json\/wp\/v2\/product_tag?post=645226"}],"curies":[{"name":"wp","href":"https:\/\/api.w.org\/{rel}","templated":true}]}}