{"id":644548,"date":"2025-06-14T15:32:01","date_gmt":"2025-06-14T12:32:01","guid":{"rendered":"https:\/\/nextsnkr.com\/product\/hermes-oran-sandals-brown\/"},"modified":"2026-02-02T13:34:26","modified_gmt":"2026-02-02T10:34:26","slug":"hermes-oran-sandals-brown","status":"publish","type":"product","link":"https:\/\/nextsnkr.com\/lv\/product\/hermes-oran-sandals-brown\/","title":{"rendered":"Hermes Uran Sandals Br\u016bnas \u010d\u012bbas \u0101das-elegantas un \u0113rtas"},"content":{"rendered":"<h2>Hermes Uran Sandals Br\u016bnas \u010d\u012bbas \u0101das-elegantas un \u0113rtas<\/h2>\n<p>&nbsp;<\/p>\n<p>Hermes Uran Sandals Brown \u010d\u012bbas ir izgatavotas no gludas, augstas kvalit\u0101tes \u0101das, kas nodro\u0161ina komfortu, iztur\u012bbu un stil\u012bgu izskatu. Atv\u0113rtais modelis ir lieliski piem\u0113rots vasaras sezonai, apvienojot eleganci un \u0113rt\u012bbas ikdienas valk\u0101\u0161an\u0101. Univers\u0101l\u0101 br\u016bn\u0101 kr\u0101sa ir viegli savienojama ar jebkuru izskatu. Ra\u017eo\u0161ana Francija \/ \u0136\u012bna garant\u0113 kvalitat\u012bvu sniegumu, un \u010d\u012bbas k\u013c\u016bs par stil\u012bgu j\u016bsu dr\u0113bju skapja akcentu.<\/p>\n","protected":false},"excerpt":{"rendered":"<p>Hermes Uran Sandals Brown \u010d\u012bbas ir izgatavotas no gludas, augstas kvalit\u0101tes \u0101das, kas nodro\u0161ina komfortu, iztur\u012bbu un stil\u012bgu izskatu. Atv\u0113rtais modelis ir lieliski piem\u0113rots vasaras sezonai, apvienojot eleganci un \u0113rt\u012bbas ikdienas valk\u0101\u0161an\u0101. Univers\u0101l\u0101 br\u016bn\u0101 kr\u0101sa ir viegli savienojama ar jebkuru izskatu. Ra\u017eo\u0161ana Francija \/ \u0136\u012bna garant\u0113 kvalitat\u012bvu sniegumu, un \u010d\u012bbas k\u013c\u016bs par stil\u012bgu j\u016bsu dr\u0113bju skapja akcentu.<\/p>\n","protected":false},"featured_media":644549,"comment_status":"open","ping_status":"open","template":"","meta":[],"product_brand":[],"product_cat":[3251,3424],"product_tag":[],"class_list":{"0":"post-644548","1":"product","2":"type-product","3":"status-publish","4":"has-post-thumbnail","6":"product_cat-all-product","7":"product_cat-shlopantsi","8":"pa_rozmir-910","9":"pa_rozmir-912","10":"pa_rozmir-914","11":"pa_rozmir-915","12":"pa_rozmir-916","13":"pa_rozmir-917","14":"pa_rozmir-918","15":"pa_rozmir-919","16":"pa_rozmir-920","17":"pa_rozmir-921","18":"pa_rozmir-922","20":"first","21":"instock","22":"purchasable","23":"product-type-variable"},"_links":{"self":[{"href":"https:\/\/nextsnkr.com\/lv\/wp-json\/wp\/v2\/product\/644548","targetHints":{"allow":["GET"]}}],"collection":[{"href":"https:\/\/nextsnkr.com\/lv\/wp-json\/wp\/v2\/product"}],"about":[{"href":"https:\/\/nextsnkr.com\/lv\/wp-json\/wp\/v2\/types\/product"}],"replies":[{"embeddable":true,"href":"https:\/\/nextsnkr.com\/lv\/wp-json\/wp\/v2\/comments?post=644548"}],"version-history":[{"count":0,"href":"https:\/\/nextsnkr.com\/lv\/wp-json\/wp\/v2\/product\/644548\/revisions"}],"wp:featuredmedia":[{"embeddable":true,"href":"https:\/\/nextsnkr.com\/lv\/wp-json\/wp\/v2\/media\/644549"}],"wp:attachment":[{"href":"https:\/\/nextsnkr.com\/lv\/wp-json\/wp\/v2\/media?parent=644548"}],"wp:term":[{"taxonomy":"product_brand","embeddable":true,"href":"https:\/\/nextsnkr.com\/lv\/wp-json\/wp\/v2\/product_brand?post=644548"},{"taxonomy":"product_cat","embeddable":true,"href":"https:\/\/nextsnkr.com\/lv\/wp-json\/wp\/v2\/product_cat?post=644548"},{"taxonomy":"product_tag","embeddable":true,"href":"https:\/\/nextsnkr.com\/lv\/wp-json\/wp\/v2\/product_tag?post=644548"}],"curies":[{"name":"wp","href":"https:\/\/api.w.org\/{rel}","templated":true}]}}