{"id":644385,"date":"2025-06-19T21:22:12","date_gmt":"2025-06-19T18:22:12","guid":{"rendered":"https:\/\/nextsnkr.com\/product\/air-jordan-retro-4-fossil\/"},"modified":"2026-02-02T13:34:22","modified_gmt":"2026-02-02T10:34:22","slug":"air-jordan-retro-4-fossil","status":"publish","type":"product","link":"https:\/\/nextsnkr.com\/lv\/product\/air-jordan-retro-4-fossil\/","title":{"rendered":"AIR JORDAN retro 4&#8243; Fossil &#8221; \u012astas \u0101das kedas"},"content":{"rendered":"<h2>AIR JORDAN retro 4&#8243; Fossil &#8221; \u012astas \u0101das kedas<\/h2>\n<p>&nbsp;<\/p>\n<p>Jordan z\u012bmola AIR JORDAN retro 4 &#8220;Fossil&#8221; \u010d\u012bbas ir izgatavotas no augstas kvalit\u0101tes \u012astas \u0101das, kas nodro\u0161ina iztur\u012bbu un valk\u0101\u0161anas komfortu. Modelis ir ide\u0101li piem\u0113rots ikdienas lieto\u0161anai un akt\u012bvam dz\u012bvesveidam, apvienojot stil\u012bgu dizainu un praktiskumu. Ergonomisk\u0101 zole nodro\u0161ina amortiz\u0101ciju un \u0113rt\u012bbas ik uz so\u013ca. Izv\u0113lieties AIR JORDAN retro 4&#8243; Fossil&#8221;, lai ieg\u016btu spilgtu un modernu izskatu.<\/p>\n","protected":false},"excerpt":{"rendered":"<p>Jordan z\u012bmola AIR JORDAN retro 4 &#8220;Fossil&#8221; \u010d\u012bbas ir izgatavotas no augstas kvalit\u0101tes \u012astas \u0101das, kas nodro\u0161ina iztur\u012bbu un valk\u0101\u0161anas komfortu. Modelis ir ide\u0101li piem\u0113rots ikdienas lieto\u0161anai un akt\u012bvam dz\u012bvesveidam, apvienojot stil\u012bgu dizainu un praktiskumu. Ergonomisk\u0101 zole nodro\u0161ina amortiz\u0101ciju un \u0113rt\u012bbas ik uz so\u013ca. Izv\u0113lieties AIR JORDAN retro 4&#8243; Fossil&#8221;, lai ieg\u016btu spilgtu un modernu izskatu.<\/p>\n","protected":false},"featured_media":644389,"comment_status":"open","ping_status":"open","template":"","meta":[],"product_brand":[],"product_cat":[3387,3251,3252],"product_tag":[],"class_list":{"0":"post-644385","1":"product","2":"type-product","3":"status-publish","4":"has-post-thumbnail","6":"product_cat-nike-jordan","7":"product_cat-all-product","8":"product_cat-krosivky","9":"pa_rozmir-910","10":"pa_rozmir-912","11":"pa_rozmir-914","12":"pa_rozmir-915","13":"pa_rozmir-916","14":"pa_rozmir-917","15":"pa_rozmir-918","16":"pa_rozmir-919","17":"pa_rozmir-920","18":"pa_rozmir-921","19":"pa_rozmir-922","21":"first","22":"instock","23":"purchasable","24":"product-type-variable"},"_links":{"self":[{"href":"https:\/\/nextsnkr.com\/lv\/wp-json\/wp\/v2\/product\/644385","targetHints":{"allow":["GET"]}}],"collection":[{"href":"https:\/\/nextsnkr.com\/lv\/wp-json\/wp\/v2\/product"}],"about":[{"href":"https:\/\/nextsnkr.com\/lv\/wp-json\/wp\/v2\/types\/product"}],"replies":[{"embeddable":true,"href":"https:\/\/nextsnkr.com\/lv\/wp-json\/wp\/v2\/comments?post=644385"}],"version-history":[{"count":0,"href":"https:\/\/nextsnkr.com\/lv\/wp-json\/wp\/v2\/product\/644385\/revisions"}],"wp:featuredmedia":[{"embeddable":true,"href":"https:\/\/nextsnkr.com\/lv\/wp-json\/wp\/v2\/media\/644389"}],"wp:attachment":[{"href":"https:\/\/nextsnkr.com\/lv\/wp-json\/wp\/v2\/media?parent=644385"}],"wp:term":[{"taxonomy":"product_brand","embeddable":true,"href":"https:\/\/nextsnkr.com\/lv\/wp-json\/wp\/v2\/product_brand?post=644385"},{"taxonomy":"product_cat","embeddable":true,"href":"https:\/\/nextsnkr.com\/lv\/wp-json\/wp\/v2\/product_cat?post=644385"},{"taxonomy":"product_tag","embeddable":true,"href":"https:\/\/nextsnkr.com\/lv\/wp-json\/wp\/v2\/product_tag?post=644385"}],"curies":[{"name":"wp","href":"https:\/\/api.w.org\/{rel}","templated":true}]}}