{"id":644210,"date":"2025-06-14T15:32:42","date_gmt":"2025-06-14T12:32:42","guid":{"rendered":"https:\/\/nextsnkr.com\/product\/dior-slippers-premium-blue\/"},"modified":"2026-02-02T13:34:17","modified_gmt":"2026-02-02T10:34:17","slug":"dior-slippers-premium-blue","status":"publish","type":"product","link":"https:\/\/nextsnkr.com\/lv\/product\/dior-slippers-premium-blue\/","title":{"rendered":"Dior Slippers &#8220;Premium Blue&#8221; \u0101das \u010d\u012bbas"},"content":{"rendered":"<h2>Dior Slippers &#8220;Premium Blue&#8221; \u0101das \u010d\u012bbas<\/h2>\n<p>&nbsp;<\/p>\n<p>Dior Slippers &#8220;Premium Blue&#8221; luksusa \u010d\u012bbas ir izgatavotas no augstas kvalit\u0101tes \u0101das, kas nodro\u0161ina komfortu un iztur\u012bbu. Elegantais zilais dizains izce\u013c Dior z\u012bmola augst\u0101k\u0101s klases stilu, un vieglais un \u0113rtais dizains padara tos ide\u0101li piem\u0113rotus ikdienas lieto\u0161anai m\u0101j\u0101s vai atp\u016btai. \u0160\u012bs \u010d\u012bbas, kas ra\u017eotas \u0136\u012bn\u0101, apvieno est\u0113tiku, praktiskumu un luksusa saj\u016btu \u012bstiem z\u012bmola pazin\u0113jiem.<\/p>\n","protected":false},"excerpt":{"rendered":"<p>Dior Slippers &#8220;Premium Blue&#8221; luksusa \u010d\u012bbas ir izgatavotas no augstas kvalit\u0101tes \u0101das, kas nodro\u0161ina komfortu un iztur\u012bbu. Elegantais zilais dizains izce\u013c Dior z\u012bmola augst\u0101k\u0101s klases stilu, un vieglais un \u0113rtais dizains padara tos ide\u0101li piem\u0113rotus ikdienas lieto\u0161anai m\u0101j\u0101s vai atp\u016btai. \u0160\u012bs \u010d\u012bbas, kas ra\u017eotas \u0136\u012bn\u0101, apvieno est\u0113tiku, praktiskumu un luksusa saj\u016btu \u012bstiem z\u012bmola pazin\u0113jiem.<\/p>\n","protected":false},"featured_media":644211,"comment_status":"open","ping_status":"open","template":"","meta":[],"product_brand":[],"product_cat":[3251,3424],"product_tag":[],"class_list":{"0":"post-644210","1":"product","2":"type-product","3":"status-publish","4":"has-post-thumbnail","6":"product_cat-all-product","7":"product_cat-shlopantsi","8":"pa_rozmir-910","9":"pa_rozmir-912","10":"pa_rozmir-914","11":"pa_rozmir-915","12":"pa_rozmir-916","13":"pa_rozmir-917","14":"pa_rozmir-918","15":"pa_rozmir-919","16":"pa_rozmir-920","17":"pa_rozmir-921","18":"pa_rozmir-922","20":"first","21":"instock","22":"purchasable","23":"product-type-variable"},"_links":{"self":[{"href":"https:\/\/nextsnkr.com\/lv\/wp-json\/wp\/v2\/product\/644210","targetHints":{"allow":["GET"]}}],"collection":[{"href":"https:\/\/nextsnkr.com\/lv\/wp-json\/wp\/v2\/product"}],"about":[{"href":"https:\/\/nextsnkr.com\/lv\/wp-json\/wp\/v2\/types\/product"}],"replies":[{"embeddable":true,"href":"https:\/\/nextsnkr.com\/lv\/wp-json\/wp\/v2\/comments?post=644210"}],"version-history":[{"count":0,"href":"https:\/\/nextsnkr.com\/lv\/wp-json\/wp\/v2\/product\/644210\/revisions"}],"wp:featuredmedia":[{"embeddable":true,"href":"https:\/\/nextsnkr.com\/lv\/wp-json\/wp\/v2\/media\/644211"}],"wp:attachment":[{"href":"https:\/\/nextsnkr.com\/lv\/wp-json\/wp\/v2\/media?parent=644210"}],"wp:term":[{"taxonomy":"product_brand","embeddable":true,"href":"https:\/\/nextsnkr.com\/lv\/wp-json\/wp\/v2\/product_brand?post=644210"},{"taxonomy":"product_cat","embeddable":true,"href":"https:\/\/nextsnkr.com\/lv\/wp-json\/wp\/v2\/product_cat?post=644210"},{"taxonomy":"product_tag","embeddable":true,"href":"https:\/\/nextsnkr.com\/lv\/wp-json\/wp\/v2\/product_tag?post=644210"}],"curies":[{"name":"wp","href":"https:\/\/api.w.org\/{rel}","templated":true}]}}