{"id":643655,"date":"2025-06-14T15:33:53","date_gmt":"2025-06-14T12:33:53","guid":{"rendered":"https:\/\/nextsnkr.com\/product\/cr-dior-sandal-brown\/"},"modified":"2026-02-02T13:33:52","modified_gmt":"2026-02-02T10:33:52","slug":"cr-dior-sandal-brown","status":"publish","type":"product","link":"https:\/\/nextsnkr.com\/lv\/product\/cr-dior-sandal-brown\/","title":{"rendered":"Cr \u010c\u012bbas. Dior Sandal Brown-br\u016bnas tekstila sievie\u0161u \u010d\u012bbas"},"content":{"rendered":"<h2>Cr \u010c\u012bbas. Dior Sandal Brown-br\u016bnas tekstila sievie\u0161u \u010d\u012bbas<\/h2>\n<p>&nbsp;<\/p>\n<p>Cr \u010c\u012bbas. Dior Sandal Brown ir stil\u012bgi un \u0113rti apavi ikdienas valk\u0101\u0161anai m\u0101j\u0101s vai atva\u013cin\u0101jum\u0101. Izgatavoti no m\u012bkstiem tekstilizstr\u0101d\u0101jumiem, tie nodro\u0161ina komfortu un pat\u012bkamu saj\u016btu, ejot. Vieglais dizains un daudzpus\u012bg\u0101 br\u016bn\u0101 kr\u0101sa padara \u010d\u012bbas vienlaikus praktiskas un elegantas. Modelis ir ra\u017eots Francij\u0101 (faktiski \u0136\u012bn\u0101), bet atbilst augstiem kvalit\u0101tes standartiem. Izv\u0113lieties Cr. Dior Sandal Brown, lai apvienotu komfortu, stilu un \u0113rt\u012bbas katr\u0101 sol\u012b.<\/p>\n","protected":false},"excerpt":{"rendered":"<p>Cr \u010c\u012bbas. Dior Sandal Brown ir stil\u012bgi un \u0113rti apavi ikdienas valk\u0101\u0161anai m\u0101j\u0101s vai atva\u013cin\u0101jum\u0101. Izgatavoti no m\u012bkstiem tekstilizstr\u0101d\u0101jumiem, tie nodro\u0161ina komfortu un pat\u012bkamu saj\u016btu, ejot. Vieglais dizains un daudzpus\u012bg\u0101 br\u016bn\u0101 kr\u0101sa padara \u010d\u012bbas vienlaikus praktiskas un elegantas. Modelis ir ra\u017eots Francij\u0101 (faktiski \u0136\u012bn\u0101), bet atbilst augstiem kvalit\u0101tes standartiem. Izv\u0113lieties Cr. Dior Sandal Brown, lai apvienotu komfortu, stilu un \u0113rt\u012bbas katr\u0101 sol\u012b.<\/p>\n","protected":false},"featured_media":643658,"comment_status":"open","ping_status":"open","template":"","meta":[],"product_brand":[],"product_cat":[3251,3424],"product_tag":[],"class_list":{"0":"post-643655","1":"product","2":"type-product","3":"status-publish","4":"has-post-thumbnail","6":"product_cat-all-product","7":"product_cat-shlopantsi","8":"pa_rozmir-910","9":"pa_rozmir-912","10":"pa_rozmir-914","11":"pa_rozmir-915","12":"pa_rozmir-916","13":"pa_rozmir-917","14":"pa_rozmir-918","15":"pa_rozmir-919","16":"pa_rozmir-920","17":"pa_rozmir-921","18":"pa_rozmir-922","20":"first","21":"instock","22":"purchasable","23":"product-type-variable"},"_links":{"self":[{"href":"https:\/\/nextsnkr.com\/lv\/wp-json\/wp\/v2\/product\/643655","targetHints":{"allow":["GET"]}}],"collection":[{"href":"https:\/\/nextsnkr.com\/lv\/wp-json\/wp\/v2\/product"}],"about":[{"href":"https:\/\/nextsnkr.com\/lv\/wp-json\/wp\/v2\/types\/product"}],"replies":[{"embeddable":true,"href":"https:\/\/nextsnkr.com\/lv\/wp-json\/wp\/v2\/comments?post=643655"}],"version-history":[{"count":0,"href":"https:\/\/nextsnkr.com\/lv\/wp-json\/wp\/v2\/product\/643655\/revisions"}],"wp:featuredmedia":[{"embeddable":true,"href":"https:\/\/nextsnkr.com\/lv\/wp-json\/wp\/v2\/media\/643658"}],"wp:attachment":[{"href":"https:\/\/nextsnkr.com\/lv\/wp-json\/wp\/v2\/media?parent=643655"}],"wp:term":[{"taxonomy":"product_brand","embeddable":true,"href":"https:\/\/nextsnkr.com\/lv\/wp-json\/wp\/v2\/product_brand?post=643655"},{"taxonomy":"product_cat","embeddable":true,"href":"https:\/\/nextsnkr.com\/lv\/wp-json\/wp\/v2\/product_cat?post=643655"},{"taxonomy":"product_tag","embeddable":true,"href":"https:\/\/nextsnkr.com\/lv\/wp-json\/wp\/v2\/product_tag?post=643655"}],"curies":[{"name":"wp","href":"https:\/\/api.w.org\/{rel}","templated":true}]}}