{"id":642005,"date":"2025-06-14T15:40:02","date_gmt":"2025-06-14T12:40:02","guid":{"rendered":"https:\/\/nextsnkr.com\/product\/dior-dway-slippers-brown\/"},"modified":"2026-02-02T13:32:55","modified_gmt":"2026-02-02T10:32:55","slug":"dior-dway-slippers-brown","status":"publish","type":"product","link":"https:\/\/nextsnkr.com\/lv\/product\/dior-dway-slippers-brown\/","title":{"rendered":"Dior Dway Slippers Brown \u0101das un tekstila \u010d\u012bbas-komforts un stils"},"content":{"rendered":"<h2>Dior Dway Slippers Brown \u0101das un tekstila \u010d\u012bbas-komforts un stils<\/h2>\n<p>&nbsp;<\/p>\n<p>Dior Dway Slippers Brown ir elegantas un \u0113rtas \u010d\u012bbas ar dab\u012bgas \u0101das un tekstilizstr\u0101d\u0101jumu kombin\u0101ciju. M\u012bkst\u0101 zole nodro\u0161ina komfortu ikdienas valk\u0101\u0161an\u0101, un Dior z\u012bmola stil\u012bgais dizains pie\u0161\u0137ir izsmalcin\u0101t\u012bbu jebkuram izskatam. Modelis ir ide\u0101li piem\u0113rots m\u0101j\u0101m, atp\u016btai un viegl\u0101m pastaig\u0101m. \u0160\u012bs \u010d\u012bbas, kas ra\u017eotas \u0136\u012bn\u0101, apvieno izcilu kvalit\u0101ti, iztur\u012bbu un modernu est\u0113tiku, padarot t\u0101s par lielisku izv\u0113li komforta un stila cien\u012bt\u0101jiem.<\/p>\n","protected":false},"excerpt":{"rendered":"<p>Dior Dway Slippers Brown ir elegantas un \u0113rtas \u010d\u012bbas ar dab\u012bgas \u0101das un tekstilizstr\u0101d\u0101jumu kombin\u0101ciju. M\u012bkst\u0101 zole nodro\u0161ina komfortu ikdienas valk\u0101\u0161an\u0101, un Dior z\u012bmola stil\u012bgais dizains pie\u0161\u0137ir izsmalcin\u0101t\u012bbu jebkuram izskatam. Modelis ir ide\u0101li piem\u0113rots m\u0101j\u0101m, atp\u016btai un viegl\u0101m pastaig\u0101m. \u0160\u012bs \u010d\u012bbas, kas ra\u017eotas \u0136\u012bn\u0101, apvieno izcilu kvalit\u0101ti, iztur\u012bbu un modernu est\u0113tiku, padarot t\u0101s par lielisku izv\u0113li komforta un stila cien\u012bt\u0101jiem.<\/p>\n","protected":false},"featured_media":642006,"comment_status":"open","ping_status":"open","template":"","meta":[],"product_brand":[],"product_cat":[3251,3424],"product_tag":[],"class_list":{"0":"post-642005","1":"product","2":"type-product","3":"status-publish","4":"has-post-thumbnail","6":"product_cat-all-product","7":"product_cat-shlopantsi","8":"pa_rozmir-910","9":"pa_rozmir-912","10":"pa_rozmir-914","11":"pa_rozmir-915","12":"pa_rozmir-916","13":"pa_rozmir-917","14":"pa_rozmir-918","15":"pa_rozmir-919","16":"pa_rozmir-920","17":"pa_rozmir-921","18":"pa_rozmir-922","20":"first","21":"instock","22":"purchasable","23":"product-type-variable"},"_links":{"self":[{"href":"https:\/\/nextsnkr.com\/lv\/wp-json\/wp\/v2\/product\/642005","targetHints":{"allow":["GET"]}}],"collection":[{"href":"https:\/\/nextsnkr.com\/lv\/wp-json\/wp\/v2\/product"}],"about":[{"href":"https:\/\/nextsnkr.com\/lv\/wp-json\/wp\/v2\/types\/product"}],"replies":[{"embeddable":true,"href":"https:\/\/nextsnkr.com\/lv\/wp-json\/wp\/v2\/comments?post=642005"}],"version-history":[{"count":0,"href":"https:\/\/nextsnkr.com\/lv\/wp-json\/wp\/v2\/product\/642005\/revisions"}],"wp:featuredmedia":[{"embeddable":true,"href":"https:\/\/nextsnkr.com\/lv\/wp-json\/wp\/v2\/media\/642006"}],"wp:attachment":[{"href":"https:\/\/nextsnkr.com\/lv\/wp-json\/wp\/v2\/media?parent=642005"}],"wp:term":[{"taxonomy":"product_brand","embeddable":true,"href":"https:\/\/nextsnkr.com\/lv\/wp-json\/wp\/v2\/product_brand?post=642005"},{"taxonomy":"product_cat","embeddable":true,"href":"https:\/\/nextsnkr.com\/lv\/wp-json\/wp\/v2\/product_cat?post=642005"},{"taxonomy":"product_tag","embeddable":true,"href":"https:\/\/nextsnkr.com\/lv\/wp-json\/wp\/v2\/product_tag?post=642005"}],"curies":[{"name":"wp","href":"https:\/\/api.w.org\/{rel}","templated":true}]}}