{"id":640815,"date":"2025-06-19T21:40:04","date_gmt":"2025-06-19T18:40:04","guid":{"rendered":"https:\/\/nextsnkr.com\/product\/air-max-dn-violet\/"},"modified":"2026-02-02T13:32:23","modified_gmt":"2026-02-02T10:32:23","slug":"air-max-dn-violet","status":"publish","type":"product","link":"https:\/\/nextsnkr.com\/lv\/product\/air-max-dn-violet\/","title":{"rendered":"Air Max Dn Violet \u010d\u012bbas-tekstils, komforts un stils"},"content":{"rendered":"<h2>Air Max Dn Violet \u010d\u012bbas-tekstils, komforts un stils<\/h2>\n<p>&nbsp;<\/p>\n<p>Air Max Dn Violet ir Nike z\u012bmola modern\u0101s kedas, kas izgatavotas no augstas kvalit\u0101tes tekstilizstr\u0101d\u0101jumiem ikdienas komfortam. Viegli un elpojo\u0161i, tie nodro\u0161ina lielisku amortiz\u0101ciju un p\u0113das atbalstu pastaigu vai sporta laik\u0101. Spilgti violeta kr\u0101sa pie\u0161\u0137ir j\u016bsu izskatam stilu un unikalit\u0101ti. Ide\u0101li piem\u0113rots akt\u012bvam dz\u012bvesveidam, \u0161\u012bs kedas apvieno uzticam\u012bbu, iztur\u012bbu un modernu dizainu.<\/p>\n","protected":false},"excerpt":{"rendered":"<p>Air Max Dn Violet ir Nike z\u012bmola modern\u0101s kedas, kas izgatavotas no augstas kvalit\u0101tes tekstilizstr\u0101d\u0101jumiem ikdienas komfortam. Viegli un elpojo\u0161i, tie nodro\u0161ina lielisku amortiz\u0101ciju un p\u0113das atbalstu pastaigu vai sporta laik\u0101. Spilgti violeta kr\u0101sa pie\u0161\u0137ir j\u016bsu izskatam stilu un unikalit\u0101ti. Ide\u0101li piem\u0113rots akt\u012bvam dz\u012bvesveidam, \u0161\u012bs kedas apvieno uzticam\u012bbu, iztur\u012bbu un modernu dizainu.<\/p>\n","protected":false},"featured_media":640816,"comment_status":"open","ping_status":"open","template":"","meta":[],"product_brand":[],"product_cat":[3251,3252],"product_tag":[],"class_list":{"0":"post-640815","1":"product","2":"type-product","3":"status-publish","4":"has-post-thumbnail","6":"product_cat-all-product","7":"product_cat-krosivky","8":"pa_rozmir-910","9":"pa_rozmir-912","10":"pa_rozmir-914","11":"pa_rozmir-915","12":"pa_rozmir-916","13":"pa_rozmir-917","14":"pa_rozmir-918","15":"pa_rozmir-919","16":"pa_rozmir-920","17":"pa_rozmir-921","18":"pa_rozmir-922","20":"first","21":"instock","22":"purchasable","23":"product-type-variable"},"_links":{"self":[{"href":"https:\/\/nextsnkr.com\/lv\/wp-json\/wp\/v2\/product\/640815","targetHints":{"allow":["GET"]}}],"collection":[{"href":"https:\/\/nextsnkr.com\/lv\/wp-json\/wp\/v2\/product"}],"about":[{"href":"https:\/\/nextsnkr.com\/lv\/wp-json\/wp\/v2\/types\/product"}],"replies":[{"embeddable":true,"href":"https:\/\/nextsnkr.com\/lv\/wp-json\/wp\/v2\/comments?post=640815"}],"version-history":[{"count":0,"href":"https:\/\/nextsnkr.com\/lv\/wp-json\/wp\/v2\/product\/640815\/revisions"}],"wp:featuredmedia":[{"embeddable":true,"href":"https:\/\/nextsnkr.com\/lv\/wp-json\/wp\/v2\/media\/640816"}],"wp:attachment":[{"href":"https:\/\/nextsnkr.com\/lv\/wp-json\/wp\/v2\/media?parent=640815"}],"wp:term":[{"taxonomy":"product_brand","embeddable":true,"href":"https:\/\/nextsnkr.com\/lv\/wp-json\/wp\/v2\/product_brand?post=640815"},{"taxonomy":"product_cat","embeddable":true,"href":"https:\/\/nextsnkr.com\/lv\/wp-json\/wp\/v2\/product_cat?post=640815"},{"taxonomy":"product_tag","embeddable":true,"href":"https:\/\/nextsnkr.com\/lv\/wp-json\/wp\/v2\/product_tag?post=640815"}],"curies":[{"name":"wp","href":"https:\/\/api.w.org\/{rel}","templated":true}]}}