{"id":640305,"date":"2025-06-19T21:43:15","date_gmt":"2025-06-19T18:43:15","guid":{"rendered":"https:\/\/nextsnkr.com\/product\/vomero-5-pink-foam\/"},"modified":"2026-02-02T13:31:59","modified_gmt":"2026-02-02T10:31:59","slug":"vomero-5-pink-foam","status":"publish","type":"product","link":"https:\/\/nextsnkr.com\/lv\/product\/vomero-5-pink-foam\/","title":{"rendered":"Nike Vomero 5 Pink Foam \u010d\u012bbas skrie\u0161anai un ikdienas valk\u0101\u0161anai"},"content":{"rendered":"<h2>Nike Vomero 5 Pink Foam \u010d\u012bbas skrie\u0161anai un ikdienas valk\u0101\u0161anai<\/h2>\n<p>&nbsp;<\/p>\n<p>Nike z\u012bmola Vomero 5 Pink Foam \u010d\u012bbas apvieno tekstilizstr\u0101d\u0101jumus un dab\u012bgo \u0101du, nodro\u0161inot komfortu un atbalstu p\u0113dai visas dienas garum\u0101. Viegla amortiz\u0113ta zole ir ide\u0101li piem\u0113rota skrie\u0161anai un akt\u012bvam dz\u012bvesveidam. Spilgti roz\u0101 dizains pie\u0161\u0137ir j\u016bsu izskatam stilu, un augstas kvalit\u0101tes materi\u0101li garant\u0113 iztur\u012bbu un nodilumiztur\u012bbu. Katru dienu izv\u0113lieties Vomero 5, lai ieg\u016btu komfortu un modernu izskatu.<\/p>\n","protected":false},"excerpt":{"rendered":"<p>Nike z\u012bmola Vomero 5 Pink Foam \u010d\u012bbas apvieno tekstilizstr\u0101d\u0101jumus un dab\u012bgo \u0101du, nodro\u0161inot komfortu un atbalstu p\u0113dai visas dienas garum\u0101. Viegla amortiz\u0113ta zole ir ide\u0101li piem\u0113rota skrie\u0161anai un akt\u012bvam dz\u012bvesveidam. Spilgti roz\u0101 dizains pie\u0161\u0137ir j\u016bsu izskatam stilu, un augstas kvalit\u0101tes materi\u0101li garant\u0113 iztur\u012bbu un nodilumiztur\u012bbu. Katru dienu izv\u0113lieties Vomero 5, lai ieg\u016btu komfortu un modernu izskatu.<\/p>\n","protected":false},"featured_media":640306,"comment_status":"open","ping_status":"open","template":"","meta":[],"product_brand":[],"product_cat":[3251,3252],"product_tag":[],"class_list":{"0":"post-640305","1":"product","2":"type-product","3":"status-publish","4":"has-post-thumbnail","6":"product_cat-all-product","7":"product_cat-krosivky","8":"pa_rozmir-910","9":"pa_rozmir-912","10":"pa_rozmir-914","11":"pa_rozmir-915","12":"pa_rozmir-916","13":"pa_rozmir-917","14":"pa_rozmir-918","15":"pa_rozmir-919","16":"pa_rozmir-920","17":"pa_rozmir-921","18":"pa_rozmir-922","20":"first","21":"instock","22":"purchasable","23":"product-type-variable"},"_links":{"self":[{"href":"https:\/\/nextsnkr.com\/lv\/wp-json\/wp\/v2\/product\/640305","targetHints":{"allow":["GET"]}}],"collection":[{"href":"https:\/\/nextsnkr.com\/lv\/wp-json\/wp\/v2\/product"}],"about":[{"href":"https:\/\/nextsnkr.com\/lv\/wp-json\/wp\/v2\/types\/product"}],"replies":[{"embeddable":true,"href":"https:\/\/nextsnkr.com\/lv\/wp-json\/wp\/v2\/comments?post=640305"}],"version-history":[{"count":0,"href":"https:\/\/nextsnkr.com\/lv\/wp-json\/wp\/v2\/product\/640305\/revisions"}],"wp:featuredmedia":[{"embeddable":true,"href":"https:\/\/nextsnkr.com\/lv\/wp-json\/wp\/v2\/media\/640306"}],"wp:attachment":[{"href":"https:\/\/nextsnkr.com\/lv\/wp-json\/wp\/v2\/media?parent=640305"}],"wp:term":[{"taxonomy":"product_brand","embeddable":true,"href":"https:\/\/nextsnkr.com\/lv\/wp-json\/wp\/v2\/product_brand?post=640305"},{"taxonomy":"product_cat","embeddable":true,"href":"https:\/\/nextsnkr.com\/lv\/wp-json\/wp\/v2\/product_cat?post=640305"},{"taxonomy":"product_tag","embeddable":true,"href":"https:\/\/nextsnkr.com\/lv\/wp-json\/wp\/v2\/product_tag?post=640305"}],"curies":[{"name":"wp","href":"https:\/\/api.w.org\/{rel}","templated":true}]}}