{"id":640135,"date":"2025-06-19T21:44:08","date_gmt":"2025-06-19T18:44:08","guid":{"rendered":"https:\/\/nextsnkr.com\/product\/babe-purple\/"},"modified":"2026-02-02T13:31:55","modified_gmt":"2026-02-02T10:31:55","slug":"babe-purple","status":"publish","type":"product","link":"https:\/\/nextsnkr.com\/lv\/product\/babe-purple\/","title":{"rendered":"Babe Purple \u0101das un tekstila \u010d\u012bbas-stils un komforts"},"content":{"rendered":"<h2>Babe Purple \u0101das un tekstila \u010d\u012bbas-stils un komforts<\/h2>\n<p>&nbsp;<\/p>\n<p>Stil\u012bg\u0101s babe Purple \u010d\u012bbas apvieno dab\u012bgo \u0101du un tekstilizstr\u0101d\u0101jumus, nodro\u0161inot komfortu un iztur\u012bbu. Viegls un elpojo\u0161s, tie ir ide\u0101li piem\u0113roti ikdienas n\u0113s\u0101\u0161anai, un akt\u012bvai atp\u016btai. Spilgti purpursarkanais dizains pie\u0161\u0137ir j\u016bsu izskatam unikalit\u0101ti, un Babe z\u012bmols garant\u0113 kvalit\u0101ti un uzticam\u012bbu. Izv\u0113l\u0113ties \u0161\u012bs kedas Babe par modernu un \u0113rtu stila jebkur\u0101 dien\u0101.<\/p>\n","protected":false},"excerpt":{"rendered":"<p>Stil\u012bg\u0101s babe Purple \u010d\u012bbas apvieno dab\u012bgo \u0101du un tekstilizstr\u0101d\u0101jumus, nodro\u0161inot komfortu un iztur\u012bbu. Viegls un elpojo\u0161s, tie ir ide\u0101li piem\u0113roti ikdienas n\u0113s\u0101\u0161anai, un akt\u012bvai atp\u016btai. Spilgti purpursarkanais dizains pie\u0161\u0137ir j\u016bsu izskatam unikalit\u0101ti, un Babe z\u012bmols garant\u0113 kvalit\u0101ti un uzticam\u012bbu. Izv\u0113l\u0113ties \u0161\u012bs kedas Babe par modernu un \u0113rtu stila jebkur\u0101 dien\u0101.<\/p>\n","protected":false},"featured_media":640136,"comment_status":"open","ping_status":"open","template":"","meta":[],"product_brand":[],"product_cat":[3251,3322],"product_tag":[],"class_list":{"0":"post-640135","1":"product","2":"type-product","3":"status-publish","4":"has-post-thumbnail","6":"product_cat-all-product","7":"product_cat-kedy","8":"pa_rozmir-910","9":"pa_rozmir-912","10":"pa_rozmir-914","11":"pa_rozmir-915","12":"pa_rozmir-916","13":"pa_rozmir-917","14":"pa_rozmir-918","15":"pa_rozmir-919","16":"pa_rozmir-920","17":"pa_rozmir-921","18":"pa_rozmir-922","20":"first","21":"instock","22":"purchasable","23":"product-type-variable"},"_links":{"self":[{"href":"https:\/\/nextsnkr.com\/lv\/wp-json\/wp\/v2\/product\/640135","targetHints":{"allow":["GET"]}}],"collection":[{"href":"https:\/\/nextsnkr.com\/lv\/wp-json\/wp\/v2\/product"}],"about":[{"href":"https:\/\/nextsnkr.com\/lv\/wp-json\/wp\/v2\/types\/product"}],"replies":[{"embeddable":true,"href":"https:\/\/nextsnkr.com\/lv\/wp-json\/wp\/v2\/comments?post=640135"}],"version-history":[{"count":0,"href":"https:\/\/nextsnkr.com\/lv\/wp-json\/wp\/v2\/product\/640135\/revisions"}],"wp:featuredmedia":[{"embeddable":true,"href":"https:\/\/nextsnkr.com\/lv\/wp-json\/wp\/v2\/media\/640136"}],"wp:attachment":[{"href":"https:\/\/nextsnkr.com\/lv\/wp-json\/wp\/v2\/media?parent=640135"}],"wp:term":[{"taxonomy":"product_brand","embeddable":true,"href":"https:\/\/nextsnkr.com\/lv\/wp-json\/wp\/v2\/product_brand?post=640135"},{"taxonomy":"product_cat","embeddable":true,"href":"https:\/\/nextsnkr.com\/lv\/wp-json\/wp\/v2\/product_cat?post=640135"},{"taxonomy":"product_tag","embeddable":true,"href":"https:\/\/nextsnkr.com\/lv\/wp-json\/wp\/v2\/product_tag?post=640135"}],"curies":[{"name":"wp","href":"https:\/\/api.w.org\/{rel}","templated":true}]}}