{"id":639428,"date":"2025-06-19T22:26:19","date_gmt":"2025-06-19T19:26:19","guid":{"rendered":"https:\/\/nextsnkr.com\/product\/lv-trainer-black\/"},"modified":"2026-02-02T13:31:33","modified_gmt":"2026-02-02T10:31:33","slug":"lv-trainer-black","status":"publish","type":"product","link":"https:\/\/nextsnkr.com\/lv\/product\/lv-trainer-black\/","title":{"rendered":"\u010c\u012bbas LV Trainer Black no \u012bstas \u0101das stil\u012bgai ikdienai"},"content":{"rendered":"<h2>\u010c\u012bbas LV Trainer Black no \u012bstas \u0101das stil\u012bgai ikdienai<\/h2>\n<p>&nbsp;<\/p>\n<p>LV Trainer Black \u010d\u012bbas apvieno elegantu dizainu un komfortu. Izgatavoti no augstas kvalit\u0101tes \u012astas \u0101das, tie nodro\u0161ina iztur\u012bbu un vieglu valk\u0101\u0161anas saj\u016btu. Louis Vuitton z\u012bmols garant\u0113 izcilu izskatu un modernu stilu. Ide\u0101li piem\u0113rots ikdienas lieto\u0161anai, pastaig\u0101m un akt\u012bvai pils\u0113tas dz\u012bvei, \u0161ie \u010d\u012bbas b\u016bs izsmalcin\u0101ts papildin\u0101jums j\u016bsu dr\u0113bju skapim un uzsv\u0113rs person\u012bbu.<\/p>\n","protected":false},"excerpt":{"rendered":"<p>LV Trainer Black \u010d\u012bbas apvieno elegantu dizainu un komfortu. Izgatavoti no augstas kvalit\u0101tes \u012astas \u0101das, tie nodro\u0161ina iztur\u012bbu un vieglu valk\u0101\u0161anas saj\u016btu. Louis Vuitton z\u012bmols garant\u0113 izcilu izskatu un modernu stilu. Ide\u0101li piem\u0113rots ikdienas lieto\u0161anai, pastaig\u0101m un akt\u012bvai pils\u0113tas dz\u012bvei, \u0161ie \u010d\u012bbas b\u016bs izsmalcin\u0101ts papildin\u0101jums j\u016bsu dr\u0113bju skapim un uzsv\u0113rs person\u012bbu.<\/p>\n","protected":false},"featured_media":639429,"comment_status":"open","ping_status":"open","template":"","meta":[],"product_brand":[],"product_cat":[3251,3322],"product_tag":[],"class_list":{"0":"post-639428","1":"product","2":"type-product","3":"status-publish","4":"has-post-thumbnail","6":"product_cat-all-product","7":"product_cat-kedy","8":"pa_rozmir-910","9":"pa_rozmir-912","10":"pa_rozmir-914","11":"pa_rozmir-915","12":"pa_rozmir-916","13":"pa_rozmir-917","14":"pa_rozmir-918","15":"pa_rozmir-919","16":"pa_rozmir-920","17":"pa_rozmir-921","18":"pa_rozmir-922","20":"first","21":"instock","22":"purchasable","23":"product-type-variable"},"_links":{"self":[{"href":"https:\/\/nextsnkr.com\/lv\/wp-json\/wp\/v2\/product\/639428","targetHints":{"allow":["GET"]}}],"collection":[{"href":"https:\/\/nextsnkr.com\/lv\/wp-json\/wp\/v2\/product"}],"about":[{"href":"https:\/\/nextsnkr.com\/lv\/wp-json\/wp\/v2\/types\/product"}],"replies":[{"embeddable":true,"href":"https:\/\/nextsnkr.com\/lv\/wp-json\/wp\/v2\/comments?post=639428"}],"version-history":[{"count":0,"href":"https:\/\/nextsnkr.com\/lv\/wp-json\/wp\/v2\/product\/639428\/revisions"}],"wp:featuredmedia":[{"embeddable":true,"href":"https:\/\/nextsnkr.com\/lv\/wp-json\/wp\/v2\/media\/639429"}],"wp:attachment":[{"href":"https:\/\/nextsnkr.com\/lv\/wp-json\/wp\/v2\/media?parent=639428"}],"wp:term":[{"taxonomy":"product_brand","embeddable":true,"href":"https:\/\/nextsnkr.com\/lv\/wp-json\/wp\/v2\/product_brand?post=639428"},{"taxonomy":"product_cat","embeddable":true,"href":"https:\/\/nextsnkr.com\/lv\/wp-json\/wp\/v2\/product_cat?post=639428"},{"taxonomy":"product_tag","embeddable":true,"href":"https:\/\/nextsnkr.com\/lv\/wp-json\/wp\/v2\/product_tag?post=639428"}],"curies":[{"name":"wp","href":"https:\/\/api.w.org\/{rel}","templated":true}]}}