{"id":637051,"date":"2025-06-14T19:54:29","date_gmt":"2025-06-14T16:54:29","guid":{"rendered":"https:\/\/nextsnkr.com\/product\/air-jordan-1-low-og-olive-travis-scott\/"},"modified":"2026-02-02T13:30:09","modified_gmt":"2026-02-02T10:30:09","slug":"air-jordan-1-low-og-olive-travis-scott","status":"publish","type":"product","link":"https:\/\/nextsnkr.com\/lv\/product\/air-jordan-1-low-og-olive-travis-scott\/","title":{"rendered":"Air Jordan 1 Low OG Olive Travis Scott \u010d\u012bbas &#8211; \u0101das Premium Kross"},"content":{"rendered":"<h2>Air Jordan 1 Low OG Olive Travis Scott \u010d\u012bbas &#8211; \u0101das Premium Kross<\/h2>\n<p>&nbsp;<\/p>\n<p>Air Jordan 1 Low OG Olive Travis Scott \u010d\u012bbas ir stil\u012bgs un ekskluz\u012bvs modelis pils\u0113tas un sporta stila cien\u012bt\u0101jiem. Izgatavoti no augstas kvalit\u0101tes \u0101das, tie nodro\u0161ina komfortu, uzticamu p\u0113du atbalstu un iztur\u012bbu. Ol\u012bvu kr\u0101sa apvienojum\u0101 ar ikonisko Travis Scott dizainu rada unik\u0101lu, atpaz\u012bstamu izskatu, kas izce\u013c person\u012bbu. \u0160\u012bs \u010d\u012bbas b\u016bs ide\u0101la izv\u0113le ikdienas valk\u0101\u0161anai un kolekcion\u0101riem. Izv\u0113lieties Air Jordan 1 Low OG-stila, augst\u0101k\u0101s kvalit\u0101tes un tenden\u010du sajaukumu.<\/p>\n","protected":false},"excerpt":{"rendered":"<p>Air Jordan 1 Low OG Olive Travis Scott \u010d\u012bbas ir stil\u012bgs un ekskluz\u012bvs modelis pils\u0113tas un sporta stila cien\u012bt\u0101jiem. Izgatavoti no augstas kvalit\u0101tes \u0101das, tie nodro\u0161ina komfortu, uzticamu p\u0113du atbalstu un iztur\u012bbu. Ol\u012bvu kr\u0101sa apvienojum\u0101 ar ikonisko Travis Scott dizainu rada unik\u0101lu, atpaz\u012bstamu izskatu, kas izce\u013c person\u012bbu. \u0160\u012bs \u010d\u012bbas b\u016bs ide\u0101la izv\u0113le ikdienas valk\u0101\u0161anai un kolekcion\u0101riem. Izv\u0113lieties Air Jordan 1 Low OG-stila, augst\u0101k\u0101s kvalit\u0101tes un tenden\u010du sajaukumu.<\/p>\n","protected":false},"featured_media":637052,"comment_status":"open","ping_status":"open","template":"","meta":[],"product_brand":[],"product_cat":[3387,3251,3322],"product_tag":[],"class_list":{"0":"post-637051","1":"product","2":"type-product","3":"status-publish","4":"has-post-thumbnail","6":"product_cat-nike-jordan","7":"product_cat-all-product","8":"product_cat-kedy","9":"pa_rozmir-910","10":"pa_rozmir-912","11":"pa_rozmir-914","12":"pa_rozmir-915","13":"pa_rozmir-916","14":"pa_rozmir-917","15":"pa_rozmir-918","16":"pa_rozmir-919","17":"pa_rozmir-920","18":"pa_rozmir-921","19":"pa_rozmir-922","21":"first","22":"instock","23":"purchasable","24":"product-type-variable"},"_links":{"self":[{"href":"https:\/\/nextsnkr.com\/lv\/wp-json\/wp\/v2\/product\/637051","targetHints":{"allow":["GET"]}}],"collection":[{"href":"https:\/\/nextsnkr.com\/lv\/wp-json\/wp\/v2\/product"}],"about":[{"href":"https:\/\/nextsnkr.com\/lv\/wp-json\/wp\/v2\/types\/product"}],"replies":[{"embeddable":true,"href":"https:\/\/nextsnkr.com\/lv\/wp-json\/wp\/v2\/comments?post=637051"}],"version-history":[{"count":0,"href":"https:\/\/nextsnkr.com\/lv\/wp-json\/wp\/v2\/product\/637051\/revisions"}],"wp:featuredmedia":[{"embeddable":true,"href":"https:\/\/nextsnkr.com\/lv\/wp-json\/wp\/v2\/media\/637052"}],"wp:attachment":[{"href":"https:\/\/nextsnkr.com\/lv\/wp-json\/wp\/v2\/media?parent=637051"}],"wp:term":[{"taxonomy":"product_brand","embeddable":true,"href":"https:\/\/nextsnkr.com\/lv\/wp-json\/wp\/v2\/product_brand?post=637051"},{"taxonomy":"product_cat","embeddable":true,"href":"https:\/\/nextsnkr.com\/lv\/wp-json\/wp\/v2\/product_cat?post=637051"},{"taxonomy":"product_tag","embeddable":true,"href":"https:\/\/nextsnkr.com\/lv\/wp-json\/wp\/v2\/product_tag?post=637051"}],"curies":[{"name":"wp","href":"https:\/\/api.w.org\/{rel}","templated":true}]}}