{"id":636881,"date":"2025-06-19T23:12:59","date_gmt":"2025-06-19T20:12:59","guid":{"rendered":"https:\/\/nextsnkr.com\/product\/9060-pink-overdye\/"},"modified":"2026-02-02T13:30:03","modified_gmt":"2026-02-02T10:30:03","slug":"9060-pink-overdye","status":"publish","type":"product","link":"https:\/\/nextsnkr.com\/lv\/product\/9060-pink-overdye\/","title":{"rendered":"Zam\u0161\u0101das un tekstila 9060 Pink Overdye \u010d\u012bbas stil\u012bgam izskatam"},"content":{"rendered":"<h2>Zam\u0161\u0101das un tekstila 9060 Pink Overdye \u010d\u012bbas stil\u012bgam izskatam<\/h2>\n<p>&nbsp;<\/p>\n<p>Sporta apavi 9060 Pink Overdye apvieno dab\u012bgo zam\u0161\u0101du un tekstils, nodro\u0161inot komfortu un iztur\u012bbu ikdienas lieto\u0161an\u0101. Spilgti roz\u0101 nokr\u0101sa pie\u0161\u0137ir j\u016bsu stilam m\u016bsdien\u012bgumu un person\u012bbu, savuk\u0101rt viegl\u0101 zole garant\u0113 \u0113rt\u012bbas pastaigas laik\u0101. Ra\u017eot\u0101js no Vjetnamas izmanto kvalitat\u012bvus materi\u0101lus, kas izce\u013c z\u012bmola augst\u0101k\u0101s kvalit\u0101tes l\u012bmeni. Izv\u0113lieties 9060 Pink Overdye moderniem un praktiskiem ikdienas apaviem.<\/p>\n","protected":false},"excerpt":{"rendered":"<p>Sporta apavi 9060 Pink Overdye apvieno dab\u012bgo zam\u0161\u0101du un tekstils, nodro\u0161inot komfortu un iztur\u012bbu ikdienas lieto\u0161an\u0101. Spilgti roz\u0101 nokr\u0101sa pie\u0161\u0137ir j\u016bsu stilam m\u016bsdien\u012bgumu un person\u012bbu, savuk\u0101rt viegl\u0101 zole garant\u0113 \u0113rt\u012bbas pastaigas laik\u0101. Ra\u017eot\u0101js no Vjetnamas izmanto kvalitat\u012bvus materi\u0101lus, kas izce\u013c z\u012bmola augst\u0101k\u0101s kvalit\u0101tes l\u012bmeni. Izv\u0113lieties 9060 Pink Overdye moderniem un praktiskiem ikdienas apaviem.<\/p>\n","protected":false},"featured_media":636882,"comment_status":"open","ping_status":"open","template":"","meta":[],"product_brand":[],"product_cat":[3251,3252],"product_tag":[],"class_list":{"0":"post-636881","1":"product","2":"type-product","3":"status-publish","4":"has-post-thumbnail","6":"product_cat-all-product","7":"product_cat-krosivky","8":"pa_rozmir-910","9":"pa_rozmir-912","10":"pa_rozmir-914","11":"pa_rozmir-915","12":"pa_rozmir-916","13":"pa_rozmir-917","14":"pa_rozmir-918","15":"pa_rozmir-919","16":"pa_rozmir-920","17":"pa_rozmir-921","18":"pa_rozmir-922","20":"first","21":"onbackorder","22":"purchasable","23":"product-type-variable"},"_links":{"self":[{"href":"https:\/\/nextsnkr.com\/lv\/wp-json\/wp\/v2\/product\/636881","targetHints":{"allow":["GET"]}}],"collection":[{"href":"https:\/\/nextsnkr.com\/lv\/wp-json\/wp\/v2\/product"}],"about":[{"href":"https:\/\/nextsnkr.com\/lv\/wp-json\/wp\/v2\/types\/product"}],"replies":[{"embeddable":true,"href":"https:\/\/nextsnkr.com\/lv\/wp-json\/wp\/v2\/comments?post=636881"}],"version-history":[{"count":0,"href":"https:\/\/nextsnkr.com\/lv\/wp-json\/wp\/v2\/product\/636881\/revisions"}],"wp:featuredmedia":[{"embeddable":true,"href":"https:\/\/nextsnkr.com\/lv\/wp-json\/wp\/v2\/media\/636882"}],"wp:attachment":[{"href":"https:\/\/nextsnkr.com\/lv\/wp-json\/wp\/v2\/media?parent=636881"}],"wp:term":[{"taxonomy":"product_brand","embeddable":true,"href":"https:\/\/nextsnkr.com\/lv\/wp-json\/wp\/v2\/product_brand?post=636881"},{"taxonomy":"product_cat","embeddable":true,"href":"https:\/\/nextsnkr.com\/lv\/wp-json\/wp\/v2\/product_cat?post=636881"},{"taxonomy":"product_tag","embeddable":true,"href":"https:\/\/nextsnkr.com\/lv\/wp-json\/wp\/v2\/product_tag?post=636881"}],"curies":[{"name":"wp","href":"https:\/\/api.w.org\/{rel}","templated":true}]}}