{"id":635861,"date":"2025-06-14T19:57:47","date_gmt":"2025-06-14T16:57:47","guid":{"rendered":"https:\/\/nextsnkr.com\/product\/air-jordan-1-retro-high-og-hyper-royal\/"},"modified":"2026-02-02T13:29:37","modified_gmt":"2026-02-02T10:29:37","slug":"air-jordan-1-retro-high-og-hyper-royal","status":"publish","type":"product","link":"https:\/\/nextsnkr.com\/lv\/product\/air-jordan-1-retro-high-og-hyper-royal\/","title":{"rendered":"Air Jordan 1 Retro high OG Hyper Royal \u010d\u012bbas &#8211; \u0101das v\u012brie\u0161u"},"content":{"rendered":"<h2>Air Jordan 1 Retro high OG Hyper Royal \u010d\u012bbas &#8211; \u0101das v\u012brie\u0161u<\/h2>\n<p>&nbsp;<\/p>\n<p>Air Jordan 1 Retro High OG Hyper Royal \u010d\u012bbas ir le\u0123end\u0101rs modelis, kas apvieno klasisko dizainu un m\u016bsdienu komfortu. Izgatavoti no augstas kvalit\u0101tes \u012astas \u0101das, tie nodro\u0161ina iztur\u012bbu, iztur\u012bbu un \u0113rtu p\u0113das piegul\u0161anu. Hyper Royal spilgti zil\u0101 nokr\u0101sa pie\u0161\u0137ir izskatam stilu un person\u012bbu. Dro\u0161a zole garant\u0113 amortiz\u0101ciju un komfortu ikdienas valk\u0101\u0161anas vai \u0101ra aktivit\u0101\u0161u laik\u0101. Izv\u0113lieties Air Jordan 1 Retro High OG-stila un le\u0123endas kombin\u0101cija katr\u0101 sol\u012b.<\/p>\n","protected":false},"excerpt":{"rendered":"<p>Air Jordan 1 Retro High OG Hyper Royal \u010d\u012bbas ir le\u0123end\u0101rs modelis, kas apvieno klasisko dizainu un m\u016bsdienu komfortu. Izgatavoti no augstas kvalit\u0101tes \u012astas \u0101das, tie nodro\u0161ina iztur\u012bbu, iztur\u012bbu un \u0113rtu p\u0113das piegul\u0161anu. Hyper Royal spilgti zil\u0101 nokr\u0101sa pie\u0161\u0137ir izskatam stilu un person\u012bbu. Dro\u0161a zole garant\u0113 amortiz\u0101ciju un komfortu ikdienas valk\u0101\u0161anas vai \u0101ra aktivit\u0101\u0161u laik\u0101. Izv\u0113lieties Air Jordan 1 Retro High OG-stila un le\u0123endas kombin\u0101cija katr\u0101 sol\u012b.<\/p>\n","protected":false},"featured_media":635862,"comment_status":"open","ping_status":"open","template":"","meta":[],"product_brand":[],"product_cat":[3387,3251,3322],"product_tag":[],"class_list":{"0":"post-635861","1":"product","2":"type-product","3":"status-publish","4":"has-post-thumbnail","6":"product_cat-nike-jordan","7":"product_cat-all-product","8":"product_cat-kedy","9":"pa_rozmir-910","10":"pa_rozmir-912","11":"pa_rozmir-914","12":"pa_rozmir-915","13":"pa_rozmir-916","14":"pa_rozmir-917","15":"pa_rozmir-918","16":"pa_rozmir-919","17":"pa_rozmir-920","18":"pa_rozmir-921","19":"pa_rozmir-922","21":"first","22":"onbackorder","23":"purchasable","24":"product-type-variable"},"_links":{"self":[{"href":"https:\/\/nextsnkr.com\/lv\/wp-json\/wp\/v2\/product\/635861","targetHints":{"allow":["GET"]}}],"collection":[{"href":"https:\/\/nextsnkr.com\/lv\/wp-json\/wp\/v2\/product"}],"about":[{"href":"https:\/\/nextsnkr.com\/lv\/wp-json\/wp\/v2\/types\/product"}],"replies":[{"embeddable":true,"href":"https:\/\/nextsnkr.com\/lv\/wp-json\/wp\/v2\/comments?post=635861"}],"version-history":[{"count":0,"href":"https:\/\/nextsnkr.com\/lv\/wp-json\/wp\/v2\/product\/635861\/revisions"}],"wp:featuredmedia":[{"embeddable":true,"href":"https:\/\/nextsnkr.com\/lv\/wp-json\/wp\/v2\/media\/635862"}],"wp:attachment":[{"href":"https:\/\/nextsnkr.com\/lv\/wp-json\/wp\/v2\/media?parent=635861"}],"wp:term":[{"taxonomy":"product_brand","embeddable":true,"href":"https:\/\/nextsnkr.com\/lv\/wp-json\/wp\/v2\/product_brand?post=635861"},{"taxonomy":"product_cat","embeddable":true,"href":"https:\/\/nextsnkr.com\/lv\/wp-json\/wp\/v2\/product_cat?post=635861"},{"taxonomy":"product_tag","embeddable":true,"href":"https:\/\/nextsnkr.com\/lv\/wp-json\/wp\/v2\/product_tag?post=635861"}],"curies":[{"name":"wp","href":"https:\/\/api.w.org\/{rel}","templated":true}]}}