{"id":634712,"date":"2025-06-23T08:19:25","date_gmt":"2025-06-23T05:19:25","guid":{"rendered":"https:\/\/nextsnkr.com\/product\/spezial-black-silver\/"},"modified":"2026-02-02T13:28:55","modified_gmt":"2026-02-02T10:28:55","slug":"spezial-black-silver","status":"publish","type":"product","link":"https:\/\/nextsnkr.com\/lv\/product\/spezial-black-silver\/","title":{"rendered":"Spezial Black \/ Silver zam\u0161\u0101das \u010d\u012bbas-stils un komforts"},"content":{"rendered":"<h2>Spezial Black \/ Silver zam\u0161\u0101das \u010d\u012bbas-stils un komforts<\/h2>\n<p>&nbsp;<\/p>\n<p>Spezial Black \/ Silver \u010d\u012bbas ir izgatavotas no augstas kvalit\u0101tes zam\u0161\u0101das, kas nodro\u0161ina komfortu un iztur\u012bbu ikdienas lieto\u0161an\u0101. Stil\u012bga melna kr\u0101sa ar sudraba akcentiem padara tos daudzpus\u012bgus jebkuram izskatam. Viegla un \u0113rta zole garant\u0113 stabilit\u0101ti un atbalstu p\u0113dai, savuk\u0101rt Spezial p\u0101rdom\u0101tais dizains izce\u013c m\u016bsdienu pils\u0113tas stilu. Ide\u0101la izv\u0113le \u0101ra aktivit\u0101t\u0113m un ikdienas valk\u0101\u0161anai.<\/p>\n","protected":false},"excerpt":{"rendered":"<p>Spezial Black \/ Silver \u010d\u012bbas ir izgatavotas no augstas kvalit\u0101tes zam\u0161\u0101das, kas nodro\u0161ina komfortu un iztur\u012bbu ikdienas lieto\u0161an\u0101. Stil\u012bga melna kr\u0101sa ar sudraba akcentiem padara tos daudzpus\u012bgus jebkuram izskatam. Viegla un \u0113rta zole garant\u0113 stabilit\u0101ti un atbalstu p\u0113dai, savuk\u0101rt Spezial p\u0101rdom\u0101tais dizains izce\u013c m\u016bsdienu pils\u0113tas stilu. Ide\u0101la izv\u0113le \u0101ra aktivit\u0101t\u0113m un ikdienas valk\u0101\u0161anai.<\/p>\n","protected":false},"featured_media":634715,"comment_status":"open","ping_status":"open","template":"","meta":[],"product_brand":[],"product_cat":[3251,3322],"product_tag":[],"class_list":{"0":"post-634712","1":"product","2":"type-product","3":"status-publish","4":"has-post-thumbnail","6":"product_cat-all-product","7":"product_cat-kedy","8":"pa_rozmir-910","9":"pa_rozmir-912","10":"pa_rozmir-914","11":"pa_rozmir-915","12":"pa_rozmir-916","13":"pa_rozmir-917","14":"pa_rozmir-918","15":"pa_rozmir-919","16":"pa_rozmir-920","17":"pa_rozmir-921","18":"pa_rozmir-922","20":"first","21":"instock","22":"purchasable","23":"product-type-variable"},"_links":{"self":[{"href":"https:\/\/nextsnkr.com\/lv\/wp-json\/wp\/v2\/product\/634712","targetHints":{"allow":["GET"]}}],"collection":[{"href":"https:\/\/nextsnkr.com\/lv\/wp-json\/wp\/v2\/product"}],"about":[{"href":"https:\/\/nextsnkr.com\/lv\/wp-json\/wp\/v2\/types\/product"}],"replies":[{"embeddable":true,"href":"https:\/\/nextsnkr.com\/lv\/wp-json\/wp\/v2\/comments?post=634712"}],"version-history":[{"count":0,"href":"https:\/\/nextsnkr.com\/lv\/wp-json\/wp\/v2\/product\/634712\/revisions"}],"wp:featuredmedia":[{"embeddable":true,"href":"https:\/\/nextsnkr.com\/lv\/wp-json\/wp\/v2\/media\/634715"}],"wp:attachment":[{"href":"https:\/\/nextsnkr.com\/lv\/wp-json\/wp\/v2\/media?parent=634712"}],"wp:term":[{"taxonomy":"product_brand","embeddable":true,"href":"https:\/\/nextsnkr.com\/lv\/wp-json\/wp\/v2\/product_brand?post=634712"},{"taxonomy":"product_cat","embeddable":true,"href":"https:\/\/nextsnkr.com\/lv\/wp-json\/wp\/v2\/product_cat?post=634712"},{"taxonomy":"product_tag","embeddable":true,"href":"https:\/\/nextsnkr.com\/lv\/wp-json\/wp\/v2\/product_tag?post=634712"}],"curies":[{"name":"wp","href":"https:\/\/api.w.org\/{rel}","templated":true}]}}