{"id":634452,"date":"2025-06-14T20:00:59","date_gmt":"2025-06-14T17:00:59","guid":{"rendered":"https:\/\/nextsnkr.com\/product\/leather-tractor-white\/"},"modified":"2026-02-02T13:28:50","modified_gmt":"2026-02-02T10:28:50","slug":"leather-tractor-white","status":"publish","type":"product","link":"https:\/\/nextsnkr.com\/lv\/product\/leather-tractor-white\/","title":{"rendered":"LEATHER tractor White z\u0101baki-sievie\u0161u \u0101das ziemas z\u0101baki"},"content":{"rendered":"<h2>LEATHER tractor White z\u0101baki-sievie\u0161u \u0101das ziemas z\u0101baki<\/h2>\n<p>&nbsp;<\/p>\n<p>LEATHER TRACTOR White z\u0101baki ir stil\u012bgi un silti ziemas apavi, kas izgatavoti no \u012bstas \u0101das un m\u012bkstas vilnas. Iztur\u012bg\u0101 zole garant\u0113 stabilit\u0101ti un komfortu uz sliden\u0101m un nel\u012bdzen\u0101m virsm\u0101m, savuk\u0101rt vilnas odere nodro\u0161ina siltumu aukst\u0101 laik\u0101. Klasiskais baltais dizains pie\u0161\u0137ir m\u016bsdien\u012bgu un daudzpus\u012bgu izskatu, apvienojot to ar jebkuru stilu. Ide\u0101la izv\u0113le ikdienas lieto\u0161anai, pastaig\u0101m un \u0101ra aktivit\u0101t\u0113m ziem\u0101.<\/p>\n","protected":false},"excerpt":{"rendered":"<p>LEATHER TRACTOR White z\u0101baki ir stil\u012bgi un silti ziemas apavi, kas izgatavoti no \u012bstas \u0101das un m\u012bkstas vilnas. Iztur\u012bg\u0101 zole garant\u0113 stabilit\u0101ti un komfortu uz sliden\u0101m un nel\u012bdzen\u0101m virsm\u0101m, savuk\u0101rt vilnas odere nodro\u0161ina siltumu aukst\u0101 laik\u0101. Klasiskais baltais dizains pie\u0161\u0137ir m\u016bsdien\u012bgu un daudzpus\u012bgu izskatu, apvienojot to ar jebkuru stilu. Ide\u0101la izv\u0113le ikdienas lieto\u0161anai, pastaig\u0101m un \u0101ra aktivit\u0101t\u0113m ziem\u0101.<\/p>\n","protected":false},"featured_media":634456,"comment_status":"open","ping_status":"open","template":"","meta":[],"product_brand":[],"product_cat":[3251,3335],"product_tag":[],"class_list":{"0":"post-634452","1":"product","2":"type-product","3":"status-publish","4":"has-post-thumbnail","6":"product_cat-all-product","7":"product_cat-cherevyky","8":"pa_rozmir-910","9":"pa_rozmir-912","10":"pa_rozmir-914","11":"pa_rozmir-915","12":"pa_rozmir-916","13":"pa_rozmir-917","14":"pa_rozmir-918","15":"pa_rozmir-919","16":"pa_rozmir-920","17":"pa_rozmir-921","18":"pa_rozmir-922","20":"first","21":"instock","22":"purchasable","23":"product-type-variable"},"_links":{"self":[{"href":"https:\/\/nextsnkr.com\/lv\/wp-json\/wp\/v2\/product\/634452","targetHints":{"allow":["GET"]}}],"collection":[{"href":"https:\/\/nextsnkr.com\/lv\/wp-json\/wp\/v2\/product"}],"about":[{"href":"https:\/\/nextsnkr.com\/lv\/wp-json\/wp\/v2\/types\/product"}],"replies":[{"embeddable":true,"href":"https:\/\/nextsnkr.com\/lv\/wp-json\/wp\/v2\/comments?post=634452"}],"version-history":[{"count":0,"href":"https:\/\/nextsnkr.com\/lv\/wp-json\/wp\/v2\/product\/634452\/revisions"}],"wp:featuredmedia":[{"embeddable":true,"href":"https:\/\/nextsnkr.com\/lv\/wp-json\/wp\/v2\/media\/634456"}],"wp:attachment":[{"href":"https:\/\/nextsnkr.com\/lv\/wp-json\/wp\/v2\/media?parent=634452"}],"wp:term":[{"taxonomy":"product_brand","embeddable":true,"href":"https:\/\/nextsnkr.com\/lv\/wp-json\/wp\/v2\/product_brand?post=634452"},{"taxonomy":"product_cat","embeddable":true,"href":"https:\/\/nextsnkr.com\/lv\/wp-json\/wp\/v2\/product_cat?post=634452"},{"taxonomy":"product_tag","embeddable":true,"href":"https:\/\/nextsnkr.com\/lv\/wp-json\/wp\/v2\/product_tag?post=634452"}],"curies":[{"name":"wp","href":"https:\/\/api.w.org\/{rel}","templated":true}]}}