{"id":633392,"date":"2025-06-14T20:03:22","date_gmt":"2025-06-14T17:03:22","guid":{"rendered":"https:\/\/nextsnkr.com\/product\/dr-martens-jadon-black-sex-pistols\/"},"modified":"2026-02-02T13:28:09","modified_gmt":"2026-02-02T10:28:09","slug":"dr-martens-jadon-black-sex-pistols","status":"publish","type":"product","link":"https:\/\/nextsnkr.com\/lv\/product\/dr-martens-jadon-black-sex-pistols\/","title":{"rendered":"Z\u0101baki Dr. MARTENS Jadon Black seksa pistoles \u012astas \u0101das"},"content":{"rendered":"<h2>Z\u0101baki Dr. MARTENS Jadon Black seksa pistoles \u012astas \u0101das<\/h2>\n<p>&nbsp;<\/p>\n<p>Z\u0101baki Dr. MARTENS Jadon Black Sex Pistols ir izgatavoti no augstas kvalit\u0101tes \u012astas \u0101das, kas nodro\u0161ina iztur\u012bbu, komfortu un stil\u012bgu izskatu. Iztur\u012bga zole ar patent\u0113tu protektoru Garant\u0113 dro\u0161u sa\u0137eri un stabilit\u0101ti uz jebkuras virsmas. Ekskluz\u012bvs dizains sadarb\u012bb\u0101 ar Sex Pistols padara modeli izteiksm\u012bgu un unik\u0101lu. \u0160ie z\u0101baki, kas ra\u017eoti Anglij\u0101, apvieno Dr z\u012bmolu. MARTENS, materi\u0101lu kvalit\u0101te un m\u016bsdienu dump\u012bgais stils.<\/p>\n","protected":false},"excerpt":{"rendered":"<p>Z\u0101baki Dr. MARTENS Jadon Black Sex Pistols ir izgatavoti no augstas kvalit\u0101tes \u012astas \u0101das, kas nodro\u0161ina iztur\u012bbu, komfortu un stil\u012bgu izskatu. Iztur\u012bga zole ar patent\u0113tu protektoru Garant\u0113 dro\u0161u sa\u0137eri un stabilit\u0101ti uz jebkuras virsmas. Ekskluz\u012bvs dizains sadarb\u012bb\u0101 ar Sex Pistols padara modeli izteiksm\u012bgu un unik\u0101lu. \u0160ie z\u0101baki, kas ra\u017eoti Anglij\u0101, apvieno Dr z\u012bmolu. MARTENS, materi\u0101lu kvalit\u0101te un m\u016bsdienu dump\u012bgais stils.<\/p>\n","protected":false},"featured_media":633396,"comment_status":"open","ping_status":"open","template":"","meta":[],"product_brand":[2398],"product_cat":[3620,3251,3335],"product_tag":[],"class_list":{"0":"post-633392","1":"product","2":"type-product","3":"status-publish","4":"has-post-thumbnail","6":"product_brand-dr-martens","7":"product_cat-dr-martens","8":"product_cat-all-product","9":"product_cat-cherevyky","10":"pa_rozmir-910","11":"pa_rozmir-912","12":"pa_rozmir-914","13":"pa_rozmir-915","14":"pa_rozmir-916","15":"pa_rozmir-917","16":"pa_rozmir-918","17":"pa_rozmir-919","18":"pa_rozmir-920","19":"pa_rozmir-921","20":"pa_rozmir-922","22":"first","23":"onbackorder","24":"purchasable","25":"product-type-variable"},"_links":{"self":[{"href":"https:\/\/nextsnkr.com\/lv\/wp-json\/wp\/v2\/product\/633392","targetHints":{"allow":["GET"]}}],"collection":[{"href":"https:\/\/nextsnkr.com\/lv\/wp-json\/wp\/v2\/product"}],"about":[{"href":"https:\/\/nextsnkr.com\/lv\/wp-json\/wp\/v2\/types\/product"}],"replies":[{"embeddable":true,"href":"https:\/\/nextsnkr.com\/lv\/wp-json\/wp\/v2\/comments?post=633392"}],"version-history":[{"count":0,"href":"https:\/\/nextsnkr.com\/lv\/wp-json\/wp\/v2\/product\/633392\/revisions"}],"wp:featuredmedia":[{"embeddable":true,"href":"https:\/\/nextsnkr.com\/lv\/wp-json\/wp\/v2\/media\/633396"}],"wp:attachment":[{"href":"https:\/\/nextsnkr.com\/lv\/wp-json\/wp\/v2\/media?parent=633392"}],"wp:term":[{"taxonomy":"product_brand","embeddable":true,"href":"https:\/\/nextsnkr.com\/lv\/wp-json\/wp\/v2\/product_brand?post=633392"},{"taxonomy":"product_cat","embeddable":true,"href":"https:\/\/nextsnkr.com\/lv\/wp-json\/wp\/v2\/product_cat?post=633392"},{"taxonomy":"product_tag","embeddable":true,"href":"https:\/\/nextsnkr.com\/lv\/wp-json\/wp\/v2\/product_tag?post=633392"}],"curies":[{"name":"wp","href":"https:\/\/api.w.org\/{rel}","templated":true}]}}