{"id":633046,"date":"2025-06-14T20:04:08","date_gmt":"2025-06-14T17:04:08","guid":{"rendered":"https:\/\/nextsnkr.com\/product\/dr-martens-jadon-black-fur\/"},"modified":"2026-02-02T13:28:00","modified_gmt":"2026-02-02T10:28:00","slug":"dr-martens-jadon-black-fur","status":"publish","type":"product","link":"https:\/\/nextsnkr.com\/lv\/product\/dr-martens-jadon-black-fur\/","title":{"rendered":"Z\u0101baki Dr. Martens Jadon Black FUR &#8211; \u0101das ziemas ar ka\u017eok\u0101du \ufe0f \ufe0f"},"content":{"rendered":"<h2>Z\u0101baki Dr. Martens Jadon Black FUR &#8211; \u0101das ziemas ar ka\u017eok\u0101du \ufe0f \ufe0f<\/h2>\n<p>&nbsp;<\/p>\n<p>Z\u0101baki Dr. Martens Jadon Black FUR \ufe0f &#8211; stil\u012bgi un silti ziemas z\u0101baki, kas izgatavoti no \u012bstas \u0101das un m\u012bkstas ka\u017eok\u0101das, lai nodro\u0161in\u0101tu maksim\u0101lu komfortu aukst\u0101 laik\u0101. Modelim ir iztur\u012bga zole, stabilit\u0101te un le\u0123end\u0101rais Jadon dizains, kas izce\u013c person\u012bbu. \u0160ie z\u0101baki, kas ra\u017eoti Anglij\u0101, apvieno augst\u0101k\u0101s kvalit\u0101tes, iztur\u012bbas un m\u016bsdienu Dr z\u012bmola stilu. Martens, ide\u0101li piem\u0113rots ikdienas valk\u0101\u0161anai un akt\u012bvai ziemas atp\u016btai.<\/p>\n","protected":false},"excerpt":{"rendered":"<p>Z\u0101baki Dr. Martens Jadon Black FUR \ufe0f &#8211; stil\u012bgi un silti ziemas z\u0101baki, kas izgatavoti no \u012bstas \u0101das un m\u012bkstas ka\u017eok\u0101das, lai nodro\u0161in\u0101tu maksim\u0101lu komfortu aukst\u0101 laik\u0101. Modelim ir iztur\u012bga zole, stabilit\u0101te un le\u0123end\u0101rais Jadon dizains, kas izce\u013c person\u012bbu. \u0160ie z\u0101baki, kas ra\u017eoti Anglij\u0101, apvieno augst\u0101k\u0101s kvalit\u0101tes, iztur\u012bbas un m\u016bsdienu Dr z\u012bmola stilu. Martens, ide\u0101li piem\u0113rots ikdienas valk\u0101\u0161anai un akt\u012bvai ziemas atp\u016btai.<\/p>\n","protected":false},"featured_media":633049,"comment_status":"open","ping_status":"open","template":"","meta":[],"product_brand":[2398],"product_cat":[3620,3251,3335],"product_tag":[],"class_list":{"0":"post-633046","1":"product","2":"type-product","3":"status-publish","4":"has-post-thumbnail","6":"product_brand-dr-martens","7":"product_cat-dr-martens","8":"product_cat-all-product","9":"product_cat-cherevyky","10":"pa_rozmir-910","11":"pa_rozmir-912","12":"pa_rozmir-914","13":"pa_rozmir-915","14":"pa_rozmir-916","15":"pa_rozmir-917","16":"pa_rozmir-918","17":"pa_rozmir-919","18":"pa_rozmir-920","19":"pa_rozmir-921","20":"pa_rozmir-922","22":"first","23":"instock","24":"purchasable","25":"product-type-variable"},"_links":{"self":[{"href":"https:\/\/nextsnkr.com\/lv\/wp-json\/wp\/v2\/product\/633046","targetHints":{"allow":["GET"]}}],"collection":[{"href":"https:\/\/nextsnkr.com\/lv\/wp-json\/wp\/v2\/product"}],"about":[{"href":"https:\/\/nextsnkr.com\/lv\/wp-json\/wp\/v2\/types\/product"}],"replies":[{"embeddable":true,"href":"https:\/\/nextsnkr.com\/lv\/wp-json\/wp\/v2\/comments?post=633046"}],"version-history":[{"count":0,"href":"https:\/\/nextsnkr.com\/lv\/wp-json\/wp\/v2\/product\/633046\/revisions"}],"wp:featuredmedia":[{"embeddable":true,"href":"https:\/\/nextsnkr.com\/lv\/wp-json\/wp\/v2\/media\/633049"}],"wp:attachment":[{"href":"https:\/\/nextsnkr.com\/lv\/wp-json\/wp\/v2\/media?parent=633046"}],"wp:term":[{"taxonomy":"product_brand","embeddable":true,"href":"https:\/\/nextsnkr.com\/lv\/wp-json\/wp\/v2\/product_brand?post=633046"},{"taxonomy":"product_cat","embeddable":true,"href":"https:\/\/nextsnkr.com\/lv\/wp-json\/wp\/v2\/product_cat?post=633046"},{"taxonomy":"product_tag","embeddable":true,"href":"https:\/\/nextsnkr.com\/lv\/wp-json\/wp\/v2\/product_tag?post=633046"}],"curies":[{"name":"wp","href":"https:\/\/api.w.org\/{rel}","templated":true}]}}