{"id":631625,"date":"2025-06-14T20:07:17","date_gmt":"2025-06-14T17:07:17","guid":{"rendered":"https:\/\/nextsnkr.com\/product\/bottega-veneta-black-clear-sole\/"},"modified":"2026-02-02T13:27:15","modified_gmt":"2026-02-02T10:27:15","slug":"bottega-veneta-black-clear-sole","status":"publish","type":"product","link":"https:\/\/nextsnkr.com\/lv\/product\/bottega-veneta-black-clear-sole\/","title":{"rendered":"Z\u0101baki Bottega Veneta Black Clear Sole-\u0101das ziemas ar vilnas oderi"},"content":{"rendered":"<h2>Z\u0101baki Bottega Veneta Black Clear Sole-\u0101das ziemas ar vilnas oderi<\/h2>\n<p>&nbsp;<\/p>\n<p>Elegantie Bottega Veneta Black Clear Sole z\u0101baki apvieno stil\u012bgu dizainu un maksim\u0101lu komfortu. \u012astas \u0101das aug\u0161da\u013ca nodro\u0161ina iztur\u012bbu un iztur\u012bbu, savuk\u0101rt m\u012bksta vilnas odere nodro\u0161ina siltumu pat aukst\u0101 laik\u0101. Caursp\u012bd\u012bg\u0101 zole pie\u0161\u0137ir m\u016bsdien\u012bgu akcentu un gaitu. Ide\u0101la izv\u0113le ikdienas valk\u0101\u0161anai pils\u0113t\u0101 un tiem, kas nov\u0113rt\u0113 Bottega Veneta kvalit\u0101ti, komfortu un grezno stilu.<\/p>\n","protected":false},"excerpt":{"rendered":"<p>Elegantie Bottega Veneta Black Clear Sole z\u0101baki apvieno stil\u012bgu dizainu un maksim\u0101lu komfortu. \u012astas \u0101das aug\u0161da\u013ca nodro\u0161ina iztur\u012bbu un iztur\u012bbu, savuk\u0101rt m\u012bksta vilnas odere nodro\u0161ina siltumu pat aukst\u0101 laik\u0101. Caursp\u012bd\u012bg\u0101 zole pie\u0161\u0137ir m\u016bsdien\u012bgu akcentu un gaitu. Ide\u0101la izv\u0113le ikdienas valk\u0101\u0161anai pils\u0113t\u0101 un tiem, kas nov\u0113rt\u0113 Bottega Veneta kvalit\u0101ti, komfortu un grezno stilu.<\/p>\n","protected":false},"featured_media":631628,"comment_status":"open","ping_status":"open","template":"","meta":[],"product_brand":[],"product_cat":[3251,3335],"product_tag":[],"class_list":{"0":"post-631625","1":"product","2":"type-product","3":"status-publish","4":"has-post-thumbnail","6":"product_cat-all-product","7":"product_cat-cherevyky","8":"pa_rozmir-910","9":"pa_rozmir-912","10":"pa_rozmir-914","11":"pa_rozmir-915","12":"pa_rozmir-916","13":"pa_rozmir-917","14":"pa_rozmir-918","15":"pa_rozmir-919","16":"pa_rozmir-920","17":"pa_rozmir-921","18":"pa_rozmir-922","20":"first","21":"instock","22":"purchasable","23":"product-type-variable"},"_links":{"self":[{"href":"https:\/\/nextsnkr.com\/lv\/wp-json\/wp\/v2\/product\/631625","targetHints":{"allow":["GET"]}}],"collection":[{"href":"https:\/\/nextsnkr.com\/lv\/wp-json\/wp\/v2\/product"}],"about":[{"href":"https:\/\/nextsnkr.com\/lv\/wp-json\/wp\/v2\/types\/product"}],"replies":[{"embeddable":true,"href":"https:\/\/nextsnkr.com\/lv\/wp-json\/wp\/v2\/comments?post=631625"}],"version-history":[{"count":0,"href":"https:\/\/nextsnkr.com\/lv\/wp-json\/wp\/v2\/product\/631625\/revisions"}],"wp:featuredmedia":[{"embeddable":true,"href":"https:\/\/nextsnkr.com\/lv\/wp-json\/wp\/v2\/media\/631628"}],"wp:attachment":[{"href":"https:\/\/nextsnkr.com\/lv\/wp-json\/wp\/v2\/media?parent=631625"}],"wp:term":[{"taxonomy":"product_brand","embeddable":true,"href":"https:\/\/nextsnkr.com\/lv\/wp-json\/wp\/v2\/product_brand?post=631625"},{"taxonomy":"product_cat","embeddable":true,"href":"https:\/\/nextsnkr.com\/lv\/wp-json\/wp\/v2\/product_cat?post=631625"},{"taxonomy":"product_tag","embeddable":true,"href":"https:\/\/nextsnkr.com\/lv\/wp-json\/wp\/v2\/product_tag?post=631625"}],"curies":[{"name":"wp","href":"https:\/\/api.w.org\/{rel}","templated":true}]}}